{"id":11049,"date":"2020-07-16T08:43:43","date_gmt":"2020-07-16T07:43:43","guid":{"rendered":"http:\/\/www.fundaciontecnova.com\/?page_id=11049"},"modified":"2020-07-16T08:43:44","modified_gmt":"2020-07-16T07:43:44","slug":"profil-de-lentrepreneur","status":"publish","type":"page","link":"https:\/\/www.fundaciontecnova.com\/fr\/profil-de-lentrepreneur\/","title":{"rendered":"Profil de l&rsquo;entrepreneur"},"content":{"rendered":"<div class=\"wpb-content-wrapper\"><p>[vc_row css_animation=\u00a0\u00bb\u00a0\u00bb row_type=\u00a0\u00bbrow\u00a0\u00bb use_row_as_full_screen_section=\u00a0\u00bbno\u00a0\u00bb type=\u00a0\u00bbfull_width\u00a0\u00bb angled_section=\u00a0\u00bbno\u00a0\u00bb text_align=\u00a0\u00bbleft\u00a0\u00bb background_image_as_pattern=\u00a0\u00bbwithout_pattern\u00a0\u00bb][vc_column][vc_column_text]<\/p>\n<h3>Instrucci\u00f3n de Contrataci\u00f3n<\/h3>\n<p>&nbsp;<\/p>\n<ul class=\"criterios\">\n<li><a href=\"\/wp-content\/uploads\/2020\/05\/Instrucciones-de-contrataci\u00f3n-TECNOVA-seg\u00fan-RDL-2011.pdf\" target=\"_blank\" rel=\"noopener noreferrer\">Instrucciones de contrataci\u00f3n TECNOVA seg\u00fan RDL 2011<\/a> (PDF)<\/li>\n<li><a href=\"\/wp-content\/uploads\/2020\/05\/Instrucciones-de-contrataci\u00f3n-TECNOVA-Correciones-Ley-92017.pdf\" target=\"_blank\" rel=\"noopener noreferrer\">Instrucciones de contrataci\u00f3n TECNOVA (Correcciones Ley 92017)<\/a> (PDF)<\/li>\n<\/ul>\n<p>[\/vc_column_text][vc_empty_space height=\u00a0\u00bb30px\u00a0\u00bb][\/vc_column][\/vc_row][vc_row css_animation=\u00a0\u00bb\u00a0\u00bb row_type=\u00a0\u00bbrow\u00a0\u00bb use_row_as_full_screen_section=\u00a0\u00bbno\u00a0\u00bb type=\u00a0\u00bbfull_width\u00a0\u00bb angled_section=\u00a0\u00bbno\u00a0\u00bb text_align=\u00a0\u00bbleft\u00a0\u00bb background_image_as_pattern=\u00a0\u00bbwithout_pattern\u00a0\u00bb][vc_column][vc_column_text]<\/p>\n<h3>Contratos menores<\/h3>\n<p>02\/01\/2019 Acta de Contratos menores cuarto trimestre 2018: <a href=\"https:\/\/www.fundaciontecnova.com\/wp-content\/uploads\/2020\/05\/Contratos-menores-4T2018-1.pdf\">Contratos menores 4T2018<\/a><\/p>\n<p>01\/04\/2019 Acta de Contratos menores primer trimestre 2019: <a href=\"https:\/\/www.fundaciontecnova.com\/wp-content\/uploads\/2020\/05\/Contratos-menores-1T2019.pdf\">Contratos menores 1T2019<\/a><\/p>\n<p>01\/07\/2019 Acta de Contratos menores segundo trimestre 2019: <a href=\"https:\/\/www.fundaciontecnova.com\/wp-content\/uploads\/2020\/05\/Contratos-menores-2T2019-1.pdf\">Contratos menores 2T2019<\/a><\/p>\n<p>01\/10\/2019 Acta de Contratos menores tercer trimestre 2019: <a href=\"https:\/\/www.fundaciontecnova.com\/wp-content\/uploads\/2020\/05\/Contratos-menores-3T2019-1.pdf\">Contratos menores 3T2019<\/a><\/p>\n<p>03\/01\/2020 Acta de Contratos menores cuarto trimestre 2019: <a href=\"https:\/\/www.fundaciontecnova.com\/wp-content\/uploads\/2020\/05\/Contratos-menores-4T2019-1.pdf\">Contratos menores 4T2019<\/a><\/p>\n<p>01\/04\/2020 Acta de Contratos menores primer trimestre 2020: <a href=\"https:\/\/www.fundaciontecnova.com\/wp-content\/uploads\/2020\/05\/Contratos-menores-1T2020-1.pdf\">Contratos menores 1T2020<\/a>[\/vc_column_text][vc_empty_space][\/vc_column][\/vc_row][vc_row css_animation=\u00a0\u00bb\u00a0\u00bb row_type=\u00a0\u00bbrow\u00a0\u00bb use_row_as_full_screen_section=\u00a0\u00bbno\u00a0\u00bb type=\u00a0\u00bbfull_width\u00a0\u00bb angled_section=\u00a0\u00bbno\u00a0\u00bb text_align=\u00a0\u00bbleft\u00a0\u00bb background_image_as_pattern=\u00a0\u00bbwithout_pattern\u00a0\u00bb][vc_column][vc_column_text]<\/p>\n<h3>Expedientes cerrados<\/h3>\n<p>&nbsp;<\/p>\n<p>Expediente 2\/2019<\/p>\n<div class=\"show_more\"><p class=\"wpsm-show\" style=\"color: #2d3964; font-size: 100%; text-align: right;\"> Ver m\u00e1s<\/p><div class=\"wpsm-content\">\n<p>C\u00f3digo:\u00a0 EXP 02\/2019<\/p>\n<p>Entidad contratante: Fundaci\u00f3n TECNOVA<\/p>\n<p>Objeto:\u00a0 LICITACI\u00d3N DEL CONTRATO DE SUMINISTRO Y CONSTRUCCI\u00d3N<\/p>\n<p>DE UN INVERNADERO OJIVAL\/ G\u00d3TICO DE 2.784,00 M2<\/p>\n<p>EN LAS INSTALACIONES EN CENTRO EXPERIMENTAL TECNOVA<\/p>\n<p>Tipo de procedimiento: Procedimiento abierto simplificado<\/p>\n<p>Presupuesto Base (Sin IVA): 170.000\u20ac<\/p>\n<p>Estado: Adjudicado<\/p>\n<p>Fecha de publicaci\u00f3n: 14\/08\/2019<\/p>\n<p>Fecha l\u00edmite para ofertas: 09\/09\/2019<\/p>\n<p>&nbsp;<\/p>\n<p><a href=\"https:\/\/www.fundaciontecnova.com\/wp-content\/uploads\/2020\/05\/Exp_02_2019_Pliego-condiciones-administrativas_firmado.pdf\">Exp_02_2019_Pliego condiciones administrativas_firmado<\/a><\/p>\n<p><a href=\"https:\/\/www.fundaciontecnova.com\/wp-content\/uploads\/2020\/05\/Exp_02_2019_Pliego-condiciones-tecnicas-Invernadero_firmado.pdf\">Exp_02_2019_Pliego condiciones tecnicas Invernadero_firmado<\/a><\/p>\n<p><a href=\"https:\/\/www.fundaciontecnova.com\/wp-content\/uploads\/2020\/05\/01.-Acta-de-constitucion-de-la-mesa-de-contratacion.pdf\">01. Acta de constitucion de la mesa de contratacion<\/a><\/p>\n<p><a href=\"https:\/\/www.fundaciontecnova.com\/wp-content\/uploads\/2020\/05\/02.-Acta-de-apertura-de-procedimiento-de-adjudicacio\u0301n-.pdf\">02. Acta de apertura de procedimiento de adjudicacio\u0301n<\/a><\/p>\n<p><a href=\"https:\/\/www.fundaciontecnova.com\/wp-content\/uploads\/2020\/05\/03.-Acta-de-apertura-de-ofertas-te\u0301nicas.pdf\">03. Acta de apertura de ofertas te\u0301nicas<\/a><\/p>\n<p><a href=\"https:\/\/www.fundaciontecnova.com\/wp-content\/uploads\/2020\/05\/04.-Acta-de-apertura-de-oferta-econ\u00f3mica-y-valoracion-global..pdf\">04. Acta de apertura de oferta econ\u00f3mica y valoracion global.<\/a><\/p>\n<p><a href=\"https:\/\/www.fundaciontecnova.com\/wp-content\/uploads\/2020\/05\/05.-Acta-de-propuesta-de-adjudicacio\u0301n.pdf\">05. Acta de propuesta de adjudicacio\u0301n<\/a><\/p>\n<p><a href=\"https:\/\/www.fundaciontecnova.com\/wp-content\/uploads\/2020\/05\/06.-Acta-de-adjudicacio\u0301n.pdf\">06. Acta de adjudicacio\u0301n<\/a><\/p>\n<p> <p class=\"wpsm-hide\" style=\"color: #2d3964; font-size: 100%; text-align: right;\"> Ver menos<\/p><\/div><\/div>[\/vc_column_text][vc_column_text]Expediente 04\/2020<\/p>\n<div class=\"show_more\"><p class=\"wpsm-show\" style=\"color: #2d3964; font-size: 100%; text-align: right;\"> Ver m\u00e1s<\/p><div class=\"wpsm-content\">\n<p>C\u00f3digo:\u00a0 04\/2020<\/p>\n<p>Entidad contratante: Fundaci\u00f3n TECNOVA<\/p>\n<p>Objeto: Equipos de medici\u00f3n y control<\/p>\n<p>Tipo de procedimiento: Procedimiento abierto simplificado<\/p>\n<p>Presupuesto Base (Sin IVA): 98.600 \u20ac<\/p>\n<p>Estado: En evaluaci\u00f3n<\/p>\n<p>Fecha de publicaci\u00f3n: 19\/05\/2020<\/p>\n<p>Fecha l\u00edmite para ofertas: 09\/06\/2020<\/p>\n<p>&nbsp;<\/p>\n<p><a href=\"https:\/\/www.fundaciontecnova.com\/wp-content\/uploads\/2020\/05\/1.-Pliego-condiciones-adtvas-EXP-04.20.pdf\">1. Pliego condiciones adtvas EXP 04.20<\/a><\/p>\n<p><a href=\"https:\/\/www.fundaciontecnova.com\/wp-content\/uploads\/2020\/05\/2.-Pliego-condiciones-te\u0301nicas-EXP-04.20.pdf\">2. Pliego condiciones te\u0301nicas EXP 04.20<\/a><\/p>\n<p><a href=\"https:\/\/www.fundaciontecnova.com\/wp-content\/uploads\/2020\/06\/3.-Correcci\u00f3n-de-errores-EXP.-04.20.pdf\">3. Correcci\u00f3n de errores EXP. 04.20<\/a><\/p>\n<p>&nbsp;<\/p>\n<p><a href=\"https:\/\/www.fundaciontecnova.com\/wp-content\/uploads\/2020\/07\/1.-Acta-constituci\u00f3n-mesa-contrataci\u00f3n.pdf\">1. Acta constituci\u00f3n mesa contrataci\u00f3n<\/a><\/p>\n<p><a href=\"https:\/\/www.fundaciontecnova.com\/wp-content\/uploads\/2020\/07\/2.-Acta-apertura-y-evaluaci\u00f3n-t\u00e9cnica.pdf\">2. Acta apertura y evaluaci\u00f3n t\u00e9cnica<\/a><\/p>\n<p><a href=\"https:\/\/www.fundaciontecnova.com\/wp-content\/uploads\/2020\/07\/3.-Acta-evaluaci\u00f3n-t\u00e9cnica.pdf\">3. Acta evaluaci\u00f3n t\u00e9cnica<\/a><\/p>\n<p><a href=\"https:\/\/www.fundaciontecnova.com\/wp-content\/uploads\/2020\/07\/4.-Acta-oferta-economica-valoracion-global-y-propuesta.pdf\">4. Acta oferta economica, valoracion global y propuesta<\/a><\/p>\n<p><a href=\"https:\/\/www.fundaciontecnova.com\/wp-content\/uploads\/2020\/07\/5.-Acta-adjudicaci\u00f3n.pdf\">5. Acta adjudicaci\u00f3n<\/a> <p class=\"wpsm-hide\" style=\"color: #2d3964; font-size: 100%; text-align: right;\"> Ver menos<\/p><\/div><\/div>[\/vc_column_text][vc_column_text]Expediente 05\/2020<\/p>\n<div class=\"show_more\"><p class=\"wpsm-show\" style=\"color: #2d3964; font-size: 100%; text-align: right;\"> Ver m\u00e1s<\/p><div class=\"wpsm-content\">\n<p>C\u00f3digo:\u00a0 05\/2020<\/p>\n<p>Entidad contratante: Fundaci\u00f3n TECNOVA<\/p>\n<p>Objeto: Equipos de HPLC y sensores<\/p>\n<p>Tipo de procedimiento: Procedimiento abierto simplificado<\/p>\n<p>Presupuesto Base (Sin IVA): 88.800 \u20ac<\/p>\n<p>Estado: Abierto<\/p>\n<p>Fecha de publicaci\u00f3n: 11\/06\/2020<\/p>\n<p>Fecha l\u00edmite para ofertas: 02\/07\/2020<\/p>\n<p>&nbsp;<\/p>\n<p><a href=\"https:\/\/www.fundaciontecnova.com\/wp-content\/uploads\/2020\/06\/1.-Pliego-condiciones-adtvas-EXP-05.20-1.pdf\">1. Pliego condiciones adtvas EXP 05.20<\/a><\/p>\n<p><a href=\"https:\/\/www.fundaciontecnova.com\/wp-content\/uploads\/2020\/06\/2.-Pliego-condiciones-t\u00e9nicas-EXP-05.20-1.pdf\">2. Pliego condiciones t\u00e9nicas EXP 05.20<\/a><\/p>\n<p><a href=\"https:\/\/www.fundaciontecnova.com\/wp-content\/uploads\/2020\/06\/3.-CORRECI\u00d3N-ERRORES-EXP.-05.20.pdf\">3. CORRECI\u00d3N ERRORES EXP. 05.20<\/a><\/p>\n<p>&nbsp;<\/p>\n<p><a href=\"https:\/\/www.fundaciontecnova.com\/wp-content\/uploads\/2020\/07\/1.-Acta-de-constitucion-mesa-contratacion.pdf\">1. Acta de constitucion mesa contratacion<\/a><\/p>\n<p><a href=\"https:\/\/www.fundaciontecnova.com\/wp-content\/uploads\/2020\/07\/2.-Acta-de-apertura-y-evaluaci\u00f3n-t\u00e9cnica.pdf\">2. Acta de apertura y evaluaci\u00f3n t\u00e9cnica<\/a><\/p>\n<p><a href=\"https:\/\/www.fundaciontecnova.com\/wp-content\/uploads\/2020\/07\/3.-Acta-evaluaci\u00f3n-economica-global-y-propuesta-adjudicaci\u00f3n.pdf\">3. Acta evaluaci\u00f3n economica, global y propuesta adjudicaci\u00f3n<\/a><\/p>\n<p><a href=\"https:\/\/www.fundaciontecnova.com\/wp-content\/uploads\/2020\/07\/4.-Acta-de-adjudicaci\u00f3n.pdf\">4. Acta de adjudicaci\u00f3n<\/a> <p class=\"wpsm-hide\" style=\"color: #2d3964; font-size: 100%; text-align: right;\"> Ver menos<\/p><\/div><\/div>[\/vc_column_text][\/vc_column][\/vc_row][vc_row css_animation=\u00a0\u00bb\u00a0\u00bb row_type=\u00a0\u00bbrow\u00a0\u00bb use_row_as_full_screen_section=\u00a0\u00bbno\u00a0\u00bb type=\u00a0\u00bbfull_width\u00a0\u00bb angled_section=\u00a0\u00bbno\u00a0\u00bb text_align=\u00a0\u00bbleft\u00a0\u00bb background_image_as_pattern=\u00a0\u00bbwithout_pattern\u00a0\u00bb][vc_column][vc_empty_space][vc_column_text]<\/p>\n<h3>Expedientes abiertos<\/h3>\n<p>[\/vc_column_text][\/vc_column][\/vc_row][vc_row css_animation=\u00a0\u00bb\u00a0\u00bb row_type=\u00a0\u00bbrow\u00a0\u00bb use_row_as_full_screen_section=\u00a0\u00bbno\u00a0\u00bb type=\u00a0\u00bbfull_width\u00a0\u00bb angled_section=\u00a0\u00bbno\u00a0\u00bb text_align=\u00a0\u00bbleft\u00a0\u00bb background_image_as_pattern=\u00a0\u00bbwithout_pattern\u00a0\u00bb][vc_column][vc_empty_space][\/vc_column][\/vc_row]<\/p>\n<\/div>","protected":false},"excerpt":{"rendered":"<p>[vc_row css_animation=\u00a0\u00bb\u00a0\u00bb row_type=\u00a0\u00bbrow\u00a0\u00bb use_row_as_full_screen_section=\u00a0\u00bbno\u00a0\u00bb type=\u00a0\u00bbfull_width\u00a0\u00bb angled_section=\u00a0\u00bbno\u00a0\u00bb text_align=\u00a0\u00bbleft\u00a0\u00bb background_image_as_pattern=\u00a0\u00bbwithout_pattern\u00a0\u00bb][vc_column][vc_column_text] Instrucci\u00f3n de Contrataci\u00f3n &nbsp; Instrucciones de contrataci\u00f3n TECNOVA seg\u00fan RDL 2011 (PDF) Instrucciones de contrataci\u00f3n TECNOVA (Correcciones Ley 92017) (PDF) [\/vc_column_text][vc_empty_space height=\u00a0\u00bb30px\u00a0\u00bb][\/vc_column][\/vc_row][vc_row css_animation=\u00a0\u00bb\u00a0\u00bb row_type=\u00a0\u00bbrow\u00a0\u00bb use_row_as_full_screen_section=\u00a0\u00bbno\u00a0\u00bb type=\u00a0\u00bbfull_width\u00a0\u00bb angled_section=\u00a0\u00bbno\u00a0\u00bb text_align=\u00a0\u00bbleft\u00a0\u00bb background_image_as_pattern=\u00a0\u00bbwithout_pattern\u00a0\u00bb][vc_column][vc_column_text] Contratos menores 02\/01\/2019 Acta de Contratos menores cuarto&#8230;<\/p>\n","protected":false},"author":1,"featured_media":0,"parent":0,"menu_order":0,"comment_status":"closed","ping_status":"closed","template":"","meta":{"content-type":"","footnotes":""},"class_list":["post-11049","page","type-page","status-publish","hentry"],"yoast_head":"<!-- This site is optimized with the Yoast SEO plugin v25.6 - https:\/\/yoast.com\/wordpress\/plugins\/seo\/ -->\n<title>Profil de l&#039;entrepreneur &#187; Centro Tecnol\u00f3gico Tecnova<\/title>\n<meta name=\"robots\" content=\"index, follow, max-snippet:-1, max-image-preview:large, max-video-preview:-1\" \/>\n<link rel=\"canonical\" href=\"https:\/\/www.fundaciontecnova.com\/fr\/profil-de-lentrepreneur\/\" \/>\n<meta property=\"og:locale\" content=\"fr_FR\" \/>\n<meta property=\"og:type\" content=\"article\" \/>\n<meta property=\"og:title\" content=\"Profil de l&#039;entrepreneur &#187; Centro Tecnol\u00f3gico Tecnova\" \/>\n<meta property=\"og:description\" content=\"[vc_row css_animation=\u00a0\u00bb\u00a0\u00bb row_type=\u00a0\u00bbrow\u00a0\u00bb use_row_as_full_screen_section=\u00a0\u00bbno\u00a0\u00bb type=\u00a0\u00bbfull_width\u00a0\u00bb angled_section=\u00a0\u00bbno\u00a0\u00bb text_align=\u00a0\u00bbleft\u00a0\u00bb background_image_as_pattern=\u00a0\u00bbwithout_pattern\u00a0\u00bb][vc_column][vc_column_text] Instrucci\u00f3n de Contrataci\u00f3n &nbsp; Instrucciones de contrataci\u00f3n TECNOVA seg\u00fan RDL 2011 (PDF) Instrucciones de contrataci\u00f3n TECNOVA (Correcciones Ley 92017) (PDF) [\/vc_column_text][vc_empty_space height=\u00a0\u00bb30px\u00a0\u00bb][\/vc_column][\/vc_row][vc_row css_animation=\u00a0\u00bb\u00a0\u00bb row_type=\u00a0\u00bbrow\u00a0\u00bb use_row_as_full_screen_section=\u00a0\u00bbno\u00a0\u00bb type=\u00a0\u00bbfull_width\u00a0\u00bb angled_section=\u00a0\u00bbno\u00a0\u00bb text_align=\u00a0\u00bbleft\u00a0\u00bb background_image_as_pattern=\u00a0\u00bbwithout_pattern\u00a0\u00bb][vc_column][vc_column_text] Contratos menores 02\/01\/2019 Acta de Contratos menores cuarto...\" \/>\n<meta property=\"og:url\" content=\"https:\/\/www.fundaciontecnova.com\/fr\/profil-de-lentrepreneur\/\" \/>\n<meta property=\"og:site_name\" content=\"Centro Tecnol\u00f3gico Tecnova\" \/>\n<meta property=\"article:modified_time\" content=\"2020-07-16T07:43:44+00:00\" \/>\n<meta name=\"twitter:card\" content=\"summary_large_image\" \/>\n<meta name=\"twitter:label1\" content=\"Dur\u00e9e de lecture estim\u00e9e\" \/>\n\t<meta name=\"twitter:data1\" content=\"3 minutes\" \/>\n<script type=\"application\/ld+json\" class=\"yoast-schema-graph\">{\"@context\":\"https:\/\/schema.org\",\"@graph\":[{\"@type\":\"WebPage\",\"@id\":\"https:\/\/www.fundaciontecnova.com\/fr\/profil-de-lentrepreneur\/\",\"url\":\"https:\/\/www.fundaciontecnova.com\/fr\/profil-de-lentrepreneur\/\",\"name\":\"Profil de l'entrepreneur &#187; Centro Tecnol\u00f3gico Tecnova\",\"isPartOf\":{\"@id\":\"https:\/\/www.fundaciontecnova.com\/#website\"},\"datePublished\":\"2020-07-16T07:43:43+00:00\",\"dateModified\":\"2020-07-16T07:43:44+00:00\",\"breadcrumb\":{\"@id\":\"https:\/\/www.fundaciontecnova.com\/fr\/profil-de-lentrepreneur\/#breadcrumb\"},\"inLanguage\":\"fr-FR\",\"potentialAction\":[{\"@type\":\"ReadAction\",\"target\":[\"https:\/\/www.fundaciontecnova.com\/fr\/profil-de-lentrepreneur\/\"]}]},{\"@type\":\"BreadcrumbList\",\"@id\":\"https:\/\/www.fundaciontecnova.com\/fr\/profil-de-lentrepreneur\/#breadcrumb\",\"itemListElement\":[{\"@type\":\"ListItem\",\"position\":1,\"name\":\"Portada\",\"item\":\"https:\/\/www.fundaciontecnova.com\/fr\/\"},{\"@type\":\"ListItem\",\"position\":2,\"name\":\"Profil de l&rsquo;entrepreneur\"}]},{\"@type\":\"WebSite\",\"@id\":\"https:\/\/www.fundaciontecnova.com\/#website\",\"url\":\"https:\/\/www.fundaciontecnova.com\/\",\"name\":\"Centro Tecnol\u00f3gico Tecnova\",\"description\":\"Es el Centro Tecnol\u00f3gico de la Industria Auxiliar, Postcosecha y Envasado hortofrut\u00edcola. Trabaja en I+D+i, formaci\u00f3n, promoci\u00f3n e internacionalizaci\u00f3n\",\"publisher\":{\"@id\":\"https:\/\/www.fundaciontecnova.com\/#organization\"},\"potentialAction\":[{\"@type\":\"SearchAction\",\"target\":{\"@type\":\"EntryPoint\",\"urlTemplate\":\"https:\/\/www.fundaciontecnova.com\/?s={search_term_string}\"},\"query-input\":{\"@type\":\"PropertyValueSpecification\",\"valueRequired\":true,\"valueName\":\"search_term_string\"}}],\"inLanguage\":\"fr-FR\"},{\"@type\":\"Organization\",\"@id\":\"https:\/\/www.fundaciontecnova.com\/#organization\",\"name\":\"Fundaci\u00f3n Tecnova\",\"url\":\"https:\/\/www.fundaciontecnova.com\/\",\"logo\":{\"@type\":\"ImageObject\",\"inLanguage\":\"fr-FR\",\"@id\":\"https:\/\/www.fundaciontecnova.com\/#\/schema\/logo\/image\/\",\"url\":\"https:\/\/www.fundaciontecnova.com\/wp-content\/uploads\/2020\/04\/LOGO.png\",\"contentUrl\":\"https:\/\/www.fundaciontecnova.com\/wp-content\/uploads\/2020\/04\/LOGO.png\",\"width\":591,\"height\":299,\"caption\":\"Fundaci\u00f3n Tecnova\"},\"image\":{\"@id\":\"https:\/\/www.fundaciontecnova.com\/#\/schema\/logo\/image\/\"}}]}<\/script>\n<!-- \/ Yoast SEO plugin. -->","yoast_head_json":{"title":"Profil de l'entrepreneur &#187; Centro Tecnol\u00f3gico Tecnova","robots":{"index":"index","follow":"follow","max-snippet":"max-snippet:-1","max-image-preview":"max-image-preview:large","max-video-preview":"max-video-preview:-1"},"canonical":"https:\/\/www.fundaciontecnova.com\/fr\/profil-de-lentrepreneur\/","og_locale":"fr_FR","og_type":"article","og_title":"Profil de l'entrepreneur &#187; Centro Tecnol\u00f3gico Tecnova","og_description":"[vc_row css_animation=\u00a0\u00bb\u00a0\u00bb row_type=\u00a0\u00bbrow\u00a0\u00bb use_row_as_full_screen_section=\u00a0\u00bbno\u00a0\u00bb type=\u00a0\u00bbfull_width\u00a0\u00bb angled_section=\u00a0\u00bbno\u00a0\u00bb text_align=\u00a0\u00bbleft\u00a0\u00bb background_image_as_pattern=\u00a0\u00bbwithout_pattern\u00a0\u00bb][vc_column][vc_column_text] Instrucci\u00f3n de Contrataci\u00f3n &nbsp; Instrucciones de contrataci\u00f3n TECNOVA seg\u00fan RDL 2011 (PDF) Instrucciones de contrataci\u00f3n TECNOVA (Correcciones Ley 92017) (PDF) [\/vc_column_text][vc_empty_space height=\u00a0\u00bb30px\u00a0\u00bb][\/vc_column][\/vc_row][vc_row css_animation=\u00a0\u00bb\u00a0\u00bb row_type=\u00a0\u00bbrow\u00a0\u00bb use_row_as_full_screen_section=\u00a0\u00bbno\u00a0\u00bb type=\u00a0\u00bbfull_width\u00a0\u00bb angled_section=\u00a0\u00bbno\u00a0\u00bb text_align=\u00a0\u00bbleft\u00a0\u00bb background_image_as_pattern=\u00a0\u00bbwithout_pattern\u00a0\u00bb][vc_column][vc_column_text] Contratos menores 02\/01\/2019 Acta de Contratos menores cuarto...","og_url":"https:\/\/www.fundaciontecnova.com\/fr\/profil-de-lentrepreneur\/","og_site_name":"Centro Tecnol\u00f3gico Tecnova","article_modified_time":"2020-07-16T07:43:44+00:00","twitter_card":"summary_large_image","twitter_misc":{"Dur\u00e9e de lecture estim\u00e9e":"3 minutes"},"schema":{"@context":"https:\/\/schema.org","@graph":[{"@type":"WebPage","@id":"https:\/\/www.fundaciontecnova.com\/fr\/profil-de-lentrepreneur\/","url":"https:\/\/www.fundaciontecnova.com\/fr\/profil-de-lentrepreneur\/","name":"Profil de l'entrepreneur &#187; Centro Tecnol\u00f3gico Tecnova","isPartOf":{"@id":"https:\/\/www.fundaciontecnova.com\/#website"},"datePublished":"2020-07-16T07:43:43+00:00","dateModified":"2020-07-16T07:43:44+00:00","breadcrumb":{"@id":"https:\/\/www.fundaciontecnova.com\/fr\/profil-de-lentrepreneur\/#breadcrumb"},"inLanguage":"fr-FR","potentialAction":[{"@type":"ReadAction","target":["https:\/\/www.fundaciontecnova.com\/fr\/profil-de-lentrepreneur\/"]}]},{"@type":"BreadcrumbList","@id":"https:\/\/www.fundaciontecnova.com\/fr\/profil-de-lentrepreneur\/#breadcrumb","itemListElement":[{"@type":"ListItem","position":1,"name":"Portada","item":"https:\/\/www.fundaciontecnova.com\/fr\/"},{"@type":"ListItem","position":2,"name":"Profil de l&rsquo;entrepreneur"}]},{"@type":"WebSite","@id":"https:\/\/www.fundaciontecnova.com\/#website","url":"https:\/\/www.fundaciontecnova.com\/","name":"Centro Tecnol\u00f3gico Tecnova","description":"Es el Centro Tecnol\u00f3gico de la Industria Auxiliar, Postcosecha y Envasado hortofrut\u00edcola. Trabaja en I+D+i, formaci\u00f3n, promoci\u00f3n e internacionalizaci\u00f3n","publisher":{"@id":"https:\/\/www.fundaciontecnova.com\/#organization"},"potentialAction":[{"@type":"SearchAction","target":{"@type":"EntryPoint","urlTemplate":"https:\/\/www.fundaciontecnova.com\/?s={search_term_string}"},"query-input":{"@type":"PropertyValueSpecification","valueRequired":true,"valueName":"search_term_string"}}],"inLanguage":"fr-FR"},{"@type":"Organization","@id":"https:\/\/www.fundaciontecnova.com\/#organization","name":"Fundaci\u00f3n Tecnova","url":"https:\/\/www.fundaciontecnova.com\/","logo":{"@type":"ImageObject","inLanguage":"fr-FR","@id":"https:\/\/www.fundaciontecnova.com\/#\/schema\/logo\/image\/","url":"https:\/\/www.fundaciontecnova.com\/wp-content\/uploads\/2020\/04\/LOGO.png","contentUrl":"https:\/\/www.fundaciontecnova.com\/wp-content\/uploads\/2020\/04\/LOGO.png","width":591,"height":299,"caption":"Fundaci\u00f3n Tecnova"},"image":{"@id":"https:\/\/www.fundaciontecnova.com\/#\/schema\/logo\/image\/"}}]}},"_links":{"self":[{"href":"https:\/\/www.fundaciontecnova.com\/fr\/wp-json\/wp\/v2\/pages\/11049","targetHints":{"allow":["GET"]}}],"collection":[{"href":"https:\/\/www.fundaciontecnova.com\/fr\/wp-json\/wp\/v2\/pages"}],"about":[{"href":"https:\/\/www.fundaciontecnova.com\/fr\/wp-json\/wp\/v2\/types\/page"}],"author":[{"embeddable":true,"href":"https:\/\/www.fundaciontecnova.com\/fr\/wp-json\/wp\/v2\/users\/1"}],"replies":[{"embeddable":true,"href":"https:\/\/www.fundaciontecnova.com\/fr\/wp-json\/wp\/v2\/comments?post=11049"}],"version-history":[{"count":1,"href":"https:\/\/www.fundaciontecnova.com\/fr\/wp-json\/wp\/v2\/pages\/11049\/revisions"}],"predecessor-version":[{"id":11050,"href":"https:\/\/www.fundaciontecnova.com\/fr\/wp-json\/wp\/v2\/pages\/11049\/revisions\/11050"}],"wp:attachment":[{"href":"https:\/\/www.fundaciontecnova.com\/fr\/wp-json\/wp\/v2\/media?parent=11049"}],"curies":[{"name":"wp","href":"https:\/\/api.w.org\/{rel}","templated":true}]}}