{"id":11045,"date":"2020-07-16T08:38:54","date_gmt":"2020-07-16T07:38:54","guid":{"rendered":"http:\/\/www.fundaciontecnova.com\/?page_id=11045"},"modified":"2020-09-14T11:38:34","modified_gmt":"2020-09-14T10:38:34","slug":"politique-de-qualite-environnement-et-rdi","status":"publish","type":"page","link":"https:\/\/www.fundaciontecnova.com\/fr\/politique-de-qualite-environnement-et-rdi\/","title":{"rendered":"Politique de qualit\u00e9, environnement et RDI"},"content":{"rendered":"<div class=\"wpb-content-wrapper\"><p>[vc_row css_animation=\u00a0\u00bb\u00a0\u00bb row_type=\u00a0\u00bbrow\u00a0\u00bb use_row_as_full_screen_section=\u00a0\u00bbno\u00a0\u00bb type=\u00a0\u00bbfull_width\u00a0\u00bb angled_section=\u00a0\u00bbno\u00a0\u00bb text_align=\u00a0\u00bbleft\u00a0\u00bb background_image_as_pattern=\u00a0\u00bbwithout_pattern\u00a0\u00bb][vc_column][vc_column_text]Le but de la FONDATION TECNOVA est de fournir un bon service dans le domaine de \u00abFormation, Promotion et R + D + i pour l&rsquo;Industrie Auxiliaire de l&rsquo;Agriculture et de la Post-R\u00e9colte. Tests pour le film plastique. D\u00e9termination multi-\u00e9l\u00e9mentaire. \u00c9tudes de vie utiles\u00bb.<\/p>\n<p>&nbsp;<\/p>\n<p>&nbsp;<\/p>\n<p><strong>ENGAGEMENTS<\/strong><\/p>\n<p>\u2022 Seule la qualit\u00e9 de nos services nous permettra de fid\u00e9liser nos employeurs \/ clients; l&rsquo;efficacit\u00e9 et l&rsquo;am\u00e9lioration continue nous permettront d&rsquo;attirer de nouveaux employeurs \/ clients.<\/p>\n<p>\u2022 C&rsquo;est un engagement de TOUS \u00e0 apporter des solutions d&rsquo;affaires, \u00e0 travers une \u00e9quipe soud\u00e9e qui garantit un service de qualit\u00e9 \u00e0 l&#8217;employeur \/ client, ainsi que les bonnes pratiques professionnelles et la qualit\u00e9 des tests.<\/p>\n<p>Les tests sont effectu\u00e9s en garantissant l&rsquo;impartialit\u00e9. Prendre des mesures pour s&rsquo;assurer que la direction et le personnel sont \u00e0 l&rsquo;abri de toute pression ou influence indue, interne ou externe, commerciale, financi\u00e8re ou autre, qui pourrait nuire \u00e0 la qualit\u00e9 de leur travail et assurer la confidentialit\u00e9 des informations et des r\u00e9sultats .<\/p>\n<p>\u2022 C&rsquo;est un engagement de TOUS \u00e0 r\u00e9pondre aux exigences de l&#8217;employeur \/ client et de toutes les parties int\u00e9ress\u00e9es, ainsi qu&rsquo;aux exigences l\u00e9gales et r\u00e9glementaires, ainsi qu&rsquo;aux exigences des normes ISO 9001, ISO 14001, UNE 166002 et ISO 17025.<\/p>\n<p>\u2022 TOUT LE MONDE s&rsquo;engage \u00e0 \u00eatre continuellement inform\u00e9 des innovations et des changements technologiques requis sur le march\u00e9, ainsi qu&rsquo;\u00e0 soutenir toutes les activit\u00e9s de R &amp; D &amp; I et la demande du secteur agricole pour am\u00e9liorer la comp\u00e9titivit\u00e9 au profit de nos employeurs \/ clients.<\/p>\n<p>\u2022 L&rsquo;engagement de chacun est de travailler avec un focus sur la gestion des risques pour am\u00e9liorer continuellement l&rsquo;efficacit\u00e9 du syst\u00e8me de management qualit\u00e9, environnemental et R&amp;D + i.<\/p>\n<p>\u2022 Nous nous engageons \u00e0 pr\u00e9venir en permanence la pollution.<\/p>\n<p>&nbsp;<\/p>\n<p>&nbsp;<\/p>\n<p><strong>VISION<\/strong><\/p>\n<p>\u00catre une r\u00e9f\u00e9rence et un fournisseur de connaissances technologiques avec une projection internationale dans les technologies appliqu\u00e9es \u00e0 la production, \u00e0 la commercialisation, \u00e0 la post-r\u00e9colte et au conditionnement des fruits et l\u00e9gumes.<\/p>\n<p>&nbsp;<\/p>\n<p>&nbsp;<\/p>\n<p><strong>STRAT\u00c9GIES<\/strong><\/p>\n<p>1.- FORMATION: La formation des employ\u00e9s sera am\u00e9lior\u00e9e afin qu&rsquo;ils aient le plus haut niveau d&rsquo;excellence dans les t\u00e2ches qu&rsquo;ils accomplissent.<\/p>\n<p>2.- ENGAGEMENT DES TRAVAILLEURS:<\/p>\n<p>\u2022 Il y a une jeune \u00e9quipe avec le m\u00eame d\u00e9sir d&rsquo;\u00eatre solidaire et utile \u00e0 nos employeurs \/ clients. Les travailleurs porteront le maximum d&rsquo;int\u00e9r\u00eat \u00e0 la r\u00e9alisation des t\u00e2ches qui leur sont confi\u00e9es pour atteindre les objectifs de la Fondation. TOUS les travailleurs doivent s&rsquo;engager envers la qualit\u00e9 et conna\u00eetre la documentation de qualit\u00e9 et les proc\u00e9dures applicables.<\/p>\n<p>\u2022 Promotion par TOUS les travailleurs de la cr\u00e9ativit\u00e9 dans l&rsquo;identification et la caract\u00e9risation des id\u00e9es, des objectifs et des sc\u00e9narios technologiques.<\/p>\n<p>\u2022 Les personnes, celles qui sont en contact avec l&#8217;employeur \/ le client, doivent d\u00e9tecter les probl\u00e8mes, les opportunit\u00e9s et les points de vue n\u00e9cessaires \u00e0 une am\u00e9lioration continue.<\/p>\n<p>\u2022 Nous transmettrons la culture qualit\u00e9 et environnementale \u00e0 l&rsquo;ensemble du personnel et des fournisseurs, en leur faisant prendre conscience de l&rsquo;importance de leur r\u00f4le dans la durabilit\u00e9, la protection et le respect de l&rsquo;environnement et en contribuant \u00e0 l&rsquo;image recherch\u00e9e aupr\u00e8s de l&#8217;employeur \/ client et du reste des parties int\u00e9ress\u00e9es .<\/p>\n<p>3.- GARANTIE DE QUALIT\u00c9: En aucun cas, les employeurs \/ clients ne verront la qualit\u00e9 des services offerts dans le doute en raison de la croissance incontr\u00f4l\u00e9e de la Fondation.<\/p>\n<p>\u2022 Les tests seront toujours effectu\u00e9s conform\u00e9ment aux m\u00e9thodes \u00e9tablies et aux exigences du client.<\/p>\n<p>4.- SYST\u00c8ME R &amp; D &amp; I: Le syst\u00e8me de gestion R &amp; D &amp; I sera l&rsquo;outil qui nous permettra d&rsquo;am\u00e9liorer nos services ainsi que d&rsquo;en cr\u00e9er de nouveaux.<\/p>\n<p>\u2022 Une exploitation des r\u00e9sultats de la gestion R + D + i sera r\u00e9alis\u00e9e, ce qui permet, dans la plus grande confidentialit\u00e9, d&rsquo;exploiter au mieux les r\u00e9sultats obtenus.<\/p>\n<p>5.-ENVIRONNEMENT: G\u00e9rer le centre, de mani\u00e8re \u00e0 r\u00e9duire les impacts n\u00e9gatifs sur l&rsquo;environnement et l&rsquo;utilisation des ressources naturelles.<\/p>\n<p>&nbsp;<\/p>\n<p>\u00c0 Almer\u00eda, le 12 septembre 2019<\/p>\n<p>DIRECTRICE G\u00c9N\u00c9RALE[\/vc_column_text][vc_empty_space height=\u00a0\u00bb100px\u00a0\u00bb][\/vc_column][\/vc_row]<\/p>\n<\/div>","protected":false},"excerpt":{"rendered":"<p>[vc_row css_animation=\u00a0\u00bb\u00a0\u00bb row_type=\u00a0\u00bbrow\u00a0\u00bb use_row_as_full_screen_section=\u00a0\u00bbno\u00a0\u00bb type=\u00a0\u00bbfull_width\u00a0\u00bb angled_section=\u00a0\u00bbno\u00a0\u00bb text_align=\u00a0\u00bbleft\u00a0\u00bb background_image_as_pattern=\u00a0\u00bbwithout_pattern\u00a0\u00bb][vc_column][vc_column_text]Le but de la FONDATION TECNOVA est de fournir un bon service dans le domaine de \u00abFormation, Promotion et R + D + i pour l&rsquo;Industrie Auxiliaire de l&rsquo;Agriculture et de la Post-R\u00e9colte. Tests pour le film plastique&#8230;.<\/p>\n","protected":false},"author":1,"featured_media":0,"parent":0,"menu_order":0,"comment_status":"closed","ping_status":"closed","template":"","meta":{"content-type":"","footnotes":""},"class_list":["post-11045","page","type-page","status-publish","hentry"],"yoast_head":"<!-- This site is optimized with the Yoast SEO plugin v25.6 - https:\/\/yoast.com\/wordpress\/plugins\/seo\/ -->\n<title>Politique de qualit\u00e9, environnement et RDI &#187; Centro Tecnol\u00f3gico Tecnova<\/title>\n<meta name=\"robots\" content=\"index, follow, max-snippet:-1, max-image-preview:large, max-video-preview:-1\" \/>\n<link rel=\"canonical\" href=\"https:\/\/www.fundaciontecnova.com\/fr\/politique-de-qualite-environnement-et-rdi\/\" \/>\n<meta property=\"og:locale\" content=\"fr_FR\" \/>\n<meta property=\"og:type\" content=\"article\" \/>\n<meta property=\"og:title\" content=\"Politique de qualit\u00e9, environnement et RDI &#187; Centro Tecnol\u00f3gico Tecnova\" \/>\n<meta property=\"og:description\" content=\"[vc_row css_animation=\u00a0\u00bb\u00a0\u00bb row_type=\u00a0\u00bbrow\u00a0\u00bb use_row_as_full_screen_section=\u00a0\u00bbno\u00a0\u00bb type=\u00a0\u00bbfull_width\u00a0\u00bb angled_section=\u00a0\u00bbno\u00a0\u00bb text_align=\u00a0\u00bbleft\u00a0\u00bb background_image_as_pattern=\u00a0\u00bbwithout_pattern\u00a0\u00bb][vc_column][vc_column_text]Le but de la FONDATION TECNOVA est de fournir un bon service dans le domaine de \u00abFormation, Promotion et R + D + i pour l&rsquo;Industrie Auxiliaire de l&rsquo;Agriculture et de la Post-R\u00e9colte. Tests pour le film plastique....\" \/>\n<meta property=\"og:url\" content=\"https:\/\/www.fundaciontecnova.com\/fr\/politique-de-qualite-environnement-et-rdi\/\" \/>\n<meta property=\"og:site_name\" content=\"Centro Tecnol\u00f3gico Tecnova\" \/>\n<meta property=\"article:modified_time\" content=\"2020-09-14T10:38:34+00:00\" \/>\n<meta name=\"twitter:card\" content=\"summary_large_image\" \/>\n<meta name=\"twitter:label1\" content=\"Dur\u00e9e de lecture estim\u00e9e\" \/>\n\t<meta name=\"twitter:data1\" content=\"4 minutes\" \/>\n<script type=\"application\/ld+json\" class=\"yoast-schema-graph\">{\"@context\":\"https:\/\/schema.org\",\"@graph\":[{\"@type\":\"WebPage\",\"@id\":\"https:\/\/www.fundaciontecnova.com\/fr\/politique-de-qualite-environnement-et-rdi\/\",\"url\":\"https:\/\/www.fundaciontecnova.com\/fr\/politique-de-qualite-environnement-et-rdi\/\",\"name\":\"Politique de qualit\u00e9, environnement et RDI &#187; Centro Tecnol\u00f3gico Tecnova\",\"isPartOf\":{\"@id\":\"https:\/\/www.fundaciontecnova.com\/#website\"},\"datePublished\":\"2020-07-16T07:38:54+00:00\",\"dateModified\":\"2020-09-14T10:38:34+00:00\",\"breadcrumb\":{\"@id\":\"https:\/\/www.fundaciontecnova.com\/fr\/politique-de-qualite-environnement-et-rdi\/#breadcrumb\"},\"inLanguage\":\"fr-FR\",\"potentialAction\":[{\"@type\":\"ReadAction\",\"target\":[\"https:\/\/www.fundaciontecnova.com\/fr\/politique-de-qualite-environnement-et-rdi\/\"]}]},{\"@type\":\"BreadcrumbList\",\"@id\":\"https:\/\/www.fundaciontecnova.com\/fr\/politique-de-qualite-environnement-et-rdi\/#breadcrumb\",\"itemListElement\":[{\"@type\":\"ListItem\",\"position\":1,\"name\":\"Portada\",\"item\":\"https:\/\/www.fundaciontecnova.com\/fr\/\"},{\"@type\":\"ListItem\",\"position\":2,\"name\":\"Politique de qualit\u00e9, environnement et RDI\"}]},{\"@type\":\"WebSite\",\"@id\":\"https:\/\/www.fundaciontecnova.com\/#website\",\"url\":\"https:\/\/www.fundaciontecnova.com\/\",\"name\":\"Centro Tecnol\u00f3gico Tecnova\",\"description\":\"Es el Centro Tecnol\u00f3gico de la Industria Auxiliar, Postcosecha y Envasado hortofrut\u00edcola. Trabaja en I+D+i, formaci\u00f3n, promoci\u00f3n e internacionalizaci\u00f3n\",\"publisher\":{\"@id\":\"https:\/\/www.fundaciontecnova.com\/#organization\"},\"potentialAction\":[{\"@type\":\"SearchAction\",\"target\":{\"@type\":\"EntryPoint\",\"urlTemplate\":\"https:\/\/www.fundaciontecnova.com\/?s={search_term_string}\"},\"query-input\":{\"@type\":\"PropertyValueSpecification\",\"valueRequired\":true,\"valueName\":\"search_term_string\"}}],\"inLanguage\":\"fr-FR\"},{\"@type\":\"Organization\",\"@id\":\"https:\/\/www.fundaciontecnova.com\/#organization\",\"name\":\"Fundaci\u00f3n Tecnova\",\"url\":\"https:\/\/www.fundaciontecnova.com\/\",\"logo\":{\"@type\":\"ImageObject\",\"inLanguage\":\"fr-FR\",\"@id\":\"https:\/\/www.fundaciontecnova.com\/#\/schema\/logo\/image\/\",\"url\":\"https:\/\/www.fundaciontecnova.com\/wp-content\/uploads\/2020\/04\/LOGO.png\",\"contentUrl\":\"https:\/\/www.fundaciontecnova.com\/wp-content\/uploads\/2020\/04\/LOGO.png\",\"width\":591,\"height\":299,\"caption\":\"Fundaci\u00f3n Tecnova\"},\"image\":{\"@id\":\"https:\/\/www.fundaciontecnova.com\/#\/schema\/logo\/image\/\"}}]}<\/script>\n<!-- \/ Yoast SEO plugin. -->","yoast_head_json":{"title":"Politique de qualit\u00e9, environnement et RDI &#187; Centro Tecnol\u00f3gico Tecnova","robots":{"index":"index","follow":"follow","max-snippet":"max-snippet:-1","max-image-preview":"max-image-preview:large","max-video-preview":"max-video-preview:-1"},"canonical":"https:\/\/www.fundaciontecnova.com\/fr\/politique-de-qualite-environnement-et-rdi\/","og_locale":"fr_FR","og_type":"article","og_title":"Politique de qualit\u00e9, environnement et RDI &#187; Centro Tecnol\u00f3gico Tecnova","og_description":"[vc_row css_animation=\u00a0\u00bb\u00a0\u00bb row_type=\u00a0\u00bbrow\u00a0\u00bb use_row_as_full_screen_section=\u00a0\u00bbno\u00a0\u00bb type=\u00a0\u00bbfull_width\u00a0\u00bb angled_section=\u00a0\u00bbno\u00a0\u00bb text_align=\u00a0\u00bbleft\u00a0\u00bb background_image_as_pattern=\u00a0\u00bbwithout_pattern\u00a0\u00bb][vc_column][vc_column_text]Le but de la FONDATION TECNOVA est de fournir un bon service dans le domaine de \u00abFormation, Promotion et R + D + i pour l&rsquo;Industrie Auxiliaire de l&rsquo;Agriculture et de la Post-R\u00e9colte. Tests pour le film plastique....","og_url":"https:\/\/www.fundaciontecnova.com\/fr\/politique-de-qualite-environnement-et-rdi\/","og_site_name":"Centro Tecnol\u00f3gico Tecnova","article_modified_time":"2020-09-14T10:38:34+00:00","twitter_card":"summary_large_image","twitter_misc":{"Dur\u00e9e de lecture estim\u00e9e":"4 minutes"},"schema":{"@context":"https:\/\/schema.org","@graph":[{"@type":"WebPage","@id":"https:\/\/www.fundaciontecnova.com\/fr\/politique-de-qualite-environnement-et-rdi\/","url":"https:\/\/www.fundaciontecnova.com\/fr\/politique-de-qualite-environnement-et-rdi\/","name":"Politique de qualit\u00e9, environnement et RDI &#187; Centro Tecnol\u00f3gico Tecnova","isPartOf":{"@id":"https:\/\/www.fundaciontecnova.com\/#website"},"datePublished":"2020-07-16T07:38:54+00:00","dateModified":"2020-09-14T10:38:34+00:00","breadcrumb":{"@id":"https:\/\/www.fundaciontecnova.com\/fr\/politique-de-qualite-environnement-et-rdi\/#breadcrumb"},"inLanguage":"fr-FR","potentialAction":[{"@type":"ReadAction","target":["https:\/\/www.fundaciontecnova.com\/fr\/politique-de-qualite-environnement-et-rdi\/"]}]},{"@type":"BreadcrumbList","@id":"https:\/\/www.fundaciontecnova.com\/fr\/politique-de-qualite-environnement-et-rdi\/#breadcrumb","itemListElement":[{"@type":"ListItem","position":1,"name":"Portada","item":"https:\/\/www.fundaciontecnova.com\/fr\/"},{"@type":"ListItem","position":2,"name":"Politique de qualit\u00e9, environnement et RDI"}]},{"@type":"WebSite","@id":"https:\/\/www.fundaciontecnova.com\/#website","url":"https:\/\/www.fundaciontecnova.com\/","name":"Centro Tecnol\u00f3gico Tecnova","description":"Es el Centro Tecnol\u00f3gico de la Industria Auxiliar, Postcosecha y Envasado hortofrut\u00edcola. Trabaja en I+D+i, formaci\u00f3n, promoci\u00f3n e internacionalizaci\u00f3n","publisher":{"@id":"https:\/\/www.fundaciontecnova.com\/#organization"},"potentialAction":[{"@type":"SearchAction","target":{"@type":"EntryPoint","urlTemplate":"https:\/\/www.fundaciontecnova.com\/?s={search_term_string}"},"query-input":{"@type":"PropertyValueSpecification","valueRequired":true,"valueName":"search_term_string"}}],"inLanguage":"fr-FR"},{"@type":"Organization","@id":"https:\/\/www.fundaciontecnova.com\/#organization","name":"Fundaci\u00f3n Tecnova","url":"https:\/\/www.fundaciontecnova.com\/","logo":{"@type":"ImageObject","inLanguage":"fr-FR","@id":"https:\/\/www.fundaciontecnova.com\/#\/schema\/logo\/image\/","url":"https:\/\/www.fundaciontecnova.com\/wp-content\/uploads\/2020\/04\/LOGO.png","contentUrl":"https:\/\/www.fundaciontecnova.com\/wp-content\/uploads\/2020\/04\/LOGO.png","width":591,"height":299,"caption":"Fundaci\u00f3n Tecnova"},"image":{"@id":"https:\/\/www.fundaciontecnova.com\/#\/schema\/logo\/image\/"}}]}},"_links":{"self":[{"href":"https:\/\/www.fundaciontecnova.com\/fr\/wp-json\/wp\/v2\/pages\/11045","targetHints":{"allow":["GET"]}}],"collection":[{"href":"https:\/\/www.fundaciontecnova.com\/fr\/wp-json\/wp\/v2\/pages"}],"about":[{"href":"https:\/\/www.fundaciontecnova.com\/fr\/wp-json\/wp\/v2\/types\/page"}],"author":[{"embeddable":true,"href":"https:\/\/www.fundaciontecnova.com\/fr\/wp-json\/wp\/v2\/users\/1"}],"replies":[{"embeddable":true,"href":"https:\/\/www.fundaciontecnova.com\/fr\/wp-json\/wp\/v2\/comments?post=11045"}],"version-history":[{"count":3,"href":"https:\/\/www.fundaciontecnova.com\/fr\/wp-json\/wp\/v2\/pages\/11045\/revisions"}],"predecessor-version":[{"id":11257,"href":"https:\/\/www.fundaciontecnova.com\/fr\/wp-json\/wp\/v2\/pages\/11045\/revisions\/11257"}],"wp:attachment":[{"href":"https:\/\/www.fundaciontecnova.com\/fr\/wp-json\/wp\/v2\/media?parent=11045"}],"curies":[{"name":"wp","href":"https:\/\/api.w.org\/{rel}","templated":true}]}}