{"id":11022,"date":"2020-07-16T05:57:39","date_gmt":"2020-07-16T04:57:39","guid":{"rendered":"http:\/\/www.fundaciontecnova.com\/?page_id=11022"},"modified":"2020-07-16T05:57:39","modified_gmt":"2020-07-16T04:57:39","slug":"rso","status":"publish","type":"page","link":"https:\/\/www.fundaciontecnova.com\/fr\/rso\/","title":{"rendered":"RSO"},"content":{"rendered":"<div class=\"wpb-content-wrapper\"><p>[vc_row css_animation=\u00a0\u00bb\u00a0\u00bb row_type=\u00a0\u00bbrow\u00a0\u00bb use_row_as_full_screen_section=\u00a0\u00bbno\u00a0\u00bb type=\u00a0\u00bbgrid\u00a0\u00bb angled_section=\u00a0\u00bbno\u00a0\u00bb text_align=\u00a0\u00bbleft\u00a0\u00bb background_image_as_pattern=\u00a0\u00bbwithout_pattern\u00a0\u00bb z_index=\u00a0\u00bb\u00a0\u00bb el_class=\u00a0\u00bbreverse\u00a0\u00bb][vc_column width=\u00a0\u00bb1\/2&Prime;][vc_column_text]<\/p>\n<h2>Tecnova engag\u00e9e avec la soci\u00e9t\u00e9 et l\u2019environnement<\/h2>\n<p>La Fondation Tecnova se sent engag\u00e9e avec la soci\u00e9t\u00e9 et l\u2019environnement. Pour cela elle r\u00e9alise un ensemble d\u2019actions et d\u2019engagements dans le but de contribuer \u00e0 des principes \u00e9thiques et de g\u00e9n\u00e9rer des b\u00e9n\u00e9fices pour l\u2019ensemble de la soci\u00e9t\u00e9. [\/vc_column_text][vc_empty_space height=\u00a0\u00bb50px\u00a0\u00bb el_class=\u00a0\u00bbblk_spc little\u00a0\u00bb][\/vc_column][vc_column width=\u00a0\u00bb1\/2&Prime;][vc_single_image image=\u00a0\u00bb9362&Prime; img_size=\u00a0\u00bblarge\u00a0\u00bb alignment=\u00a0\u00bbcenter\u00a0\u00bb qode_css_animation=\u00a0\u00bbelement_from_right\u00a0\u00bb][vc_empty_space height=\u00a0\u00bb50px\u00a0\u00bb][\/vc_column][\/vc_row][vc_row css_animation=\u00a0\u00bb\u00a0\u00bb row_type=\u00a0\u00bbrow\u00a0\u00bb use_row_as_full_screen_section=\u00a0\u00bbno\u00a0\u00bb type=\u00a0\u00bbfull_width\u00a0\u00bb angled_section=\u00a0\u00bbno\u00a0\u00bb text_align=\u00a0\u00bbleft\u00a0\u00bb background_image_as_pattern=\u00a0\u00bbwithout_pattern\u00a0\u00bb][vc_column][vc_empty_space height=\u00a0\u00bb40px\u00a0\u00bb el_class=\u00a0\u00bbblk_spc\u00a0\u00bb][\/vc_column][\/vc_row][vc_row css_animation=\u00a0\u00bb\u00a0\u00bb row_type=\u00a0\u00bbrow\u00a0\u00bb use_row_as_full_screen_section=\u00a0\u00bbno\u00a0\u00bb type=\u00a0\u00bbfull_width\u00a0\u00bb angled_section=\u00a0\u00bbno\u00a0\u00bb text_align=\u00a0\u00bbleft\u00a0\u00bb background_image_as_pattern=\u00a0\u00bbwithout_pattern\u00a0\u00bb][vc_column]<span class=\"separator_with_icon\" style='color:#2d3964;'><i class=\"fa fa-leaf\"><\/i><\/span>[\/vc_column][\/vc_row][vc_row css_animation=\u00a0\u00bb\u00a0\u00bb row_type=\u00a0\u00bbrow\u00a0\u00bb use_row_as_full_screen_section=\u00a0\u00bbno\u00a0\u00bb type=\u00a0\u00bbfull_width\u00a0\u00bb angled_section=\u00a0\u00bbno\u00a0\u00bb text_align=\u00a0\u00bbleft\u00a0\u00bb background_image_as_pattern=\u00a0\u00bbwithout_pattern\u00a0\u00bb][vc_column][vc_empty_space height=\u00a0\u00bb90px\u00a0\u00bb el_class=\u00a0\u00bbblk_spc\u00a0\u00bb][\/vc_column][\/vc_row][vc_row css_animation=\u00a0\u00bb\u00a0\u00bb row_type=\u00a0\u00bbrow\u00a0\u00bb use_row_as_full_screen_section=\u00a0\u00bbno\u00a0\u00bb type=\u00a0\u00bbgrid\u00a0\u00bb angled_section=\u00a0\u00bbno\u00a0\u00bb text_align=\u00a0\u00bbleft\u00a0\u00bb background_image_as_pattern=\u00a0\u00bbwithout_pattern\u00a0\u00bb z_index=\u00a0\u00bb\u00a0\u00bb][vc_column width=\u00a0\u00bb1\/2&Prime;][vc_single_image image=\u00a0\u00bb9363&Prime; img_size=\u00a0\u00bblarge\u00a0\u00bb alignment=\u00a0\u00bbcenter\u00a0\u00bb qode_css_animation=\u00a0\u00bbelement_from_left\u00a0\u00bb][vc_empty_space height=\u00a0\u00bb50px\u00a0\u00bb][\/vc_column][vc_column width=\u00a0\u00bb1\/2&Prime;][vc_column_text]<\/p>\n<h2>Cibles et objectifs<\/h2>\n<p>Avec le Plan strat\u00e9gique de responsabilit\u00e9 sociale organisationnelle, Tecnova poursuit la r\u00e9alisation des objectifs suivants:[\/vc_column_text][vc_empty_space height=\u00a0\u00bb50px\u00a0\u00bb][vc_accordion active_tab=\u00a0\u00bbfalse\u00a0\u00bb collapsible=\u00a0\u00bbyes\u00a0\u00bb style=\u00a0\u00bbaccordion\u00a0\u00bb][vc_accordion_tab title=\u00a0\u00bbGarantir la satisfaction et le bien-etre de la societe\u00a0\u00bb title_tag=\u00a0\u00bbh6&Prime;][vc_column_text]L\u2019un des objectifs principaux de Tecnova a \u00e9t\u00e9 et continue \u00e0 y \u00eatre celui de s\u2019engager avec la soci\u00e9t\u00e9, avec sa s\u00e9curit\u00e9 alimentaire et promouvoir la collaboration.<\/p>\n<p>&nbsp;<\/p>\n<p>Actions:<\/p>\n<p>&nbsp;<\/p>\n<ul class=\"indent\">\n<li>\u00c9valuer le niveau de sant\u00e9 de la soci\u00e9t\u00e9.<\/li>\n<li>Encourager l\u2019alimentation saine, particuli\u00e8rement pour les enfants et les personnes \u00e2g\u00e9es.<\/li>\n<li>Exprimer de mani\u00e8re claire et transparente l\u2019information relative aux probl\u00e8mes li\u00e9s \u00e0 une mauvaise alimentation et aux b\u00e9n\u00e9fices d\u2019une alimentation saine.<\/li>\n<li>Collaborer au d\u00e9veloppement durable des pays sous-d\u00e9velopp\u00e9s, en les formant pour la construction et cr\u00e9ation de mod\u00e8les agricoles.<\/li>\n<li>Maintenir \u00abl\u2019engagement du client\u00bb.<\/li>\n<li>Promouvoir et augmenter la collaboration dans des campagnes pour organisations \u00e0 but non-lucratif avec des brochures, flyers et\/ou messages sur les diff\u00e9rents canaux d&rsquo;information.<\/li>\n<\/ul>\n<p>[\/vc_column_text][\/vc_accordion_tab][vc_accordion_tab title=\u00a0\u00bbMinimiser l\u2019impact environnemental\u00a0\u00bb title_tag=\u00a0\u00bbh6&Prime;][vc_column_text]Un autre souci qui maintient le Centre technologique Tecnova c\u2019est le respect de l\u2019environnement. Les activit\u00e9s des entreprises g\u00e9n\u00e8rent et produisent un impact sur l\u2019environnement. \u00c0 cet \u00e9gard, Tecnova s\u2019efforce de minimiser cet impact, de l\u2019identifier et de l\u2019\u00e9valuer au pr\u00e9alable afin de pouvoir entreprendre les actions n\u00e9cessaires pour le r\u00e9duire. Dans ce sens-ci, Tecnova met \u0153uvre quelques mesures pr\u00e9cises visant l\u2019am\u00e9lioration de la gestion environnementale.<\/p>\n<p>&nbsp;<\/p>\n<p>Actions:<\/p>\n<p>&nbsp;<\/p>\n<ul class=\"indent\">\n<li>\u00c9valuer et identifier les principaux impacts environnementaux provoqu\u00e9s par Tecnova avec son activit\u00e9.<\/li>\n<li>\u00c9tablir des objectifs d\u2019am\u00e9lioration pour r\u00e9duire ces impacts.<\/li>\n<li>Optimiser la consommation d\u2019\u00e9nergie. Mettre en place un plan d\u2019efficience \u00e9nerg\u00e9tique.<\/li>\n<li>Contr\u00f4ler de fa\u00e7on syst\u00e9matique la consommation d\u2019\u00e9nergie, du papier et la production des d\u00e9chets (y inclues les ordures g\u00e9n\u00e9r\u00e9es par les travailleurs).<\/li>\n<\/ul>\n<p>[\/vc_column_text][\/vc_accordion_tab][vc_accordion_tab title=\u00a0\u00bbMotivation et implication des ressources humaines dans l\u2019amelioration constante de l\u2019entreprise\u00a0\u00bb title_tag=\u00a0\u00bbh6&Prime;][vc_column_text]Tecnova tient toujours en compte le travail remarquable et l\u2019engament de son \u00e9quipe. Pour cela elle prend soin de son personnel sur des aspects tels que la non-discrimination, la gestion participative, la formation continue, l\u2019\u00e9quilibre entre le travail, la famille et le loisir, l\u2019\u00e9thique entrepreneuriale et la sant\u00e9 et s\u00e9curit\u00e9 au travail.<\/p>\n<p>&nbsp;<\/p>\n<p>Actions:<\/p>\n<p>&nbsp;<\/p>\n<ul class=\"indent\">\n<li>Contr\u00f4ler et g\u00e9rer tous les pas et responsables n\u00e9cessaires pour accomplir les objectifs.<\/li>\n<li>Assurer la motivation et l\u2019implication des ressources humaines pour l\u2019am\u00e9lioration continue de l\u2019entreprise.<\/li>\n<li>Promouvoir l\u2019implication des travailleurs dans les projets.<\/li>\n<li>\u00c9valuer et accro\u00eetre le niveau de satisfaction des travailleurs.<\/li>\n<li>Veiller \u00e0 la stabilit\u00e9 du personnel et \u00e0 la r\u00e9tention de \u00abtalents\u00bb.<\/li>\n<li>Inclure la RSO dans la formation des travailleurs.<\/li>\n<li>D\u00e9velopper un syst\u00e8me pour encourager la participation des travailleurs avec des suggestions.<\/li>\n<\/ul>\n<p>[\/vc_column_text][\/vc_accordion_tab][vc_accordion_tab title=\u00a0\u00bbS\u2019impliquer avec la communaut\u00e9 et le tissu entreprenaurial\u00a0\u00bb title_tag=\u00a0\u00bbh6&Prime;][vc_column_text]Tecnova, en tant que Centre technologique pr\u00e9occup\u00e9 par la soci\u00e9t\u00e9, vieille au transfert des connaissances et technologie. Il s\u2019agit d\u2019un des axes prioritaires du Centre, de transf\u00e9rer la technologie du mod\u00e8le agricole d\u2019Almeria \u00e0 travers la mise en place d\u2019un ensemble des mesures en s\u2019adaptant aux conditions agricoles et climatologiques du pays voisin.<\/p>\n<p>&nbsp;<\/p>\n<p>Dans ce sens, Tecnova poursuit de resserrer des liens entre les deux pays, en ayant l\u2019opportunit\u00e9 de travailler et d\u2019apporter des connaissances et de la valeur ajout\u00e9e comme r\u00e9f\u00e9rents en mati\u00e8re de transfert de technologie, innovation et formation en technologie agricole.[\/vc_column_text][\/vc_accordion_tab][\/vc_accordion][\/vc_column][\/vc_row][vc_row css_animation=\u00a0\u00bb\u00a0\u00bb row_type=\u00a0\u00bbrow\u00a0\u00bb use_row_as_full_screen_section=\u00a0\u00bbno\u00a0\u00bb type=\u00a0\u00bbfull_width\u00a0\u00bb angled_section=\u00a0\u00bbno\u00a0\u00bb text_align=\u00a0\u00bbleft\u00a0\u00bb background_image_as_pattern=\u00a0\u00bbwithout_pattern\u00a0\u00bb][vc_column][vc_empty_space height=\u00a0\u00bb90px\u00a0\u00bb el_class=\u00a0\u00bbblk_spc\u00a0\u00bb][\/vc_column][\/vc_row]<\/p>\n<\/div>","protected":false},"excerpt":{"rendered":"<p>[vc_row css_animation=\u00a0\u00bb\u00a0\u00bb row_type=\u00a0\u00bbrow\u00a0\u00bb use_row_as_full_screen_section=\u00a0\u00bbno\u00a0\u00bb type=\u00a0\u00bbgrid\u00a0\u00bb angled_section=\u00a0\u00bbno\u00a0\u00bb text_align=\u00a0\u00bbleft\u00a0\u00bb background_image_as_pattern=\u00a0\u00bbwithout_pattern\u00a0\u00bb z_index=\u00a0\u00bb\u00a0\u00bb el_class=\u00a0\u00bbreverse\u00a0\u00bb][vc_column width=\u00a0\u00bb1\/2&Prime;][vc_column_text] Tecnova engag\u00e9e avec la soci\u00e9t\u00e9 et l\u2019environnement La Fondation Tecnova se sent engag\u00e9e avec la soci\u00e9t\u00e9 et l\u2019environnement. Pour cela elle r\u00e9alise un ensemble d\u2019actions et d\u2019engagements dans le but de contribuer \u00e0 des&#8230;<\/p>\n","protected":false},"author":1,"featured_media":0,"parent":0,"menu_order":0,"comment_status":"closed","ping_status":"closed","template":"","meta":{"content-type":"","footnotes":""},"class_list":["post-11022","page","type-page","status-publish","hentry"],"yoast_head":"<!-- This site is optimized with the Yoast SEO plugin v25.6 - https:\/\/yoast.com\/wordpress\/plugins\/seo\/ -->\n<title>RSO &#187; Centro Tecnol\u00f3gico Tecnova<\/title>\n<meta name=\"robots\" content=\"index, follow, max-snippet:-1, max-image-preview:large, max-video-preview:-1\" \/>\n<link rel=\"canonical\" href=\"https:\/\/www.fundaciontecnova.com\/fr\/rso\/\" \/>\n<meta property=\"og:locale\" content=\"fr_FR\" \/>\n<meta property=\"og:type\" content=\"article\" \/>\n<meta property=\"og:title\" content=\"RSO &#187; Centro Tecnol\u00f3gico Tecnova\" \/>\n<meta property=\"og:description\" content=\"[vc_row css_animation=\u00a0\u00bb\u00a0\u00bb row_type=\u00a0\u00bbrow\u00a0\u00bb use_row_as_full_screen_section=\u00a0\u00bbno\u00a0\u00bb type=\u00a0\u00bbgrid\u00a0\u00bb angled_section=\u00a0\u00bbno\u00a0\u00bb text_align=\u00a0\u00bbleft\u00a0\u00bb background_image_as_pattern=\u00a0\u00bbwithout_pattern\u00a0\u00bb z_index=\u00a0\u00bb\u00a0\u00bb el_class=\u00a0\u00bbreverse\u00a0\u00bb][vc_column width=\u00a0\u00bb1\/2&Prime;][vc_column_text] Tecnova engag\u00e9e avec la soci\u00e9t\u00e9 et l\u2019environnement La Fondation Tecnova se sent engag\u00e9e avec la soci\u00e9t\u00e9 et l\u2019environnement. Pour cela elle r\u00e9alise un ensemble d\u2019actions et d\u2019engagements dans le but de contribuer \u00e0 des...\" \/>\n<meta property=\"og:url\" content=\"https:\/\/www.fundaciontecnova.com\/fr\/rso\/\" \/>\n<meta property=\"og:site_name\" content=\"Centro Tecnol\u00f3gico Tecnova\" \/>\n<meta name=\"twitter:card\" content=\"summary_large_image\" \/>\n<meta name=\"twitter:label1\" content=\"Dur\u00e9e de lecture estim\u00e9e\" \/>\n\t<meta name=\"twitter:data1\" content=\"5 minutes\" \/>\n<script type=\"application\/ld+json\" class=\"yoast-schema-graph\">{\"@context\":\"https:\/\/schema.org\",\"@graph\":[{\"@type\":\"WebPage\",\"@id\":\"https:\/\/www.fundaciontecnova.com\/fr\/rso\/\",\"url\":\"https:\/\/www.fundaciontecnova.com\/fr\/rso\/\",\"name\":\"RSO &#187; Centro Tecnol\u00f3gico Tecnova\",\"isPartOf\":{\"@id\":\"https:\/\/www.fundaciontecnova.com\/#website\"},\"datePublished\":\"2020-07-16T04:57:39+00:00\",\"breadcrumb\":{\"@id\":\"https:\/\/www.fundaciontecnova.com\/fr\/rso\/#breadcrumb\"},\"inLanguage\":\"fr-FR\",\"potentialAction\":[{\"@type\":\"ReadAction\",\"target\":[\"https:\/\/www.fundaciontecnova.com\/fr\/rso\/\"]}]},{\"@type\":\"BreadcrumbList\",\"@id\":\"https:\/\/www.fundaciontecnova.com\/fr\/rso\/#breadcrumb\",\"itemListElement\":[{\"@type\":\"ListItem\",\"position\":1,\"name\":\"Portada\",\"item\":\"https:\/\/www.fundaciontecnova.com\/fr\/\"},{\"@type\":\"ListItem\",\"position\":2,\"name\":\"RSO\"}]},{\"@type\":\"WebSite\",\"@id\":\"https:\/\/www.fundaciontecnova.com\/#website\",\"url\":\"https:\/\/www.fundaciontecnova.com\/\",\"name\":\"Centro Tecnol\u00f3gico Tecnova\",\"description\":\"Es el Centro Tecnol\u00f3gico de la Industria Auxiliar, Postcosecha y Envasado hortofrut\u00edcola. Trabaja en I+D+i, formaci\u00f3n, promoci\u00f3n e internacionalizaci\u00f3n\",\"publisher\":{\"@id\":\"https:\/\/www.fundaciontecnova.com\/#organization\"},\"potentialAction\":[{\"@type\":\"SearchAction\",\"target\":{\"@type\":\"EntryPoint\",\"urlTemplate\":\"https:\/\/www.fundaciontecnova.com\/?s={search_term_string}\"},\"query-input\":{\"@type\":\"PropertyValueSpecification\",\"valueRequired\":true,\"valueName\":\"search_term_string\"}}],\"inLanguage\":\"fr-FR\"},{\"@type\":\"Organization\",\"@id\":\"https:\/\/www.fundaciontecnova.com\/#organization\",\"name\":\"Fundaci\u00f3n Tecnova\",\"url\":\"https:\/\/www.fundaciontecnova.com\/\",\"logo\":{\"@type\":\"ImageObject\",\"inLanguage\":\"fr-FR\",\"@id\":\"https:\/\/www.fundaciontecnova.com\/#\/schema\/logo\/image\/\",\"url\":\"https:\/\/www.fundaciontecnova.com\/wp-content\/uploads\/2020\/04\/LOGO.png\",\"contentUrl\":\"https:\/\/www.fundaciontecnova.com\/wp-content\/uploads\/2020\/04\/LOGO.png\",\"width\":591,\"height\":299,\"caption\":\"Fundaci\u00f3n Tecnova\"},\"image\":{\"@id\":\"https:\/\/www.fundaciontecnova.com\/#\/schema\/logo\/image\/\"}}]}<\/script>\n<!-- \/ Yoast SEO plugin. -->","yoast_head_json":{"title":"RSO &#187; Centro Tecnol\u00f3gico Tecnova","robots":{"index":"index","follow":"follow","max-snippet":"max-snippet:-1","max-image-preview":"max-image-preview:large","max-video-preview":"max-video-preview:-1"},"canonical":"https:\/\/www.fundaciontecnova.com\/fr\/rso\/","og_locale":"fr_FR","og_type":"article","og_title":"RSO &#187; Centro Tecnol\u00f3gico Tecnova","og_description":"[vc_row css_animation=\u00a0\u00bb\u00a0\u00bb row_type=\u00a0\u00bbrow\u00a0\u00bb use_row_as_full_screen_section=\u00a0\u00bbno\u00a0\u00bb type=\u00a0\u00bbgrid\u00a0\u00bb angled_section=\u00a0\u00bbno\u00a0\u00bb text_align=\u00a0\u00bbleft\u00a0\u00bb background_image_as_pattern=\u00a0\u00bbwithout_pattern\u00a0\u00bb z_index=\u00a0\u00bb\u00a0\u00bb el_class=\u00a0\u00bbreverse\u00a0\u00bb][vc_column width=\u00a0\u00bb1\/2&Prime;][vc_column_text] Tecnova engag\u00e9e avec la soci\u00e9t\u00e9 et l\u2019environnement La Fondation Tecnova se sent engag\u00e9e avec la soci\u00e9t\u00e9 et l\u2019environnement. Pour cela elle r\u00e9alise un ensemble d\u2019actions et d\u2019engagements dans le but de contribuer \u00e0 des...","og_url":"https:\/\/www.fundaciontecnova.com\/fr\/rso\/","og_site_name":"Centro Tecnol\u00f3gico Tecnova","twitter_card":"summary_large_image","twitter_misc":{"Dur\u00e9e de lecture estim\u00e9e":"5 minutes"},"schema":{"@context":"https:\/\/schema.org","@graph":[{"@type":"WebPage","@id":"https:\/\/www.fundaciontecnova.com\/fr\/rso\/","url":"https:\/\/www.fundaciontecnova.com\/fr\/rso\/","name":"RSO &#187; Centro Tecnol\u00f3gico Tecnova","isPartOf":{"@id":"https:\/\/www.fundaciontecnova.com\/#website"},"datePublished":"2020-07-16T04:57:39+00:00","breadcrumb":{"@id":"https:\/\/www.fundaciontecnova.com\/fr\/rso\/#breadcrumb"},"inLanguage":"fr-FR","potentialAction":[{"@type":"ReadAction","target":["https:\/\/www.fundaciontecnova.com\/fr\/rso\/"]}]},{"@type":"BreadcrumbList","@id":"https:\/\/www.fundaciontecnova.com\/fr\/rso\/#breadcrumb","itemListElement":[{"@type":"ListItem","position":1,"name":"Portada","item":"https:\/\/www.fundaciontecnova.com\/fr\/"},{"@type":"ListItem","position":2,"name":"RSO"}]},{"@type":"WebSite","@id":"https:\/\/www.fundaciontecnova.com\/#website","url":"https:\/\/www.fundaciontecnova.com\/","name":"Centro Tecnol\u00f3gico Tecnova","description":"Es el Centro Tecnol\u00f3gico de la Industria Auxiliar, Postcosecha y Envasado hortofrut\u00edcola. Trabaja en I+D+i, formaci\u00f3n, promoci\u00f3n e internacionalizaci\u00f3n","publisher":{"@id":"https:\/\/www.fundaciontecnova.com\/#organization"},"potentialAction":[{"@type":"SearchAction","target":{"@type":"EntryPoint","urlTemplate":"https:\/\/www.fundaciontecnova.com\/?s={search_term_string}"},"query-input":{"@type":"PropertyValueSpecification","valueRequired":true,"valueName":"search_term_string"}}],"inLanguage":"fr-FR"},{"@type":"Organization","@id":"https:\/\/www.fundaciontecnova.com\/#organization","name":"Fundaci\u00f3n Tecnova","url":"https:\/\/www.fundaciontecnova.com\/","logo":{"@type":"ImageObject","inLanguage":"fr-FR","@id":"https:\/\/www.fundaciontecnova.com\/#\/schema\/logo\/image\/","url":"https:\/\/www.fundaciontecnova.com\/wp-content\/uploads\/2020\/04\/LOGO.png","contentUrl":"https:\/\/www.fundaciontecnova.com\/wp-content\/uploads\/2020\/04\/LOGO.png","width":591,"height":299,"caption":"Fundaci\u00f3n Tecnova"},"image":{"@id":"https:\/\/www.fundaciontecnova.com\/#\/schema\/logo\/image\/"}}]}},"_links":{"self":[{"href":"https:\/\/www.fundaciontecnova.com\/fr\/wp-json\/wp\/v2\/pages\/11022","targetHints":{"allow":["GET"]}}],"collection":[{"href":"https:\/\/www.fundaciontecnova.com\/fr\/wp-json\/wp\/v2\/pages"}],"about":[{"href":"https:\/\/www.fundaciontecnova.com\/fr\/wp-json\/wp\/v2\/types\/page"}],"author":[{"embeddable":true,"href":"https:\/\/www.fundaciontecnova.com\/fr\/wp-json\/wp\/v2\/users\/1"}],"replies":[{"embeddable":true,"href":"https:\/\/www.fundaciontecnova.com\/fr\/wp-json\/wp\/v2\/comments?post=11022"}],"version-history":[{"count":1,"href":"https:\/\/www.fundaciontecnova.com\/fr\/wp-json\/wp\/v2\/pages\/11022\/revisions"}],"predecessor-version":[{"id":11023,"href":"https:\/\/www.fundaciontecnova.com\/fr\/wp-json\/wp\/v2\/pages\/11022\/revisions\/11023"}],"wp:attachment":[{"href":"https:\/\/www.fundaciontecnova.com\/fr\/wp-json\/wp\/v2\/media?parent=11022"}],"curies":[{"name":"wp","href":"https:\/\/api.w.org\/{rel}","templated":true}]}}