{"id":11014,"date":"2020-07-16T05:17:51","date_gmt":"2020-07-16T04:17:51","guid":{"rendered":"http:\/\/www.fundaciontecnova.com\/?page_id=11014"},"modified":"2020-07-16T05:25:31","modified_gmt":"2020-07-16T04:25:31","slug":"installations","status":"publish","type":"page","link":"https:\/\/www.fundaciontecnova.com\/fr\/installations\/","title":{"rendered":"Installations"},"content":{"rendered":"<div class=\"wpb-content-wrapper\"><p>[vc_row css_animation=\u00a0\u00bb\u00a0\u00bb row_type=\u00a0\u00bbrow\u00a0\u00bb use_row_as_full_screen_section=\u00a0\u00bbno\u00a0\u00bb type=\u00a0\u00bbgrid\u00a0\u00bb angled_section=\u00a0\u00bbno\u00a0\u00bb text_align=\u00a0\u00bbleft\u00a0\u00bb background_image_as_pattern=\u00a0\u00bbwithout_pattern\u00a0\u00bb z_index=\u00a0\u00bb\u00a0\u00bb el_class=\u00a0\u00bbreverse\u00a0\u00bb][vc_column width=\u00a0\u00bb1\/2&Prime;][vc_column_text]Le Centre technologique Tecnova repr\u00e9sente une grande opportunit\u00e9 pour r\u00e9pondre aux d\u00e9fis actuels de l\u2019agriculture intensive \u00e0 travers le d\u00e9veloppement, l\u2019\u00e9volution, la production des connaissances et l\u2019optimisation des techniques de l\u2019agriculture intensive sous abri.<\/p>\n<p>&nbsp;<\/p>\n<p>Le b\u00e2timent principal se localise au Parc scientifique et technologique d\u2019Almeria (PITA), et dispose de plus de 3.500 m2 d\u2019installations distribu\u00e9es dans : deux usines pilote (4\u00e8me gamme et robotique alimentaire), chambres de culture pour pr\u00e9- et apr\u00e8s-r\u00e9colte, laboratoires de film plastique, d\u2019analyse des aliments et de leur dur\u00e9e de vie, biotechnologie, microbiologie et biologie mol\u00e9culaire.<\/p>\n<p>&nbsp;<\/p>\n<p>Le Centre d\u2019exp\u00e9rimentation dispose de 12 ha., pour la mise en \u0153uvre des essais d\u2019exp\u00e9rimentation ainsi que pour la conception et validation de nouveaux produits \u00e0 usage agricole. Il poss\u00e8de des structures de serre de diff\u00e9rente typologie, des chambres de culture, des cages et serres portables, des zones \u00e0 haute productivit\u00e9, transfert de r\u00e9sultats, classification des produits et gestion des d\u00e9chets agricoles.[\/vc_column_text][vc_empty_space height=\u00a0\u00bb40px\u00a0\u00bb el_class=\u00a0\u00bbblk_spc little\u00a0\u00bb][\/vc_column][vc_column width=\u00a0\u00bb1\/2&Prime;][vc_single_image image=\u00a0\u00bb9358&Prime; img_size=\u00a0\u00bblarge\u00a0\u00bb alignment=\u00a0\u00bbcenter\u00a0\u00bb qode_css_animation=\u00a0\u00bbelement_from_right\u00a0\u00bb][vc_empty_space height=\u00a0\u00bb50px\u00a0\u00bb][\/vc_column][\/vc_row][vc_row css_animation=\u00a0\u00bb\u00a0\u00bb row_type=\u00a0\u00bbrow\u00a0\u00bb use_row_as_full_screen_section=\u00a0\u00bbno\u00a0\u00bb type=\u00a0\u00bbfull_width\u00a0\u00bb angled_section=\u00a0\u00bbno\u00a0\u00bb text_align=\u00a0\u00bbleft\u00a0\u00bb background_image_as_pattern=\u00a0\u00bbwithout_pattern\u00a0\u00bb][vc_column][vc_empty_space height=\u00a0\u00bb50px\u00a0\u00bb el_class=\u00a0\u00bbblk_spc\u00a0\u00bb][\/vc_column][\/vc_row][vc_row css_animation=\u00a0\u00bb\u00a0\u00bb row_type=\u00a0\u00bbrow\u00a0\u00bb use_row_as_full_screen_section=\u00a0\u00bbno\u00a0\u00bb type=\u00a0\u00bbfull_width\u00a0\u00bb angled_section=\u00a0\u00bbno\u00a0\u00bb text_align=\u00a0\u00bbleft\u00a0\u00bb background_image_as_pattern=\u00a0\u00bbwithout_pattern\u00a0\u00bb][vc_column]<span class=\"separator_with_icon\" style='color:#2d3964;'><i class=\"fa fa-building\"><\/i><\/span>[\/vc_column][\/vc_row][vc_row css_animation=\u00a0\u00bb\u00a0\u00bb row_type=\u00a0\u00bbrow\u00a0\u00bb use_row_as_full_screen_section=\u00a0\u00bbno\u00a0\u00bb type=\u00a0\u00bbfull_width\u00a0\u00bb angled_section=\u00a0\u00bbno\u00a0\u00bb text_align=\u00a0\u00bbleft\u00a0\u00bb background_image_as_pattern=\u00a0\u00bbwithout_pattern\u00a0\u00bb][vc_column][vc_empty_space height=\u00a0\u00bb90px\u00a0\u00bb][\/vc_column][\/vc_row][vc_row css_animation=\u00a0\u00bb\u00a0\u00bb row_type=\u00a0\u00bbrow\u00a0\u00bb use_row_as_full_screen_section=\u00a0\u00bbno\u00a0\u00bb type=\u00a0\u00bbgrid\u00a0\u00bb angled_section=\u00a0\u00bbno\u00a0\u00bb text_align=\u00a0\u00bbleft\u00a0\u00bb background_image_as_pattern=\u00a0\u00bbwithout_pattern\u00a0\u00bb z_index=\u00a0\u00bb\u00a0\u00bb][vc_column width=\u00a0\u00bb1\/2&Prime;][vc_column_text]<\/p>\n<h2>SI\u00c8GE PRINCIPAL<\/h2>\n<p>[\/vc_column_text][vc_empty_space height=\u00a0\u00bb50px\u00a0\u00bb][vc_single_image image=\u00a0\u00bb9359&Prime; img_size=\u00a0\u00bblarge\u00a0\u00bb alignment=\u00a0\u00bbcenter\u00a0\u00bb qode_css_animation=\u00a0\u00bbelement_from_left\u00a0\u00bb][vc_empty_space height=\u00a0\u00bb50px\u00a0\u00bb][vc_column_text]Le Centre technologique Tecnova a son si\u00e8ge principal situ\u00e9 dans le Parc technologique d&rsquo;Almer\u00eda (PITA). Il dispose de 3 600 m\u00b2 d\u00e9di\u00e9s \u00e0 la RDI, qui comprennent:<\/p>\n<p>&nbsp;<\/p>\n<p>2 usines pilote:<\/p>\n<ul>\n<li>Usine pilote de robotique<\/li>\n<li>Usine pilote de 4\u00e8me gamme<\/li>\n<\/ul>\n<p>&nbsp;<\/p>\n<p>6 laboratoires:<\/p>\n<ul>\n<li>Plastique<\/li>\n<li>Analyse sensorielle<\/li>\n<li>Microbiologie et physicochimique<\/li>\n<li>Apr\u00e8s-r\u00e9colte et analyse des aliments<\/li>\n<li>Chambres de culture et entomologie<\/li>\n<li>Innovation gastronomique<\/li>\n<li>Salles de transfert et de formation<\/li>\n<\/ul>\n<p>[\/vc_column_text][vc_empty_space height=\u00a0\u00bb50px\u00a0\u00bb][vc_accordion active_tab=\u00a0\u00bbfalse\u00a0\u00bb collapsible=\u00a0\u00bbyes\u00a0\u00bb style=\u00a0\u00bbaccordion\u00a0\u00bb][vc_accordion_tab title=\u00a0\u00bbLaboratoire de film plastique\u00a0\u00bb title_tag=\u00a0\u00bbh6&Prime;][vc_column_text]Tecnova dispose d&rsquo;un laboratoire d&rsquo;analyse plastique pour analyser et \u00e9valuer la d\u00e9gradation, la durabilit\u00e9 et la r\u00e9sistance du plastique, la composition plastique et la transmissibilit\u00e9, entre autres.<\/p>\n<p>&nbsp;<\/p>\n<p>Il s\u2019agit du seul laboratoire de plastique dans l\u2019Andalousie qualifi\u00e9 par le Comit\u00e9 espagnol des plastiques pour l\u2019agriculture- CEPLA. Ce laboratoire est enti\u00e8rement \u00e9quip\u00e9 pour offrir des services d\u2019analyse de film plastique des couvertures des serres et des films thermoplastiques \u00e0 usage agricole selon les normes UNE-EN 13206 et 13655 respectivement.[\/vc_column_text][\/vc_accordion_tab][vc_accordion_tab title=\u00a0\u00bbLaboratoire d\u2019analyse sensorielle\u00a0\u00bb title_tag=\u00a0\u00bbh6&Prime;][vc_column_text]Il permet de d\u00e9terminer les propri\u00e9t\u00e9s sensorielles et organoleptiques des produits alimentaires, des vari\u00e9t\u00e9s des fruits et des l\u00e9gumes\u2026 ou de conna\u00eetre la formulation ad\u00e9quate pour satisfaire le consommateur, afin que les diff\u00e9rents produits aient du succ\u00e8s sur le march\u00e9.<\/p>\n<p>&nbsp;<\/p>\n<p>L\u2019analyse sensorielle est une partie int\u00e9gr\u00e9e essentielle pour d\u00e9terminer la qualit\u00e9 de n\u2019importe quel aliment.<\/p>\n<p>&nbsp;<\/p>\n<ul>\n<li>Panel d\u2019experts.<\/li>\n<li>Panel de consomateurs.<\/li>\n<li>Focus group (dymanique de group) d\u2019experts et non-experts.<\/li>\n<li>Profil sensoriel (texture, saveur, etc.).<\/li>\n<li>Services de conseil aux entreprises.<\/li>\n<\/ul>\n<p>[\/vc_column_text][\/vc_accordion_tab][vc_accordion_tab title=\u00a0\u00bbLaboratoires de microbiologie et physicochimique\u00a0\u00bb title_tag=\u00a0\u00bbh6&Prime;][vc_column_text]Laboratoire d\u00e9di\u00e9 \u00e0 la d\u00e9termination des microorganismes pathog\u00e8nes et d\u2019alt\u00e9ration sur les aliments (Salmonella, E. coli, Listeria, etc..), les sols, les eaux et les fertilisants. Le laboratoire est \u00e9quip\u00e9 pour pouvoir travailler par le biais des techniques classiques de microbiologie ainsi que des outils mol\u00e9culaires d\u2019analyse bas\u00e9s sur l\u2019analyse ADN.<\/p>\n<p>&nbsp;<\/p>\n<p>Les laboratoires physico-chimiques mettent \u00e0 la disposition du client la possibilit\u00e9 de r\u00e9aliser de diff\u00e9rents types d\u2019analyse sur les sols, les eaux et les fruits en utilisant les techniques les plus modernes telles que la chromatographie en phase gazeuse, la chromatographie liquide et la spectroscopie d&rsquo;\u00e9mission optique\u00a0\u00e0 plasma (ICP-OES).[\/vc_column_text][\/vc_accordion_tab][vc_accordion_tab title=\u00a0\u00bbLaboratoire d\u2019apr\u00e8s-r\u00e9colte et d\u2019analyse des aliments\u00a0\u00bb title_tag=\u00a0\u00bbh6&Prime;][vc_column_text]Le laboratoire est \u00e9quip\u00e9 pour \u00e9valuer la dur\u00e9e de vie apr\u00e8s-r\u00e9colte de nouvelles vari\u00e9t\u00e9s des fruits et des l\u00e9gumes, et de nouvelles techniques et traitements de conservation.<\/p>\n<p>&nbsp;<\/p>\n<p>En outre, il dispose d\u2019un calorim\u00e8tre pour d\u00e9terminer la valeur \u00e9nerg\u00e9tique des aliments, ainsi que de diff\u00e9rentes \u00e9quipes d\u00e9di\u00e9es \u00e0 l\u2019analyse des param\u00e8tres nutritionnels de l\u2019\u00e9tiquetage.[\/vc_column_text][\/vc_accordion_tab][vc_accordion_tab title=\u00a0\u00bbLaboratoire de chambres de culture et entomologie\u00a0\u00bb title_tag=\u00a0\u00bbh6&Prime;][vc_column_text]Chambres de culture pour la mise en \u0153uvre des essais d\u2019efficacit\u00e9 dans des bo\u00eetes de Petri et en pot.<\/p>\n<p>&nbsp;<\/p>\n<p>Laboratoire d\u2019entomologie pour l\u2019\u00e9valuation de nouveaux insectes auxiliaires en microcosme et leur interaction avec des insectes ravageurs et avec de nouveaux produits d\u00e9velopp\u00e9s \u00e0 usage agricole.[\/vc_column_text][\/vc_accordion_tab][vc_accordion_tab title=\u00a0\u00bbLaboratoire d\u2019innovation gastronomique\u00a0\u00bb title_tag=\u00a0\u00bbh6&Prime;][vc_column_text]<\/p>\n<ul>\n<li>Optimisation nutritionnelle.<\/li>\n<li>Cuisine saine.<\/li>\n<li>Rencontres et journ\u00e9es gastronomiques.<\/li>\n<li>Pr\u00e9sentations de nouveaux produits.<\/li>\n<li>Show cooking.<\/li>\n<li>Valorisation des produits horticoles.<\/li>\n<li>D\u00e9veloppement des produits 4\u00e8me gamme.<\/li>\n<\/ul>\n<p>[\/vc_column_text][\/vc_accordion_tab][vc_accordion_tab title=\u00a0\u00bbSalles de transfert et formation\u00a0\u00bb title_tag=\u00a0\u00bbh6&Prime;][vc_column_text]<\/p>\n<ul class=\"indent\">\n<li>R\u00e9alisation des journ\u00e9es, s\u00e9minaires et workshops avec des entreprises prosp\u00e8res et gourous.<\/li>\n<li>Formation en technologie agricole, apr\u00e8s-r\u00e9colte et emballage au niveau national et international.<\/li>\n<\/ul>\n<p>[\/vc_column_text][\/vc_accordion_tab][\/vc_accordion][vc_empty_space height=\u00a0\u00bb50px\u00a0\u00bb][\/vc_column][vc_column width=\u00a0\u00bb1\/2&Prime;][vc_column_text]<\/p>\n<h2>CENTRE D\u2019EXPERIMENTATION<\/h2>\n<p>[\/vc_column_text][vc_empty_space height=\u00a0\u00bb50px\u00a0\u00bb][vc_single_image image=\u00a0\u00bb9360&Prime; img_size=\u00a0\u00bblarge\u00a0\u00bb alignment=\u00a0\u00bbcenter\u00a0\u00bb qode_css_animation=\u00a0\u00bbelement_from_right\u00a0\u00bb][vc_empty_space height=\u00a0\u00bb50px\u00a0\u00bb][vc_column_text]Le Centre d\u2019exp\u00e9rimentation se trouve juste \u00e0 10 minutes du si\u00e8ge principal, dans le territoire communal de Viator (Almeria).<\/p>\n<p>&nbsp;<\/p>\n<p>Ce centre de recherche agronomique dispose d\u2019un terrain de 12 hectares d\u2019installations, parmi lesquelles on y trouve\u00a0: une zone de serres de diff\u00e9rentes typologies et tailles, un b\u00e2timent de bureau, salles de formation et transfert, 3 radeaux d\u2019irrigation, un espace d\u2019exposition technologique et des cabanons d\u2019irrigation et climat.<\/p>\n<p>&nbsp;<\/p>\n<p>Etant construit en 2012, il est devenu le Centre d\u2019exp\u00e9rimentation en technologie agricole les plus important, gr\u00e2ce \u00e0 son infrastructure, services et capacit\u00e9.<\/p>\n<p>&nbsp;<\/p>\n<p>Le Centre a construit ses installations afin de fournir des solutions int\u00e9grales et adapt\u00e9es aux secteur agro-alimentaire. Pour cela, il dispose d\u2019un espace pour l\u2019innovation, le d\u00e9veloppement et la validation des technologies et des intrants agricoles dans des conditions similaires \u00e0 celles d\u2019un agriculteur.<\/p>\n<p>&nbsp;<\/p>\n<p>Le Centre est n\u00e9 gr\u00e2ce \u00e0 la collaboration des entrepreneurs associ\u00e9s \u00e0 Tecnova, ainsi que l\u2019appui re\u00e7u de la part de la Mairie de Viator et du Gouvernement r\u00e9gional de l\u2019Andalousie, dans le but de devenir la vitrine technologique des entreprises et une r\u00e9f\u00e9rence en cultures agricoles durables du point de vue \u00e9nerg\u00e9tique et environnementale.[\/vc_column_text][vc_empty_space height=\u00a0\u00bb50px\u00a0\u00bb][vc_column_text]Gr\u00e2ce \u00e0 ces installations-ci il est possible d\u2019offrir des services de:[\/vc_column_text][vc_empty_space height=\u00a0\u00bb50px\u00a0\u00bb][vc_accordion active_tab=\u00a0\u00bbfalse\u00a0\u00bb collapsible=\u00a0\u00bbyes\u00a0\u00bb style=\u00a0\u00bbaccordion\u00a0\u00bb][vc_accordion_tab title=\u00a0\u00bbServices et essais agronomiques\u00a0\u00bb title_tag=\u00a0\u00bbh6&Prime;][vc_column_text]<\/p>\n<ul>\n<li>D\u00e9veloppement de nouvelles techniques de culture.<\/li>\n<li>Essais d\u2019efficacit\u00e9 du contr\u00f4le biologique des cultures.<\/li>\n<li>Evaluation d\u2019efficacit\u00e9 de nouveaux substrats et moyens de culture durables.<\/li>\n<li>Mise au point de nouvelles vari\u00e9t\u00e9s et cultures.<\/li>\n<li>Production agricole alternative\u00a0: production int\u00e9gr\u00e9e, \u00e9cologique, \u2026<\/li>\n<li>Evaluation des effets secondaires sur la faune auxiliaire (produits phytopharmaceutiques, vari\u00e9t\u00e9s v\u00e9g\u00e9tales, etc.).<\/li>\n<\/ul>\n<p>[\/vc_column_text][\/vc_accordion_tab][vc_accordion_tab title=\u00a0\u00bb\u00c9valuation et \u00e9tude de nouvelles technologies\u00a0\u00bb title_tag=\u00a0\u00bbh6&Prime;][vc_column_text]<\/p>\n<ul>\n<li>V\u00e9rification des structures de serres sur cultures.<\/li>\n<li>Int\u00e9gration des \u00e9nergies renouvelables dans l\u2019agriculture intensive.<\/li>\n<li>\u00c9tude de valorisation des d\u00e9chets agricoles.<\/li>\n<li>Efficience \u00e9nerg\u00e9tique des serres.<\/li>\n<li>Analyse de la dur\u00e9e de vie des couvertures des serres.<\/li>\n<\/ul>\n<p>[\/vc_column_text][\/vc_accordion_tab][\/vc_accordion][\/vc_column][\/vc_row][vc_row css_animation=\u00a0\u00bb\u00a0\u00bb row_type=\u00a0\u00bbrow\u00a0\u00bb use_row_as_full_screen_section=\u00a0\u00bbno\u00a0\u00bb type=\u00a0\u00bbfull_width\u00a0\u00bb angled_section=\u00a0\u00bbno\u00a0\u00bb text_align=\u00a0\u00bbleft\u00a0\u00bb background_image_as_pattern=\u00a0\u00bbwithout_pattern\u00a0\u00bb][vc_column][vc_empty_space height=\u00a0\u00bb40px\u00a0\u00bb el_class=\u00a0\u00bbblk_spc\u00a0\u00bb][\/vc_column][\/vc_row]<\/p>\n<\/div>","protected":false},"excerpt":{"rendered":"<p>[vc_row css_animation=\u00a0\u00bb\u00a0\u00bb row_type=\u00a0\u00bbrow\u00a0\u00bb use_row_as_full_screen_section=\u00a0\u00bbno\u00a0\u00bb type=\u00a0\u00bbgrid\u00a0\u00bb angled_section=\u00a0\u00bbno\u00a0\u00bb text_align=\u00a0\u00bbleft\u00a0\u00bb background_image_as_pattern=\u00a0\u00bbwithout_pattern\u00a0\u00bb z_index=\u00a0\u00bb\u00a0\u00bb el_class=\u00a0\u00bbreverse\u00a0\u00bb][vc_column width=\u00a0\u00bb1\/2&Prime;][vc_column_text]Le Centre technologique Tecnova repr\u00e9sente une grande opportunit\u00e9 pour r\u00e9pondre aux d\u00e9fis actuels de l\u2019agriculture intensive \u00e0 travers le d\u00e9veloppement, l\u2019\u00e9volution, la production des connaissances et l\u2019optimisation des techniques de l\u2019agriculture intensive sous abri. &nbsp;&#8230;<\/p>\n","protected":false},"author":1,"featured_media":0,"parent":0,"menu_order":0,"comment_status":"closed","ping_status":"closed","template":"","meta":{"content-type":"","footnotes":""},"class_list":["post-11014","page","type-page","status-publish","hentry"],"yoast_head":"<!-- This site is optimized with the Yoast SEO plugin v25.6 - https:\/\/yoast.com\/wordpress\/plugins\/seo\/ -->\n<title>Installations &#187; Centro Tecnol\u00f3gico Tecnova<\/title>\n<meta name=\"robots\" content=\"index, follow, max-snippet:-1, max-image-preview:large, max-video-preview:-1\" \/>\n<link rel=\"canonical\" href=\"https:\/\/www.fundaciontecnova.com\/fr\/installations\/\" \/>\n<meta property=\"og:locale\" content=\"fr_FR\" \/>\n<meta property=\"og:type\" content=\"article\" \/>\n<meta property=\"og:title\" content=\"Installations &#187; Centro Tecnol\u00f3gico Tecnova\" \/>\n<meta property=\"og:description\" content=\"[vc_row css_animation=\u00a0\u00bb\u00a0\u00bb row_type=\u00a0\u00bbrow\u00a0\u00bb use_row_as_full_screen_section=\u00a0\u00bbno\u00a0\u00bb type=\u00a0\u00bbgrid\u00a0\u00bb angled_section=\u00a0\u00bbno\u00a0\u00bb text_align=\u00a0\u00bbleft\u00a0\u00bb background_image_as_pattern=\u00a0\u00bbwithout_pattern\u00a0\u00bb z_index=\u00a0\u00bb\u00a0\u00bb el_class=\u00a0\u00bbreverse\u00a0\u00bb][vc_column width=\u00a0\u00bb1\/2&Prime;][vc_column_text]Le Centre technologique Tecnova repr\u00e9sente une grande opportunit\u00e9 pour r\u00e9pondre aux d\u00e9fis actuels de l\u2019agriculture intensive \u00e0 travers le d\u00e9veloppement, l\u2019\u00e9volution, la production des connaissances et l\u2019optimisation des techniques de l\u2019agriculture intensive sous abri. &nbsp;...\" \/>\n<meta property=\"og:url\" content=\"https:\/\/www.fundaciontecnova.com\/fr\/installations\/\" \/>\n<meta property=\"og:site_name\" content=\"Centro Tecnol\u00f3gico Tecnova\" \/>\n<meta property=\"article:modified_time\" content=\"2020-07-16T04:25:31+00:00\" \/>\n<meta name=\"twitter:card\" content=\"summary_large_image\" \/>\n<meta name=\"twitter:label1\" content=\"Dur\u00e9e de lecture estim\u00e9e\" \/>\n\t<meta name=\"twitter:data1\" content=\"8 minutes\" \/>\n<script type=\"application\/ld+json\" class=\"yoast-schema-graph\">{\"@context\":\"https:\/\/schema.org\",\"@graph\":[{\"@type\":\"WebPage\",\"@id\":\"https:\/\/www.fundaciontecnova.com\/fr\/installations\/\",\"url\":\"https:\/\/www.fundaciontecnova.com\/fr\/installations\/\",\"name\":\"Installations &#187; Centro Tecnol\u00f3gico Tecnova\",\"isPartOf\":{\"@id\":\"https:\/\/www.fundaciontecnova.com\/#website\"},\"datePublished\":\"2020-07-16T04:17:51+00:00\",\"dateModified\":\"2020-07-16T04:25:31+00:00\",\"breadcrumb\":{\"@id\":\"https:\/\/www.fundaciontecnova.com\/fr\/installations\/#breadcrumb\"},\"inLanguage\":\"fr-FR\",\"potentialAction\":[{\"@type\":\"ReadAction\",\"target\":[\"https:\/\/www.fundaciontecnova.com\/fr\/installations\/\"]}]},{\"@type\":\"BreadcrumbList\",\"@id\":\"https:\/\/www.fundaciontecnova.com\/fr\/installations\/#breadcrumb\",\"itemListElement\":[{\"@type\":\"ListItem\",\"position\":1,\"name\":\"Portada\",\"item\":\"https:\/\/www.fundaciontecnova.com\/fr\/\"},{\"@type\":\"ListItem\",\"position\":2,\"name\":\"Installations\"}]},{\"@type\":\"WebSite\",\"@id\":\"https:\/\/www.fundaciontecnova.com\/#website\",\"url\":\"https:\/\/www.fundaciontecnova.com\/\",\"name\":\"Centro Tecnol\u00f3gico Tecnova\",\"description\":\"Es el Centro Tecnol\u00f3gico de la Industria Auxiliar, Postcosecha y Envasado hortofrut\u00edcola. Trabaja en I+D+i, formaci\u00f3n, promoci\u00f3n e internacionalizaci\u00f3n\",\"publisher\":{\"@id\":\"https:\/\/www.fundaciontecnova.com\/#organization\"},\"potentialAction\":[{\"@type\":\"SearchAction\",\"target\":{\"@type\":\"EntryPoint\",\"urlTemplate\":\"https:\/\/www.fundaciontecnova.com\/?s={search_term_string}\"},\"query-input\":{\"@type\":\"PropertyValueSpecification\",\"valueRequired\":true,\"valueName\":\"search_term_string\"}}],\"inLanguage\":\"fr-FR\"},{\"@type\":\"Organization\",\"@id\":\"https:\/\/www.fundaciontecnova.com\/#organization\",\"name\":\"Fundaci\u00f3n Tecnova\",\"url\":\"https:\/\/www.fundaciontecnova.com\/\",\"logo\":{\"@type\":\"ImageObject\",\"inLanguage\":\"fr-FR\",\"@id\":\"https:\/\/www.fundaciontecnova.com\/#\/schema\/logo\/image\/\",\"url\":\"https:\/\/www.fundaciontecnova.com\/wp-content\/uploads\/2020\/04\/LOGO.png\",\"contentUrl\":\"https:\/\/www.fundaciontecnova.com\/wp-content\/uploads\/2020\/04\/LOGO.png\",\"width\":591,\"height\":299,\"caption\":\"Fundaci\u00f3n Tecnova\"},\"image\":{\"@id\":\"https:\/\/www.fundaciontecnova.com\/#\/schema\/logo\/image\/\"}}]}<\/script>\n<!-- \/ Yoast SEO plugin. -->","yoast_head_json":{"title":"Installations &#187; Centro Tecnol\u00f3gico Tecnova","robots":{"index":"index","follow":"follow","max-snippet":"max-snippet:-1","max-image-preview":"max-image-preview:large","max-video-preview":"max-video-preview:-1"},"canonical":"https:\/\/www.fundaciontecnova.com\/fr\/installations\/","og_locale":"fr_FR","og_type":"article","og_title":"Installations &#187; Centro Tecnol\u00f3gico Tecnova","og_description":"[vc_row css_animation=\u00a0\u00bb\u00a0\u00bb row_type=\u00a0\u00bbrow\u00a0\u00bb use_row_as_full_screen_section=\u00a0\u00bbno\u00a0\u00bb type=\u00a0\u00bbgrid\u00a0\u00bb angled_section=\u00a0\u00bbno\u00a0\u00bb text_align=\u00a0\u00bbleft\u00a0\u00bb background_image_as_pattern=\u00a0\u00bbwithout_pattern\u00a0\u00bb z_index=\u00a0\u00bb\u00a0\u00bb el_class=\u00a0\u00bbreverse\u00a0\u00bb][vc_column width=\u00a0\u00bb1\/2&Prime;][vc_column_text]Le Centre technologique Tecnova repr\u00e9sente une grande opportunit\u00e9 pour r\u00e9pondre aux d\u00e9fis actuels de l\u2019agriculture intensive \u00e0 travers le d\u00e9veloppement, l\u2019\u00e9volution, la production des connaissances et l\u2019optimisation des techniques de l\u2019agriculture intensive sous abri. &nbsp;...","og_url":"https:\/\/www.fundaciontecnova.com\/fr\/installations\/","og_site_name":"Centro Tecnol\u00f3gico Tecnova","article_modified_time":"2020-07-16T04:25:31+00:00","twitter_card":"summary_large_image","twitter_misc":{"Dur\u00e9e de lecture estim\u00e9e":"8 minutes"},"schema":{"@context":"https:\/\/schema.org","@graph":[{"@type":"WebPage","@id":"https:\/\/www.fundaciontecnova.com\/fr\/installations\/","url":"https:\/\/www.fundaciontecnova.com\/fr\/installations\/","name":"Installations &#187; Centro Tecnol\u00f3gico Tecnova","isPartOf":{"@id":"https:\/\/www.fundaciontecnova.com\/#website"},"datePublished":"2020-07-16T04:17:51+00:00","dateModified":"2020-07-16T04:25:31+00:00","breadcrumb":{"@id":"https:\/\/www.fundaciontecnova.com\/fr\/installations\/#breadcrumb"},"inLanguage":"fr-FR","potentialAction":[{"@type":"ReadAction","target":["https:\/\/www.fundaciontecnova.com\/fr\/installations\/"]}]},{"@type":"BreadcrumbList","@id":"https:\/\/www.fundaciontecnova.com\/fr\/installations\/#breadcrumb","itemListElement":[{"@type":"ListItem","position":1,"name":"Portada","item":"https:\/\/www.fundaciontecnova.com\/fr\/"},{"@type":"ListItem","position":2,"name":"Installations"}]},{"@type":"WebSite","@id":"https:\/\/www.fundaciontecnova.com\/#website","url":"https:\/\/www.fundaciontecnova.com\/","name":"Centro Tecnol\u00f3gico Tecnova","description":"Es el Centro Tecnol\u00f3gico de la Industria Auxiliar, Postcosecha y Envasado hortofrut\u00edcola. Trabaja en I+D+i, formaci\u00f3n, promoci\u00f3n e internacionalizaci\u00f3n","publisher":{"@id":"https:\/\/www.fundaciontecnova.com\/#organization"},"potentialAction":[{"@type":"SearchAction","target":{"@type":"EntryPoint","urlTemplate":"https:\/\/www.fundaciontecnova.com\/?s={search_term_string}"},"query-input":{"@type":"PropertyValueSpecification","valueRequired":true,"valueName":"search_term_string"}}],"inLanguage":"fr-FR"},{"@type":"Organization","@id":"https:\/\/www.fundaciontecnova.com\/#organization","name":"Fundaci\u00f3n Tecnova","url":"https:\/\/www.fundaciontecnova.com\/","logo":{"@type":"ImageObject","inLanguage":"fr-FR","@id":"https:\/\/www.fundaciontecnova.com\/#\/schema\/logo\/image\/","url":"https:\/\/www.fundaciontecnova.com\/wp-content\/uploads\/2020\/04\/LOGO.png","contentUrl":"https:\/\/www.fundaciontecnova.com\/wp-content\/uploads\/2020\/04\/LOGO.png","width":591,"height":299,"caption":"Fundaci\u00f3n Tecnova"},"image":{"@id":"https:\/\/www.fundaciontecnova.com\/#\/schema\/logo\/image\/"}}]}},"_links":{"self":[{"href":"https:\/\/www.fundaciontecnova.com\/fr\/wp-json\/wp\/v2\/pages\/11014","targetHints":{"allow":["GET"]}}],"collection":[{"href":"https:\/\/www.fundaciontecnova.com\/fr\/wp-json\/wp\/v2\/pages"}],"about":[{"href":"https:\/\/www.fundaciontecnova.com\/fr\/wp-json\/wp\/v2\/types\/page"}],"author":[{"embeddable":true,"href":"https:\/\/www.fundaciontecnova.com\/fr\/wp-json\/wp\/v2\/users\/1"}],"replies":[{"embeddable":true,"href":"https:\/\/www.fundaciontecnova.com\/fr\/wp-json\/wp\/v2\/comments?post=11014"}],"version-history":[{"count":3,"href":"https:\/\/www.fundaciontecnova.com\/fr\/wp-json\/wp\/v2\/pages\/11014\/revisions"}],"predecessor-version":[{"id":11017,"href":"https:\/\/www.fundaciontecnova.com\/fr\/wp-json\/wp\/v2\/pages\/11014\/revisions\/11017"}],"wp:attachment":[{"href":"https:\/\/www.fundaciontecnova.com\/fr\/wp-json\/wp\/v2\/media?parent=11014"}],"curies":[{"name":"wp","href":"https:\/\/api.w.org\/{rel}","templated":true}]}}