{"id":10688,"date":"2020-05-28T04:49:23","date_gmt":"2020-05-28T03:49:23","guid":{"rendered":"http:\/\/www.fundaciontecnova.com\/?page_id=10688"},"modified":"2020-05-28T04:49:23","modified_gmt":"2020-05-28T03:49:23","slug":"evaluation-criteria-of-provider","status":"publish","type":"page","link":"https:\/\/www.fundaciontecnova.com\/en\/evaluation-criteria-of-provider\/","title":{"rendered":"Evaluation criteria of provider"},"content":{"rendered":"<div class=\"wpb-content-wrapper\"><p>[vc_row css_animation=&#8221;&#8221; row_type=&#8221;row&#8221; use_row_as_full_screen_section=&#8221;no&#8221; type=&#8221;full_width&#8221; angled_section=&#8221;no&#8221; text_align=&#8221;left&#8221; background_image_as_pattern=&#8221;without_pattern&#8221;][vc_column][vc_column_text]Seg\u00fan nuestro sistema de gesti\u00f3n ISO 9001, m\u00e1s abajo les mostramos los criterios de evaluaci\u00f3n y selecci\u00f3n de proveedores que aplicamos en Tecnova:<\/p>\n<p>&nbsp;<\/p>\n<ul>\n<li>Mediante certificaci\u00f3n de productos o empresas<\/li>\n<li>Mediante Datos Hist\u00f3ricos<\/li>\n<li>Calidad\/ Precio<\/li>\n<li>Proximidad al Centro<\/li>\n<li>Ser patrono<\/li>\n<li>Decisi\u00f3n de Directora General<\/li>\n<li>Mediante Pedidos a Prueba<\/li>\n<li>Mediante informaci\u00f3n o referencia externas<\/li>\n<li>Colaboradores de I+D+i<\/li>\n<li>Gestores de Residuos<\/li>\n<li>Empresas de Calibraci\u00f3n de Equipos<\/li>\n<li>Subcontrataci\u00f3n de ensayos acreditados<\/li>\n<li>Proveedores intercomparaci\u00f3n<\/li>\n<\/ul>\n<p>[\/vc_column_text][vc_empty_space height=&#8221;90px&#8221; el_class=&#8221;blk_spc&#8221;][\/vc_column][\/vc_row]<\/p>\n<\/div>","protected":false},"excerpt":{"rendered":"<p>[vc_row css_animation=&#8221;&#8221; row_type=&#8221;row&#8221; use_row_as_full_screen_section=&#8221;no&#8221; type=&#8221;full_width&#8221; angled_section=&#8221;no&#8221; text_align=&#8221;left&#8221; background_image_as_pattern=&#8221;without_pattern&#8221;][vc_column][vc_column_text]Seg\u00fan nuestro sistema de gesti\u00f3n ISO 9001, m\u00e1s abajo les mostramos los criterios de evaluaci\u00f3n y selecci\u00f3n de proveedores que aplicamos en Tecnova: &nbsp; Mediante certificaci\u00f3n de productos o empresas Mediante Datos Hist\u00f3ricos Calidad\/ Precio Proximidad al Centro&#8230;<\/p>\n","protected":false},"author":1,"featured_media":0,"parent":0,"menu_order":0,"comment_status":"closed","ping_status":"closed","template":"","meta":{"content-type":"","footnotes":""},"class_list":["post-10688","page","type-page","status-publish","hentry"],"yoast_head":"<!-- This site is optimized with the Yoast SEO plugin v25.6 - https:\/\/yoast.com\/wordpress\/plugins\/seo\/ -->\n<title>Evaluation criteria of provider &#187; Centro Tecnol\u00f3gico Tecnova<\/title>\n<meta name=\"robots\" content=\"index, follow, max-snippet:-1, max-image-preview:large, max-video-preview:-1\" \/>\n<link rel=\"canonical\" href=\"https:\/\/www.fundaciontecnova.com\/en\/evaluation-criteria-of-provider\/\" \/>\n<meta property=\"og:locale\" content=\"en_US\" \/>\n<meta property=\"og:type\" content=\"article\" \/>\n<meta property=\"og:title\" content=\"Evaluation criteria of provider &#187; Centro Tecnol\u00f3gico Tecnova\" \/>\n<meta property=\"og:description\" content=\"[vc_row css_animation=&#8221;&#8221; row_type=&#8221;row&#8221; use_row_as_full_screen_section=&#8221;no&#8221; type=&#8221;full_width&#8221; angled_section=&#8221;no&#8221; text_align=&#8221;left&#8221; background_image_as_pattern=&#8221;without_pattern&#8221;][vc_column][vc_column_text]Seg\u00fan nuestro sistema de gesti\u00f3n ISO 9001, m\u00e1s abajo les mostramos los criterios de evaluaci\u00f3n y selecci\u00f3n de proveedores que aplicamos en Tecnova: &nbsp; Mediante certificaci\u00f3n de productos o empresas Mediante Datos Hist\u00f3ricos Calidad\/ Precio Proximidad al Centro...\" \/>\n<meta property=\"og:url\" content=\"https:\/\/www.fundaciontecnova.com\/en\/evaluation-criteria-of-provider\/\" \/>\n<meta property=\"og:site_name\" content=\"Centro Tecnol\u00f3gico Tecnova\" \/>\n<meta name=\"twitter:card\" content=\"summary_large_image\" \/>\n<meta name=\"twitter:label1\" content=\"Est. reading time\" \/>\n\t<meta name=\"twitter:data1\" content=\"1 minute\" \/>\n<script type=\"application\/ld+json\" class=\"yoast-schema-graph\">{\"@context\":\"https:\/\/schema.org\",\"@graph\":[{\"@type\":\"WebPage\",\"@id\":\"https:\/\/www.fundaciontecnova.com\/en\/evaluation-criteria-of-provider\/\",\"url\":\"https:\/\/www.fundaciontecnova.com\/en\/evaluation-criteria-of-provider\/\",\"name\":\"Evaluation criteria of provider &#187; Centro Tecnol\u00f3gico Tecnova\",\"isPartOf\":{\"@id\":\"https:\/\/www.fundaciontecnova.com\/#website\"},\"datePublished\":\"2020-05-28T03:49:23+00:00\",\"breadcrumb\":{\"@id\":\"https:\/\/www.fundaciontecnova.com\/en\/evaluation-criteria-of-provider\/#breadcrumb\"},\"inLanguage\":\"en-US\",\"potentialAction\":[{\"@type\":\"ReadAction\",\"target\":[\"https:\/\/www.fundaciontecnova.com\/en\/evaluation-criteria-of-provider\/\"]}]},{\"@type\":\"BreadcrumbList\",\"@id\":\"https:\/\/www.fundaciontecnova.com\/en\/evaluation-criteria-of-provider\/#breadcrumb\",\"itemListElement\":[{\"@type\":\"ListItem\",\"position\":1,\"name\":\"Portada\",\"item\":\"https:\/\/www.fundaciontecnova.com\/en\/\"},{\"@type\":\"ListItem\",\"position\":2,\"name\":\"Evaluation criteria of provider\"}]},{\"@type\":\"WebSite\",\"@id\":\"https:\/\/www.fundaciontecnova.com\/#website\",\"url\":\"https:\/\/www.fundaciontecnova.com\/\",\"name\":\"Centro Tecnol\u00f3gico Tecnova\",\"description\":\"Es el Centro Tecnol\u00f3gico de la Industria Auxiliar, Postcosecha y Envasado hortofrut\u00edcola. Trabaja en I+D+i, formaci\u00f3n, promoci\u00f3n e internacionalizaci\u00f3n\",\"publisher\":{\"@id\":\"https:\/\/www.fundaciontecnova.com\/#organization\"},\"potentialAction\":[{\"@type\":\"SearchAction\",\"target\":{\"@type\":\"EntryPoint\",\"urlTemplate\":\"https:\/\/www.fundaciontecnova.com\/?s={search_term_string}\"},\"query-input\":{\"@type\":\"PropertyValueSpecification\",\"valueRequired\":true,\"valueName\":\"search_term_string\"}}],\"inLanguage\":\"en-US\"},{\"@type\":\"Organization\",\"@id\":\"https:\/\/www.fundaciontecnova.com\/#organization\",\"name\":\"Fundaci\u00f3n Tecnova\",\"url\":\"https:\/\/www.fundaciontecnova.com\/\",\"logo\":{\"@type\":\"ImageObject\",\"inLanguage\":\"en-US\",\"@id\":\"https:\/\/www.fundaciontecnova.com\/#\/schema\/logo\/image\/\",\"url\":\"https:\/\/www.fundaciontecnova.com\/wp-content\/uploads\/2020\/04\/LOGO.png\",\"contentUrl\":\"https:\/\/www.fundaciontecnova.com\/wp-content\/uploads\/2020\/04\/LOGO.png\",\"width\":591,\"height\":299,\"caption\":\"Fundaci\u00f3n Tecnova\"},\"image\":{\"@id\":\"https:\/\/www.fundaciontecnova.com\/#\/schema\/logo\/image\/\"}}]}<\/script>\n<!-- \/ Yoast SEO plugin. -->","yoast_head_json":{"title":"Evaluation criteria of provider &#187; Centro Tecnol\u00f3gico Tecnova","robots":{"index":"index","follow":"follow","max-snippet":"max-snippet:-1","max-image-preview":"max-image-preview:large","max-video-preview":"max-video-preview:-1"},"canonical":"https:\/\/www.fundaciontecnova.com\/en\/evaluation-criteria-of-provider\/","og_locale":"en_US","og_type":"article","og_title":"Evaluation criteria of provider &#187; Centro Tecnol\u00f3gico Tecnova","og_description":"[vc_row css_animation=&#8221;&#8221; row_type=&#8221;row&#8221; use_row_as_full_screen_section=&#8221;no&#8221; type=&#8221;full_width&#8221; angled_section=&#8221;no&#8221; text_align=&#8221;left&#8221; background_image_as_pattern=&#8221;without_pattern&#8221;][vc_column][vc_column_text]Seg\u00fan nuestro sistema de gesti\u00f3n ISO 9001, m\u00e1s abajo les mostramos los criterios de evaluaci\u00f3n y selecci\u00f3n de proveedores que aplicamos en Tecnova: &nbsp; Mediante certificaci\u00f3n de productos o empresas Mediante Datos Hist\u00f3ricos Calidad\/ Precio Proximidad al Centro...","og_url":"https:\/\/www.fundaciontecnova.com\/en\/evaluation-criteria-of-provider\/","og_site_name":"Centro Tecnol\u00f3gico Tecnova","twitter_card":"summary_large_image","twitter_misc":{"Est. reading time":"1 minute"},"schema":{"@context":"https:\/\/schema.org","@graph":[{"@type":"WebPage","@id":"https:\/\/www.fundaciontecnova.com\/en\/evaluation-criteria-of-provider\/","url":"https:\/\/www.fundaciontecnova.com\/en\/evaluation-criteria-of-provider\/","name":"Evaluation criteria of provider &#187; Centro Tecnol\u00f3gico Tecnova","isPartOf":{"@id":"https:\/\/www.fundaciontecnova.com\/#website"},"datePublished":"2020-05-28T03:49:23+00:00","breadcrumb":{"@id":"https:\/\/www.fundaciontecnova.com\/en\/evaluation-criteria-of-provider\/#breadcrumb"},"inLanguage":"en-US","potentialAction":[{"@type":"ReadAction","target":["https:\/\/www.fundaciontecnova.com\/en\/evaluation-criteria-of-provider\/"]}]},{"@type":"BreadcrumbList","@id":"https:\/\/www.fundaciontecnova.com\/en\/evaluation-criteria-of-provider\/#breadcrumb","itemListElement":[{"@type":"ListItem","position":1,"name":"Portada","item":"https:\/\/www.fundaciontecnova.com\/en\/"},{"@type":"ListItem","position":2,"name":"Evaluation criteria of provider"}]},{"@type":"WebSite","@id":"https:\/\/www.fundaciontecnova.com\/#website","url":"https:\/\/www.fundaciontecnova.com\/","name":"Centro Tecnol\u00f3gico Tecnova","description":"Es el Centro Tecnol\u00f3gico de la Industria Auxiliar, Postcosecha y Envasado hortofrut\u00edcola. Trabaja en I+D+i, formaci\u00f3n, promoci\u00f3n e internacionalizaci\u00f3n","publisher":{"@id":"https:\/\/www.fundaciontecnova.com\/#organization"},"potentialAction":[{"@type":"SearchAction","target":{"@type":"EntryPoint","urlTemplate":"https:\/\/www.fundaciontecnova.com\/?s={search_term_string}"},"query-input":{"@type":"PropertyValueSpecification","valueRequired":true,"valueName":"search_term_string"}}],"inLanguage":"en-US"},{"@type":"Organization","@id":"https:\/\/www.fundaciontecnova.com\/#organization","name":"Fundaci\u00f3n Tecnova","url":"https:\/\/www.fundaciontecnova.com\/","logo":{"@type":"ImageObject","inLanguage":"en-US","@id":"https:\/\/www.fundaciontecnova.com\/#\/schema\/logo\/image\/","url":"https:\/\/www.fundaciontecnova.com\/wp-content\/uploads\/2020\/04\/LOGO.png","contentUrl":"https:\/\/www.fundaciontecnova.com\/wp-content\/uploads\/2020\/04\/LOGO.png","width":591,"height":299,"caption":"Fundaci\u00f3n Tecnova"},"image":{"@id":"https:\/\/www.fundaciontecnova.com\/#\/schema\/logo\/image\/"}}]}},"_links":{"self":[{"href":"https:\/\/www.fundaciontecnova.com\/en\/wp-json\/wp\/v2\/pages\/10688","targetHints":{"allow":["GET"]}}],"collection":[{"href":"https:\/\/www.fundaciontecnova.com\/en\/wp-json\/wp\/v2\/pages"}],"about":[{"href":"https:\/\/www.fundaciontecnova.com\/en\/wp-json\/wp\/v2\/types\/page"}],"author":[{"embeddable":true,"href":"https:\/\/www.fundaciontecnova.com\/en\/wp-json\/wp\/v2\/users\/1"}],"replies":[{"embeddable":true,"href":"https:\/\/www.fundaciontecnova.com\/en\/wp-json\/wp\/v2\/comments?post=10688"}],"version-history":[{"count":1,"href":"https:\/\/www.fundaciontecnova.com\/en\/wp-json\/wp\/v2\/pages\/10688\/revisions"}],"predecessor-version":[{"id":10689,"href":"https:\/\/www.fundaciontecnova.com\/en\/wp-json\/wp\/v2\/pages\/10688\/revisions\/10689"}],"wp:attachment":[{"href":"https:\/\/www.fundaciontecnova.com\/en\/wp-json\/wp\/v2\/media?parent=10688"}],"curies":[{"name":"wp","href":"https:\/\/api.w.org\/{rel}","templated":true}]}}