{"id":10686,"date":"2020-05-28T04:48:43","date_gmt":"2020-05-28T03:48:43","guid":{"rendered":"http:\/\/www.fundaciontecnova.com\/?page_id=10686"},"modified":"2020-05-28T04:48:43","modified_gmt":"2020-05-28T03:48:43","slug":"contractors-profile","status":"publish","type":"page","link":"https:\/\/www.fundaciontecnova.com\/en\/contractors-profile\/","title":{"rendered":"Contractor\u00b4s profile"},"content":{"rendered":"<div class=\"wpb-content-wrapper\"><p>[vc_row css_animation=&#8221;&#8221; row_type=&#8221;row&#8221; use_row_as_full_screen_section=&#8221;no&#8221; type=&#8221;full_width&#8221; angled_section=&#8221;no&#8221; text_align=&#8221;left&#8221; background_image_as_pattern=&#8221;without_pattern&#8221;][vc_column][vc_column_text]<\/p>\n<h3>Instrucci\u00f3n de Contrataci\u00f3n<\/h3>\n<p>&nbsp;<\/p>\n<ul class=\"criterios\">\n<li><a href=\"\/wp-content\/uploads\/2020\/05\/Instrucciones-de-contrataci\u00f3n-TECNOVA-seg\u00fan-RDL-2011.pdf\" target=\"_blank\" rel=\"noopener noreferrer\">Instrucciones de contrataci\u00f3n TECNOVA seg\u00fan RDL 2011<\/a> (PDF)<\/li>\n<li><a href=\"\/wp-content\/uploads\/2020\/05\/Instrucciones-de-contrataci\u00f3n-TECNOVA-Correciones-Ley-92017.pdf\" target=\"_blank\" rel=\"noopener noreferrer\">Instrucciones de contrataci\u00f3n TECNOVA (Correcciones Ley 92017)<\/a> (PDF)<\/li>\n<\/ul>\n<p>[\/vc_column_text][vc_empty_space height=&#8221;30px&#8221;][\/vc_column][\/vc_row][vc_row css_animation=&#8221;&#8221; row_type=&#8221;row&#8221; use_row_as_full_screen_section=&#8221;no&#8221; type=&#8221;full_width&#8221; angled_section=&#8221;no&#8221; text_align=&#8221;left&#8221; background_image_as_pattern=&#8221;without_pattern&#8221;][vc_column][vc_column_text]<\/p>\n<h3>Contratos menores<\/h3>\n<p>02\/01\/2019 Acta de Contratos menores cuarto trimestre 2018: <a href=\"https:\/\/www.fundaciontecnova.com\/wp-content\/uploads\/2020\/05\/Contratos-menores-4T2018-1.pdf\">Contratos menores 4T2018<\/a><\/p>\n<p>01\/04\/2019 Acta de Contratos menores primer trimestre 2019: <a href=\"https:\/\/www.fundaciontecnova.com\/wp-content\/uploads\/2020\/05\/Contratos-menores-1T2019.pdf\">Contratos menores 1T2019<\/a><\/p>\n<p>01\/07\/2019 Acta de Contratos menores segundo trimestre 2019: <a href=\"https:\/\/www.fundaciontecnova.com\/wp-content\/uploads\/2020\/05\/Contratos-menores-2T2019-1.pdf\">Contratos menores 2T2019<\/a><\/p>\n<p>01\/10\/2019 Acta de Contratos menores tercer trimestre 2019: <a href=\"https:\/\/www.fundaciontecnova.com\/wp-content\/uploads\/2020\/05\/Contratos-menores-3T2019-1.pdf\">Contratos menores 3T2019<\/a><\/p>\n<p>03\/01\/2020 Acta de Contratos menores cuarto trimestre 2019: <a href=\"https:\/\/www.fundaciontecnova.com\/wp-content\/uploads\/2020\/05\/Contratos-menores-4T2019-1.pdf\">Contratos menores 4T2019<\/a><\/p>\n<p>01\/04\/2020 Acta de Contratos menores primer trimestre 2020: <a href=\"https:\/\/www.fundaciontecnova.com\/wp-content\/uploads\/2020\/05\/Contratos-menores-1T2020-1.pdf\">Contratos menores 1T2020<\/a>[\/vc_column_text][vc_empty_space][\/vc_column][\/vc_row][vc_row css_animation=&#8221;&#8221; row_type=&#8221;row&#8221; use_row_as_full_screen_section=&#8221;no&#8221; type=&#8221;full_width&#8221; angled_section=&#8221;no&#8221; text_align=&#8221;left&#8221; background_image_as_pattern=&#8221;without_pattern&#8221;][vc_column][vc_column_text]<\/p>\n<h3>Expedientes cerrados<\/h3>\n<p>Expediente 2\/2019<\/p>\n<div class=\"show_more\"><p class=\"wpsm-show\" style=\"color: #2d3964; font-size: 100%; text-align: right;\"> Ver m\u00e1s<\/p><div class=\"wpsm-content\">\n<p>C\u00f3digo:\u00a0 EXP 02\/2019<\/p>\n<p>Entidad contratante: Fundaci\u00f3n TECNOVA<\/p>\n<p>Objeto:\u00a0 LICITACI\u00d3N DEL CONTRATO DE SUMINISTRO Y CONSTRUCCI\u00d3N<\/p>\n<p>DE UN INVERNADERO OJIVAL\/ G\u00d3TICO DE 2.784,00 M2<\/p>\n<p>EN LAS INSTALACIONES EN CENTRO EXPERIMENTAL TECNOVA<\/p>\n<p>Tipo de procedimiento: Procedimiento abierto simplificado<\/p>\n<p>Presupuesto Base (Sin IVA): 170.000\u20ac<\/p>\n<p>Estado: Adjudicado<\/p>\n<p>Fecha de publicaci\u00f3n: 14\/08\/2019<\/p>\n<p>Fecha l\u00edmite para ofertas: 09\/09\/2019<\/p>\n<p>&nbsp;<\/p>\n<p><a href=\"https:\/\/www.fundaciontecnova.com\/wp-content\/uploads\/2020\/05\/Exp_02_2019_Pliego-condiciones-administrativas_firmado.pdf\">Exp_02_2019_Pliego condiciones administrativas_firmado<\/a><\/p>\n<p><a href=\"https:\/\/www.fundaciontecnova.com\/wp-content\/uploads\/2020\/05\/Exp_02_2019_Pliego-condiciones-tecnicas-Invernadero_firmado.pdf\">Exp_02_2019_Pliego condiciones tecnicas Invernadero_firmado<\/a><\/p>\n<p><a href=\"https:\/\/www.fundaciontecnova.com\/wp-content\/uploads\/2020\/05\/01.-Acta-de-constitucion-de-la-mesa-de-contratacion.pdf\">01. Acta de constitucion de la mesa de contratacion<\/a><\/p>\n<p><a href=\"https:\/\/www.fundaciontecnova.com\/wp-content\/uploads\/2020\/05\/02.-Acta-de-apertura-de-procedimiento-de-adjudicacio\u0301n-.pdf\">02. Acta de apertura de procedimiento de adjudicacio\u0301n<\/a><\/p>\n<p><a href=\"https:\/\/www.fundaciontecnova.com\/wp-content\/uploads\/2020\/05\/03.-Acta-de-apertura-de-ofertas-te\u0301nicas.pdf\">03. Acta de apertura de ofertas te\u0301nicas<\/a><\/p>\n<p><a href=\"https:\/\/www.fundaciontecnova.com\/wp-content\/uploads\/2020\/05\/04.-Acta-de-apertura-de-oferta-econ\u00f3mica-y-valoracion-global..pdf\">04. Acta de apertura de oferta econ\u00f3mica y valoracion global.<\/a><\/p>\n<p><a href=\"https:\/\/www.fundaciontecnova.com\/wp-content\/uploads\/2020\/05\/05.-Acta-de-propuesta-de-adjudicacio\u0301n.pdf\">05. Acta de propuesta de adjudicacio\u0301n<\/a><\/p>\n<p><a href=\"https:\/\/www.fundaciontecnova.com\/wp-content\/uploads\/2020\/05\/06.-Acta-de-adjudicacio\u0301n.pdf\">06. Acta de adjudicacio\u0301n<\/a><\/p>\n<p> <p class=\"wpsm-hide\" style=\"color: #2d3964; font-size: 100%; text-align: right;\"> Ver menos<\/p><\/div><\/div>[\/vc_column_text][\/vc_column][\/vc_row][vc_row css_animation=&#8221;&#8221; row_type=&#8221;row&#8221; use_row_as_full_screen_section=&#8221;no&#8221; type=&#8221;full_width&#8221; angled_section=&#8221;no&#8221; text_align=&#8221;left&#8221; background_image_as_pattern=&#8221;without_pattern&#8221;][vc_column][vc_empty_space][\/vc_column][\/vc_row][vc_row css_animation=&#8221;&#8221; row_type=&#8221;row&#8221; use_row_as_full_screen_section=&#8221;no&#8221; type=&#8221;full_width&#8221; angled_section=&#8221;no&#8221; text_align=&#8221;left&#8221; background_image_as_pattern=&#8221;without_pattern&#8221;][vc_column][vc_column_text]<\/p>\n<h3>Expedientes abiertos<\/h3>\n<p>Expediente 04\/2020<\/p>\n<div class=\"show_more\"><p class=\"wpsm-show\" style=\"color: #2d3964; font-size: 100%; text-align: right;\"> Ver m\u00e1s<\/p><div class=\"wpsm-content\">\n<p>C\u00f3digo:\u00a0 04\/2020<\/p>\n<p>Entidad contratante: Fundaci\u00f3n TECNOVA<\/p>\n<p>Objeto: Equipos de medici\u00f3n y control<\/p>\n<p>Tipo de procedimiento: Procedimiento abierto simplificado<\/p>\n<p>Presupuesto Base (Sin IVA): 98.600 \u20ac<\/p>\n<p>Estado: Abierto<\/p>\n<p>Fecha de publicaci\u00f3n: 19\/05\/2020<\/p>\n<p>Fecha l\u00edmite para ofertas: 09\/06\/2020<\/p>\n<p>&nbsp;<\/p>\n<p><a href=\"https:\/\/www.fundaciontecnova.com\/wp-content\/uploads\/2020\/05\/1.-Pliego-condiciones-adtvas-EXP-04.20.pdf\">1. Pliego condiciones adtvas EXP 04.20<\/a><\/p>\n<p><a href=\"https:\/\/www.fundaciontecnova.com\/wp-content\/uploads\/2020\/05\/2.-Pliego-condiciones-te\u0301nicas-EXP-04.20.pdf\">2. Pliego condiciones te\u0301nicas EXP 04.20<\/a> <p class=\"wpsm-hide\" style=\"color: #2d3964; font-size: 100%; text-align: right;\"> Ver menos<\/p><\/div><\/div>[\/vc_column_text][\/vc_column][\/vc_row][vc_row css_animation=&#8221;&#8221; row_type=&#8221;row&#8221; use_row_as_full_screen_section=&#8221;no&#8221; type=&#8221;full_width&#8221; angled_section=&#8221;no&#8221; text_align=&#8221;left&#8221; background_image_as_pattern=&#8221;without_pattern&#8221;][vc_column][vc_empty_space][\/vc_column][\/vc_row]<\/p>\n<\/div>","protected":false},"excerpt":{"rendered":"<p>[vc_row css_animation=&#8221;&#8221; row_type=&#8221;row&#8221; use_row_as_full_screen_section=&#8221;no&#8221; type=&#8221;full_width&#8221; angled_section=&#8221;no&#8221; text_align=&#8221;left&#8221; background_image_as_pattern=&#8221;without_pattern&#8221;][vc_column][vc_column_text] Instrucci\u00f3n de Contrataci\u00f3n &nbsp; Instrucciones de contrataci\u00f3n TECNOVA seg\u00fan RDL 2011 (PDF) Instrucciones de contrataci\u00f3n TECNOVA (Correcciones Ley 92017) (PDF) [\/vc_column_text][vc_empty_space height=&#8221;30px&#8221;][\/vc_column][\/vc_row][vc_row css_animation=&#8221;&#8221; row_type=&#8221;row&#8221; use_row_as_full_screen_section=&#8221;no&#8221; type=&#8221;full_width&#8221; angled_section=&#8221;no&#8221; text_align=&#8221;left&#8221; background_image_as_pattern=&#8221;without_pattern&#8221;][vc_column][vc_column_text] Contratos menores 02\/01\/2019 Acta de Contratos menores cuarto&#8230;<\/p>\n","protected":false},"author":1,"featured_media":0,"parent":0,"menu_order":0,"comment_status":"closed","ping_status":"closed","template":"","meta":{"content-type":"","footnotes":""},"class_list":["post-10686","page","type-page","status-publish","hentry"],"yoast_head":"<!-- This site is optimized with the Yoast SEO plugin v25.6 - https:\/\/yoast.com\/wordpress\/plugins\/seo\/ -->\n<title>Contractor\u00b4s profile &#187; Centro Tecnol\u00f3gico Tecnova<\/title>\n<meta name=\"robots\" content=\"index, follow, max-snippet:-1, max-image-preview:large, max-video-preview:-1\" \/>\n<link rel=\"canonical\" href=\"https:\/\/www.fundaciontecnova.com\/en\/contractors-profile\/\" \/>\n<meta property=\"og:locale\" content=\"en_US\" \/>\n<meta property=\"og:type\" content=\"article\" \/>\n<meta property=\"og:title\" content=\"Contractor\u00b4s profile &#187; Centro Tecnol\u00f3gico Tecnova\" \/>\n<meta property=\"og:description\" content=\"[vc_row css_animation=&#8221;&#8221; row_type=&#8221;row&#8221; use_row_as_full_screen_section=&#8221;no&#8221; type=&#8221;full_width&#8221; angled_section=&#8221;no&#8221; text_align=&#8221;left&#8221; background_image_as_pattern=&#8221;without_pattern&#8221;][vc_column][vc_column_text] Instrucci\u00f3n de Contrataci\u00f3n &nbsp; Instrucciones de contrataci\u00f3n TECNOVA seg\u00fan RDL 2011 (PDF) Instrucciones de contrataci\u00f3n TECNOVA (Correcciones Ley 92017) (PDF) [\/vc_column_text][vc_empty_space height=&#8221;30px&#8221;][\/vc_column][\/vc_row][vc_row css_animation=&#8221;&#8221; row_type=&#8221;row&#8221; use_row_as_full_screen_section=&#8221;no&#8221; type=&#8221;full_width&#8221; angled_section=&#8221;no&#8221; text_align=&#8221;left&#8221; background_image_as_pattern=&#8221;without_pattern&#8221;][vc_column][vc_column_text] Contratos menores 02\/01\/2019 Acta de Contratos menores cuarto...\" \/>\n<meta property=\"og:url\" content=\"https:\/\/www.fundaciontecnova.com\/en\/contractors-profile\/\" \/>\n<meta property=\"og:site_name\" content=\"Centro Tecnol\u00f3gico Tecnova\" \/>\n<meta name=\"twitter:card\" content=\"summary_large_image\" \/>\n<meta name=\"twitter:label1\" content=\"Est. reading time\" \/>\n\t<meta name=\"twitter:data1\" content=\"3 minutes\" \/>\n<script type=\"application\/ld+json\" class=\"yoast-schema-graph\">{\"@context\":\"https:\/\/schema.org\",\"@graph\":[{\"@type\":\"WebPage\",\"@id\":\"https:\/\/www.fundaciontecnova.com\/en\/contractors-profile\/\",\"url\":\"https:\/\/www.fundaciontecnova.com\/en\/contractors-profile\/\",\"name\":\"Contractor\u00b4s profile &#187; Centro Tecnol\u00f3gico Tecnova\",\"isPartOf\":{\"@id\":\"https:\/\/www.fundaciontecnova.com\/#website\"},\"datePublished\":\"2020-05-28T03:48:43+00:00\",\"breadcrumb\":{\"@id\":\"https:\/\/www.fundaciontecnova.com\/en\/contractors-profile\/#breadcrumb\"},\"inLanguage\":\"en-US\",\"potentialAction\":[{\"@type\":\"ReadAction\",\"target\":[\"https:\/\/www.fundaciontecnova.com\/en\/contractors-profile\/\"]}]},{\"@type\":\"BreadcrumbList\",\"@id\":\"https:\/\/www.fundaciontecnova.com\/en\/contractors-profile\/#breadcrumb\",\"itemListElement\":[{\"@type\":\"ListItem\",\"position\":1,\"name\":\"Portada\",\"item\":\"https:\/\/www.fundaciontecnova.com\/en\/\"},{\"@type\":\"ListItem\",\"position\":2,\"name\":\"Contractor\u00b4s profile\"}]},{\"@type\":\"WebSite\",\"@id\":\"https:\/\/www.fundaciontecnova.com\/#website\",\"url\":\"https:\/\/www.fundaciontecnova.com\/\",\"name\":\"Centro Tecnol\u00f3gico Tecnova\",\"description\":\"Es el Centro Tecnol\u00f3gico de la Industria Auxiliar, Postcosecha y Envasado hortofrut\u00edcola. Trabaja en I+D+i, formaci\u00f3n, promoci\u00f3n e internacionalizaci\u00f3n\",\"publisher\":{\"@id\":\"https:\/\/www.fundaciontecnova.com\/#organization\"},\"potentialAction\":[{\"@type\":\"SearchAction\",\"target\":{\"@type\":\"EntryPoint\",\"urlTemplate\":\"https:\/\/www.fundaciontecnova.com\/?s={search_term_string}\"},\"query-input\":{\"@type\":\"PropertyValueSpecification\",\"valueRequired\":true,\"valueName\":\"search_term_string\"}}],\"inLanguage\":\"en-US\"},{\"@type\":\"Organization\",\"@id\":\"https:\/\/www.fundaciontecnova.com\/#organization\",\"name\":\"Fundaci\u00f3n Tecnova\",\"url\":\"https:\/\/www.fundaciontecnova.com\/\",\"logo\":{\"@type\":\"ImageObject\",\"inLanguage\":\"en-US\",\"@id\":\"https:\/\/www.fundaciontecnova.com\/#\/schema\/logo\/image\/\",\"url\":\"https:\/\/www.fundaciontecnova.com\/wp-content\/uploads\/2020\/04\/LOGO.png\",\"contentUrl\":\"https:\/\/www.fundaciontecnova.com\/wp-content\/uploads\/2020\/04\/LOGO.png\",\"width\":591,\"height\":299,\"caption\":\"Fundaci\u00f3n Tecnova\"},\"image\":{\"@id\":\"https:\/\/www.fundaciontecnova.com\/#\/schema\/logo\/image\/\"}}]}<\/script>\n<!-- \/ Yoast SEO plugin. -->","yoast_head_json":{"title":"Contractor\u00b4s profile &#187; Centro Tecnol\u00f3gico Tecnova","robots":{"index":"index","follow":"follow","max-snippet":"max-snippet:-1","max-image-preview":"max-image-preview:large","max-video-preview":"max-video-preview:-1"},"canonical":"https:\/\/www.fundaciontecnova.com\/en\/contractors-profile\/","og_locale":"en_US","og_type":"article","og_title":"Contractor\u00b4s profile &#187; Centro Tecnol\u00f3gico Tecnova","og_description":"[vc_row css_animation=&#8221;&#8221; row_type=&#8221;row&#8221; use_row_as_full_screen_section=&#8221;no&#8221; type=&#8221;full_width&#8221; angled_section=&#8221;no&#8221; text_align=&#8221;left&#8221; background_image_as_pattern=&#8221;without_pattern&#8221;][vc_column][vc_column_text] Instrucci\u00f3n de Contrataci\u00f3n &nbsp; Instrucciones de contrataci\u00f3n TECNOVA seg\u00fan RDL 2011 (PDF) Instrucciones de contrataci\u00f3n TECNOVA (Correcciones Ley 92017) (PDF) [\/vc_column_text][vc_empty_space height=&#8221;30px&#8221;][\/vc_column][\/vc_row][vc_row css_animation=&#8221;&#8221; row_type=&#8221;row&#8221; use_row_as_full_screen_section=&#8221;no&#8221; type=&#8221;full_width&#8221; angled_section=&#8221;no&#8221; text_align=&#8221;left&#8221; background_image_as_pattern=&#8221;without_pattern&#8221;][vc_column][vc_column_text] Contratos menores 02\/01\/2019 Acta de Contratos menores cuarto...","og_url":"https:\/\/www.fundaciontecnova.com\/en\/contractors-profile\/","og_site_name":"Centro Tecnol\u00f3gico Tecnova","twitter_card":"summary_large_image","twitter_misc":{"Est. reading time":"3 minutes"},"schema":{"@context":"https:\/\/schema.org","@graph":[{"@type":"WebPage","@id":"https:\/\/www.fundaciontecnova.com\/en\/contractors-profile\/","url":"https:\/\/www.fundaciontecnova.com\/en\/contractors-profile\/","name":"Contractor\u00b4s profile &#187; Centro Tecnol\u00f3gico Tecnova","isPartOf":{"@id":"https:\/\/www.fundaciontecnova.com\/#website"},"datePublished":"2020-05-28T03:48:43+00:00","breadcrumb":{"@id":"https:\/\/www.fundaciontecnova.com\/en\/contractors-profile\/#breadcrumb"},"inLanguage":"en-US","potentialAction":[{"@type":"ReadAction","target":["https:\/\/www.fundaciontecnova.com\/en\/contractors-profile\/"]}]},{"@type":"BreadcrumbList","@id":"https:\/\/www.fundaciontecnova.com\/en\/contractors-profile\/#breadcrumb","itemListElement":[{"@type":"ListItem","position":1,"name":"Portada","item":"https:\/\/www.fundaciontecnova.com\/en\/"},{"@type":"ListItem","position":2,"name":"Contractor\u00b4s profile"}]},{"@type":"WebSite","@id":"https:\/\/www.fundaciontecnova.com\/#website","url":"https:\/\/www.fundaciontecnova.com\/","name":"Centro Tecnol\u00f3gico Tecnova","description":"Es el Centro Tecnol\u00f3gico de la Industria Auxiliar, Postcosecha y Envasado hortofrut\u00edcola. Trabaja en I+D+i, formaci\u00f3n, promoci\u00f3n e internacionalizaci\u00f3n","publisher":{"@id":"https:\/\/www.fundaciontecnova.com\/#organization"},"potentialAction":[{"@type":"SearchAction","target":{"@type":"EntryPoint","urlTemplate":"https:\/\/www.fundaciontecnova.com\/?s={search_term_string}"},"query-input":{"@type":"PropertyValueSpecification","valueRequired":true,"valueName":"search_term_string"}}],"inLanguage":"en-US"},{"@type":"Organization","@id":"https:\/\/www.fundaciontecnova.com\/#organization","name":"Fundaci\u00f3n Tecnova","url":"https:\/\/www.fundaciontecnova.com\/","logo":{"@type":"ImageObject","inLanguage":"en-US","@id":"https:\/\/www.fundaciontecnova.com\/#\/schema\/logo\/image\/","url":"https:\/\/www.fundaciontecnova.com\/wp-content\/uploads\/2020\/04\/LOGO.png","contentUrl":"https:\/\/www.fundaciontecnova.com\/wp-content\/uploads\/2020\/04\/LOGO.png","width":591,"height":299,"caption":"Fundaci\u00f3n Tecnova"},"image":{"@id":"https:\/\/www.fundaciontecnova.com\/#\/schema\/logo\/image\/"}}]}},"_links":{"self":[{"href":"https:\/\/www.fundaciontecnova.com\/en\/wp-json\/wp\/v2\/pages\/10686","targetHints":{"allow":["GET"]}}],"collection":[{"href":"https:\/\/www.fundaciontecnova.com\/en\/wp-json\/wp\/v2\/pages"}],"about":[{"href":"https:\/\/www.fundaciontecnova.com\/en\/wp-json\/wp\/v2\/types\/page"}],"author":[{"embeddable":true,"href":"https:\/\/www.fundaciontecnova.com\/en\/wp-json\/wp\/v2\/users\/1"}],"replies":[{"embeddable":true,"href":"https:\/\/www.fundaciontecnova.com\/en\/wp-json\/wp\/v2\/comments?post=10686"}],"version-history":[{"count":1,"href":"https:\/\/www.fundaciontecnova.com\/en\/wp-json\/wp\/v2\/pages\/10686\/revisions"}],"predecessor-version":[{"id":10687,"href":"https:\/\/www.fundaciontecnova.com\/en\/wp-json\/wp\/v2\/pages\/10686\/revisions\/10687"}],"wp:attachment":[{"href":"https:\/\/www.fundaciontecnova.com\/en\/wp-json\/wp\/v2\/media?parent=10686"}],"curies":[{"name":"wp","href":"https:\/\/api.w.org\/{rel}","templated":true}]}}