{"id":10684,"date":"2020-05-28T04:47:59","date_gmt":"2020-05-28T03:47:59","guid":{"rendered":"http:\/\/www.fundaciontecnova.com\/?page_id=10684"},"modified":"2020-09-14T12:40:55","modified_gmt":"2020-09-14T11:40:55","slug":"quality-environment-and-rdi","status":"publish","type":"page","link":"https:\/\/www.fundaciontecnova.com\/en\/quality-environment-and-rdi\/","title":{"rendered":"Quality, environment and R&#038;D&#038;i"},"content":{"rendered":"<div class=\"wpb-content-wrapper\"><p>[vc_row css_animation=&#8221;&#8221; row_type=&#8221;row&#8221; use_row_as_full_screen_section=&#8221;no&#8221; type=&#8221;full_width&#8221; angled_section=&#8221;no&#8221; text_align=&#8221;left&#8221; background_image_as_pattern=&#8221;without_pattern&#8221;][vc_column][vc_column_text]The purpose of the TECNOVA FOUNDATION is to provide a good service in the field of \u201cTraining, Promotion and R + D + i for the Auxiliary Industry of Agriculture and Postharvest. Tests for plastic film. Multielemental determination. Useful life studies \u201d.<\/p>\n<p>&nbsp;<\/p>\n<p><strong>COMMITMENTS<\/strong><\/p>\n<p>\u2022 Only the quality of our services will allow us to keep our employers \/ clients; efficiency and continuous improvement will allow us to attract new employers \/ clients.<\/p>\n<p>\u2022 It is a commitment of EVERYONE to provide business solutions, through a united team that guarantees a quality service to the employer \/ client, as well as ensuring good professional practices and the quality of the tests.<\/p>\n<p>The tests are carried out ensuring impartiality. Taking measures to ensure that management and staff are free from any undue pressure or influence, internal or external, commercial, financial or otherwise, that may harm the quality of their work and ensuring the confidentiality of information and results.<\/p>\n<p>\u2022 It is a commitment of EVERYONE to meet the requirements of the employer \/ client and all interested parties, as well as the legal and regulatory requirements, as well as the requirements of ISO 9001, ISO 14001, UNE 166002 and ISO 17025.<\/p>\n<p>\u2022 It is EVERYONE&#8217;s commitment to be continuously informed of the innovations and technological changes required in the market, as well as to support all R &amp; D &amp; I activities and the demand of the Agricultural sector to improve competitiveness for the benefit of our employers \/ clients.<\/p>\n<p>\u2022 It is everyone&#8217;s commitment to work with a focus on risk management in order to continuously improve the effectiveness of the quality, environmental and R &amp; D &amp; I management system.<\/p>\n<p>\u2022 We are committed to continuously preventing pollution.<\/p>\n<p>&nbsp;<\/p>\n<p>&nbsp;<\/p>\n<p><strong>VISION<\/strong><br \/>\nTo be a reference and provider of technological knowledge with international projection in the technologies applied to fruit and vegetable production, marketing, post-harvest and packaging.<\/p>\n<p>&nbsp;<\/p>\n<p>&nbsp;<\/p>\n<p><strong>STRATEGIES<\/strong><br \/>\n1.- TRAINING: Employee training will be improved so that they have the highest level of excellence in the tasks they perform.<\/p>\n<p>2.- COMMITMENT OF THE WORKERS:<\/p>\n<p>\u2022 There is a young team with the same desire to be supportive and useful to our employers \/ clients. The workers will put the maximum interest in carrying out the tasks entrusted to them to achieve the objectives of the Foundation. ALL workers must be committed to quality and know the quality documentation and applicable procedures.<\/p>\n<p>\u2022 Promotion by ALL workers of creativity in the identification and characterization of ideas, objectives and technological scenarios.<\/p>\n<p>\u2022 People, those who are in contact with the employer \/ client, must detect the problems, opportunities and points of view necessary for continuous improvement.<\/p>\n<p>\u2022 We will transmit the culture of quality and the environment to all staff and suppliers, making them aware of the importance of their role in sustainability, protection and respect for the environment and in contributing to the image sought with the employer \/ client and other interested parties .<\/p>\n<p>3.- QUALITY GUARANTEE: In no case will the patrons \/ clients question the quality of the services offered due to the uncontrolled growth of the Foundation.<\/p>\n<p>\u2022 The tests will always be carried out in accordance with established methods and customer requirements.<br \/>\n4.- R &amp; D &amp; I SYSTEM: The R &amp; D &amp; I management system will be the tool that will allow us to improve our services as well as create new ones.<\/p>\n<p>\u2022 An exploitation of the results of the R + D + i management will be carried out, which allows, within the maximum confidentiality, to make the most of the results obtained.<\/p>\n<p>5.-ENVIRONMENT: Manage the center, in such a way as to reduce negative environmental impacts and the use of natural resources.<\/p>\n<p>&nbsp;<\/p>\n<p>In Almer\u00eda, on September 12, 2019<br \/>\nCEO[\/vc_column_text][vc_empty_space height=&#8221;100px&#8221;][\/vc_column][\/vc_row]<\/p>\n<\/div>","protected":false},"excerpt":{"rendered":"<p>[vc_row css_animation=&#8221;&#8221; row_type=&#8221;row&#8221; use_row_as_full_screen_section=&#8221;no&#8221; type=&#8221;full_width&#8221; angled_section=&#8221;no&#8221; text_align=&#8221;left&#8221; background_image_as_pattern=&#8221;without_pattern&#8221;][vc_column][vc_column_text]The purpose of the TECNOVA FOUNDATION is to provide a good service in the field of \u201cTraining, Promotion and R + D + i for the Auxiliary Industry of Agriculture and Postharvest. Tests for plastic film. Multielemental determination&#8230;.<\/p>\n","protected":false},"author":1,"featured_media":0,"parent":0,"menu_order":0,"comment_status":"closed","ping_status":"closed","template":"","meta":{"content-type":"","footnotes":""},"class_list":["post-10684","page","type-page","status-publish","hentry"],"yoast_head":"<!-- This site is optimized with the Yoast SEO plugin v25.6 - https:\/\/yoast.com\/wordpress\/plugins\/seo\/ -->\n<title>Quality, environment and R&amp;D&amp;i &#187; Centro Tecnol\u00f3gico Tecnova<\/title>\n<meta name=\"robots\" content=\"index, follow, max-snippet:-1, max-image-preview:large, max-video-preview:-1\" \/>\n<link rel=\"canonical\" href=\"https:\/\/www.fundaciontecnova.com\/en\/quality-environment-and-rdi\/\" \/>\n<meta property=\"og:locale\" content=\"en_US\" \/>\n<meta property=\"og:type\" content=\"article\" \/>\n<meta property=\"og:title\" content=\"Quality, environment and R&amp;D&amp;i &#187; Centro Tecnol\u00f3gico Tecnova\" \/>\n<meta property=\"og:description\" content=\"[vc_row css_animation=&#8221;&#8221; row_type=&#8221;row&#8221; use_row_as_full_screen_section=&#8221;no&#8221; type=&#8221;full_width&#8221; angled_section=&#8221;no&#8221; text_align=&#8221;left&#8221; background_image_as_pattern=&#8221;without_pattern&#8221;][vc_column][vc_column_text]The purpose of the TECNOVA FOUNDATION is to provide a good service in the field of \u201cTraining, Promotion and R + D + i for the Auxiliary Industry of Agriculture and Postharvest. Tests for plastic film. Multielemental determination....\" \/>\n<meta property=\"og:url\" content=\"https:\/\/www.fundaciontecnova.com\/en\/quality-environment-and-rdi\/\" \/>\n<meta property=\"og:site_name\" content=\"Centro Tecnol\u00f3gico Tecnova\" \/>\n<meta property=\"article:modified_time\" content=\"2020-09-14T11:40:55+00:00\" \/>\n<meta name=\"twitter:card\" content=\"summary_large_image\" \/>\n<meta name=\"twitter:label1\" content=\"Est. reading time\" \/>\n\t<meta name=\"twitter:data1\" content=\"3 minutes\" \/>\n<script type=\"application\/ld+json\" class=\"yoast-schema-graph\">{\"@context\":\"https:\/\/schema.org\",\"@graph\":[{\"@type\":\"WebPage\",\"@id\":\"https:\/\/www.fundaciontecnova.com\/en\/quality-environment-and-rdi\/\",\"url\":\"https:\/\/www.fundaciontecnova.com\/en\/quality-environment-and-rdi\/\",\"name\":\"Quality, environment and R&D&i &#187; Centro Tecnol\u00f3gico Tecnova\",\"isPartOf\":{\"@id\":\"https:\/\/www.fundaciontecnova.com\/#website\"},\"datePublished\":\"2020-05-28T03:47:59+00:00\",\"dateModified\":\"2020-09-14T11:40:55+00:00\",\"breadcrumb\":{\"@id\":\"https:\/\/www.fundaciontecnova.com\/en\/quality-environment-and-rdi\/#breadcrumb\"},\"inLanguage\":\"en-US\",\"potentialAction\":[{\"@type\":\"ReadAction\",\"target\":[\"https:\/\/www.fundaciontecnova.com\/en\/quality-environment-and-rdi\/\"]}]},{\"@type\":\"BreadcrumbList\",\"@id\":\"https:\/\/www.fundaciontecnova.com\/en\/quality-environment-and-rdi\/#breadcrumb\",\"itemListElement\":[{\"@type\":\"ListItem\",\"position\":1,\"name\":\"Portada\",\"item\":\"https:\/\/www.fundaciontecnova.com\/en\/\"},{\"@type\":\"ListItem\",\"position\":2,\"name\":\"Quality, environment and R&#038;D&#038;i\"}]},{\"@type\":\"WebSite\",\"@id\":\"https:\/\/www.fundaciontecnova.com\/#website\",\"url\":\"https:\/\/www.fundaciontecnova.com\/\",\"name\":\"Centro Tecnol\u00f3gico Tecnova\",\"description\":\"Es el Centro Tecnol\u00f3gico de la Industria Auxiliar, Postcosecha y Envasado hortofrut\u00edcola. Trabaja en I+D+i, formaci\u00f3n, promoci\u00f3n e internacionalizaci\u00f3n\",\"publisher\":{\"@id\":\"https:\/\/www.fundaciontecnova.com\/#organization\"},\"potentialAction\":[{\"@type\":\"SearchAction\",\"target\":{\"@type\":\"EntryPoint\",\"urlTemplate\":\"https:\/\/www.fundaciontecnova.com\/?s={search_term_string}\"},\"query-input\":{\"@type\":\"PropertyValueSpecification\",\"valueRequired\":true,\"valueName\":\"search_term_string\"}}],\"inLanguage\":\"en-US\"},{\"@type\":\"Organization\",\"@id\":\"https:\/\/www.fundaciontecnova.com\/#organization\",\"name\":\"Fundaci\u00f3n Tecnova\",\"url\":\"https:\/\/www.fundaciontecnova.com\/\",\"logo\":{\"@type\":\"ImageObject\",\"inLanguage\":\"en-US\",\"@id\":\"https:\/\/www.fundaciontecnova.com\/#\/schema\/logo\/image\/\",\"url\":\"https:\/\/www.fundaciontecnova.com\/wp-content\/uploads\/2020\/04\/LOGO.png\",\"contentUrl\":\"https:\/\/www.fundaciontecnova.com\/wp-content\/uploads\/2020\/04\/LOGO.png\",\"width\":591,\"height\":299,\"caption\":\"Fundaci\u00f3n Tecnova\"},\"image\":{\"@id\":\"https:\/\/www.fundaciontecnova.com\/#\/schema\/logo\/image\/\"}}]}<\/script>\n<!-- \/ Yoast SEO plugin. -->","yoast_head_json":{"title":"Quality, environment and R&D&i &#187; Centro Tecnol\u00f3gico Tecnova","robots":{"index":"index","follow":"follow","max-snippet":"max-snippet:-1","max-image-preview":"max-image-preview:large","max-video-preview":"max-video-preview:-1"},"canonical":"https:\/\/www.fundaciontecnova.com\/en\/quality-environment-and-rdi\/","og_locale":"en_US","og_type":"article","og_title":"Quality, environment and R&D&i &#187; Centro Tecnol\u00f3gico Tecnova","og_description":"[vc_row css_animation=&#8221;&#8221; row_type=&#8221;row&#8221; use_row_as_full_screen_section=&#8221;no&#8221; type=&#8221;full_width&#8221; angled_section=&#8221;no&#8221; text_align=&#8221;left&#8221; background_image_as_pattern=&#8221;without_pattern&#8221;][vc_column][vc_column_text]The purpose of the TECNOVA FOUNDATION is to provide a good service in the field of \u201cTraining, Promotion and R + D + i for the Auxiliary Industry of Agriculture and Postharvest. Tests for plastic film. Multielemental determination....","og_url":"https:\/\/www.fundaciontecnova.com\/en\/quality-environment-and-rdi\/","og_site_name":"Centro Tecnol\u00f3gico Tecnova","article_modified_time":"2020-09-14T11:40:55+00:00","twitter_card":"summary_large_image","twitter_misc":{"Est. reading time":"3 minutes"},"schema":{"@context":"https:\/\/schema.org","@graph":[{"@type":"WebPage","@id":"https:\/\/www.fundaciontecnova.com\/en\/quality-environment-and-rdi\/","url":"https:\/\/www.fundaciontecnova.com\/en\/quality-environment-and-rdi\/","name":"Quality, environment and R&D&i &#187; Centro Tecnol\u00f3gico Tecnova","isPartOf":{"@id":"https:\/\/www.fundaciontecnova.com\/#website"},"datePublished":"2020-05-28T03:47:59+00:00","dateModified":"2020-09-14T11:40:55+00:00","breadcrumb":{"@id":"https:\/\/www.fundaciontecnova.com\/en\/quality-environment-and-rdi\/#breadcrumb"},"inLanguage":"en-US","potentialAction":[{"@type":"ReadAction","target":["https:\/\/www.fundaciontecnova.com\/en\/quality-environment-and-rdi\/"]}]},{"@type":"BreadcrumbList","@id":"https:\/\/www.fundaciontecnova.com\/en\/quality-environment-and-rdi\/#breadcrumb","itemListElement":[{"@type":"ListItem","position":1,"name":"Portada","item":"https:\/\/www.fundaciontecnova.com\/en\/"},{"@type":"ListItem","position":2,"name":"Quality, environment and R&#038;D&#038;i"}]},{"@type":"WebSite","@id":"https:\/\/www.fundaciontecnova.com\/#website","url":"https:\/\/www.fundaciontecnova.com\/","name":"Centro Tecnol\u00f3gico Tecnova","description":"Es el Centro Tecnol\u00f3gico de la Industria Auxiliar, Postcosecha y Envasado hortofrut\u00edcola. Trabaja en I+D+i, formaci\u00f3n, promoci\u00f3n e internacionalizaci\u00f3n","publisher":{"@id":"https:\/\/www.fundaciontecnova.com\/#organization"},"potentialAction":[{"@type":"SearchAction","target":{"@type":"EntryPoint","urlTemplate":"https:\/\/www.fundaciontecnova.com\/?s={search_term_string}"},"query-input":{"@type":"PropertyValueSpecification","valueRequired":true,"valueName":"search_term_string"}}],"inLanguage":"en-US"},{"@type":"Organization","@id":"https:\/\/www.fundaciontecnova.com\/#organization","name":"Fundaci\u00f3n Tecnova","url":"https:\/\/www.fundaciontecnova.com\/","logo":{"@type":"ImageObject","inLanguage":"en-US","@id":"https:\/\/www.fundaciontecnova.com\/#\/schema\/logo\/image\/","url":"https:\/\/www.fundaciontecnova.com\/wp-content\/uploads\/2020\/04\/LOGO.png","contentUrl":"https:\/\/www.fundaciontecnova.com\/wp-content\/uploads\/2020\/04\/LOGO.png","width":591,"height":299,"caption":"Fundaci\u00f3n Tecnova"},"image":{"@id":"https:\/\/www.fundaciontecnova.com\/#\/schema\/logo\/image\/"}}]}},"_links":{"self":[{"href":"https:\/\/www.fundaciontecnova.com\/en\/wp-json\/wp\/v2\/pages\/10684","targetHints":{"allow":["GET"]}}],"collection":[{"href":"https:\/\/www.fundaciontecnova.com\/en\/wp-json\/wp\/v2\/pages"}],"about":[{"href":"https:\/\/www.fundaciontecnova.com\/en\/wp-json\/wp\/v2\/types\/page"}],"author":[{"embeddable":true,"href":"https:\/\/www.fundaciontecnova.com\/en\/wp-json\/wp\/v2\/users\/1"}],"replies":[{"embeddable":true,"href":"https:\/\/www.fundaciontecnova.com\/en\/wp-json\/wp\/v2\/comments?post=10684"}],"version-history":[{"count":6,"href":"https:\/\/www.fundaciontecnova.com\/en\/wp-json\/wp\/v2\/pages\/10684\/revisions"}],"predecessor-version":[{"id":11259,"href":"https:\/\/www.fundaciontecnova.com\/en\/wp-json\/wp\/v2\/pages\/10684\/revisions\/11259"}],"wp:attachment":[{"href":"https:\/\/www.fundaciontecnova.com\/en\/wp-json\/wp\/v2\/media?parent=10684"}],"curies":[{"name":"wp","href":"https:\/\/api.w.org\/{rel}","templated":true}]}}