{"id":10654,"date":"2020-05-25T15:35:07","date_gmt":"2020-05-25T14:35:07","guid":{"rendered":"http:\/\/www.fundaciontecnova.com\/?page_id=10654"},"modified":"2026-02-25T12:37:53","modified_gmt":"2026-02-25T11:37:53","slug":"technological-services","status":"publish","type":"page","link":"https:\/\/www.fundaciontecnova.com\/en\/technological-services\/","title":{"rendered":"Technological services"},"content":{"rendered":"<div class=\"wpb-content-wrapper\"><p>[vc_row css_animation=&#8221;&#8221; row_type=&#8221;row&#8221; use_row_as_full_screen_section=&#8221;no&#8221; type=&#8221;full_width&#8221; angled_section=&#8221;no&#8221; text_align=&#8221;left&#8221; background_image_as_pattern=&#8221;without_pattern&#8221;][vc_column][vc_empty_space height=&#8221;30px&#8221;][\/vc_column][\/vc_row][vc_row css_animation=&#8221;&#8221; row_type=&#8221;row&#8221; use_row_as_full_screen_section=&#8221;no&#8221; type=&#8221;grid&#8221; angled_section=&#8221;no&#8221; text_align=&#8221;left&#8221; background_image_as_pattern=&#8221;without_pattern&#8221; z_index=&#8221;&#8221; el_class=&#8221;areas&#8221;][vc_column width=&#8221;1\/3&#8243;][vc_hoverbox image=&#8221;9498&#8243; primary_title=&#8221;Greenhouse Technology&#8221; primary_title_use_theme_fonts=&#8221;yes&#8221; hover_title=&#8221;&#8221; shape=&#8221;square&#8221; hover_background_color=&#8221;custom&#8221; css_animation=&#8221;left-to-right&#8221; hover_custom_background=&#8221;#f7f7f7&#8243; primary_title_link=&#8221;url:%23|||&#8221; el_class=&#8221;neg_titles&#8221;]We provide services in the field of greenhouse technology, sensors and traceability related to the agribusiness sector.<\/p>\n<p>[\/vc_hoverbox][vc_empty_space height=&#8221;30px&#8221;][vc_column_text]<\/p>\n<ul class=\"indent\">\n<li>Design and calculation of greenhouse structures and climate control.<\/li>\n<li>Validation of characteristics of irrigation emitters.<\/li>\n<li>Drop size evaluation in sprays.<\/li>\n<li>Implementation of new techniques for optimizing resources (saving in water, energy, supplies, etc.).<\/li>\n<\/ul>\n<div class=\"show_more\"><p class=\"wpsm-show\" style=\"color: #2d3964; font-size: 100%; text-align: right;\"> View more<\/p><div class=\"wpsm-content\">\n<ul class=\"indent\">\n<li>Design and optimization of processes in agro-industry.<\/li>\n<li>Application of robotic technology to agriculture<\/li>\n<li>Development of algorithms for agriculture (predictive models).<\/li>\n<li>Technology optimization in high productivity crops.<\/li>\n<\/ul>\n<p> <p class=\"wpsm-hide\" style=\"color: #2d3964; font-size: 100%; text-align: right;\"> View less<\/p><\/div><\/div>[\/vc_column_text][vc_empty_space height=&#8221;50px&#8221;][\/vc_column][vc_column width=&#8221;1\/3&#8243;][vc_hoverbox image=&#8221;9499&#8243; primary_title=&#8221;Plant Production and the Environment&#8221; primary_title_use_theme_fonts=&#8221;yes&#8221; hover_title=&#8221;&#8221; shape=&#8221;square&#8221; hover_background_color=&#8221;custom&#8221; css_animation=&#8221;none&#8221; hover_custom_background=&#8221;#f7f7f7&#8243; primary_title_link=&#8221;url:%23|||&#8221; el_class=&#8221;neg_titles&#8221;]Tecnova Technology Centre has 14 different sorts of greenhouse infrastructures for all types of trials.<\/p>\n<p>[\/vc_hoverbox][vc_empty_space height=&#8221;30px&#8221;][vc_column_text]<\/p>\n<ul class=\"indent\">\n<li>Validation of new products, agricultural inputs and technologies applied to agriculture.<\/li>\n<li>Evaluation of new greenhouse designs and greenhouse climate control systems.<\/li>\n<li>Evaluation of new ICT technologies for the management of horticultural crops under greenhouse.<\/li>\n<li>Evaluation of the behavior of new materials and substrates for agricultural use under greenhouse.<\/li>\n<\/ul>\n<div class=\"show_more\"><p class=\"wpsm-show\" style=\"color: #2d3964; font-size: 100%; text-align: right;\"> View more<\/p><div class=\"wpsm-content\">\n<ul class=\"indent\">\n<li>Phenotypic evaluation of horticultural varieties, parental backcrossing and seed production.<\/li>\n<li>Evaluation of nutritional products and technologies applied to fertigation.<\/li>\n<li>Evaluation of the efficacy of phytosanitary products and phyto-fortifiers for plant health.<\/li>\n<li>Officially recognized tests for the registration of phytosanitary and nutritional products formulated with microorganisms.<\/li>\n<li>Evaluation of new natural enemies for the phytosanitary control of horticultural crops.<\/li>\n<li>Evaluation of renewable energy producing devices.<\/li>\n<li>Greenhouse field validation of new plastic materials.<\/li>\n<\/ul>\n<p> <p class=\"wpsm-hide\" style=\"color: #2d3964; font-size: 100%; text-align: right;\"> View less<\/p><\/div><\/div>[\/vc_column_text][\/vc_column][vc_column width=&#8221;1\/3&#8243;][vc_hoverbox image=&#8221;15101&#8243; primary_title=&#8221;Huelva Experimental Center&#8221; primary_title_use_theme_fonts=&#8221;yes&#8221; hover_title=&#8221;&#8221; shape=&#8221;square&#8221; hover_background_color=&#8221;custom&#8221; css_animation=&#8221;none&#8221; hover_custom_background=&#8221;#f7f7f7&#8243; primary_title_link=&#8221;url:%23|||&#8221; el_class=&#8221;neg_titles&#8221;]Tecnova Technology Centre has 14 different sorts of greenhouse infrastructures for all types of trials.<\/p>\n<p>[\/vc_hoverbox][vc_empty_space height=&#8221;30px&#8221;][vc_column_text]<\/p>\n<ul class=\"indent\">\n<li><span class=\"HwtZe\" lang=\"en\"><span class=\"jCAhz ChMk0b\"><span class=\"ryNqvb\">Validation of new agricultural products, inputs, and technologies<\/span><\/span><\/span><\/li>\n<li><span class=\"HwtZe\" lang=\"en\"><span class=\"jCAhz ChMk0b\"><span class=\"ryNqvb\">Testing of ICT for crop management<\/span><\/span><\/span><\/li>\n<li><span class=\"HwtZe\" lang=\"en\"><span class=\"jCAhz ChMk0b\"><span class=\"ryNqvb\">Analysis of materials and substrates specifically for berries<\/span><\/span><\/span><\/li>\n<li><span class=\"HwtZe\" lang=\"en\"><span class=\"jCAhz ChMk0b\"><span class=\"ryNqvb\">Optimization of agricultural input use<\/span><\/span><\/span><\/li>\n<\/ul>\n<div class=\"show_more\"><p class=\"wpsm-show\" style=\"color: #2d3964; font-size: 100%; text-align: right;\"> View more<\/p><div class=\"wpsm-content\">\n<ul class=\"indent\">\n<li><span class=\"HwtZe\" lang=\"en\"><span class=\"jCAhz ChMk0b\"><span class=\"ryNqvb\">Evaluation of varieties<\/span><\/span> <\/span><\/li>\n<li><span class=\"HwtZe\" lang=\"en\"><span class=\"jCAhz ChMk0b\"><span class=\"ryNqvb\">Fertilization trials and fertigation technologies<\/span><\/span><\/span><\/li>\n<li><span class=\"HwtZe\" lang=\"en\"><span class=\"jCAhz ChMk0b\"><span class=\"ryNqvb\">Efficacy studies of plant protection products and plant strengtheners<\/span><\/span><\/span><\/li>\n<li><span class=\"HwtZe\" lang=\"en\"><span class=\"jCAhz ChMk0b\"><span class=\"ryNqvb\">Official trials for the registration of bio-inputs<\/span><\/span><\/span><\/li>\n<li><span class=\"HwtZe\" lang=\"en\"><span class=\"jCAhz ChMk0b\"><span class=\"ryNqvb\">Evaluation of natural enemies for pest control<\/span><\/span><\/span><\/li>\n<li><span class=\"HwtZe\" lang=\"en\"><span class=\"jCAhz ChMk0b\"><span class=\"ryNqvb\">Validation of plastic materials in tunnels<\/span><\/span><\/span><\/li>\n<\/ul>\n<p> <p class=\"wpsm-hide\" style=\"color: #2d3964; font-size: 100%; text-align: right;\"> View less<\/p><\/div><\/div>[\/vc_column_text][\/vc_column][\/vc_row][vc_row css_animation=&#8221;&#8221; row_type=&#8221;row&#8221; use_row_as_full_screen_section=&#8221;no&#8221; type=&#8221;grid&#8221; angled_section=&#8221;no&#8221; text_align=&#8221;left&#8221; background_image_as_pattern=&#8221;without_pattern&#8221; z_index=&#8221;&#8221;][vc_column][vc_empty_space height=&#8221;50px&#8221;][\/vc_column][\/vc_row][vc_row css_animation=&#8221;&#8221; row_type=&#8221;row&#8221; use_row_as_full_screen_section=&#8221;no&#8221; type=&#8221;grid&#8221; angled_section=&#8221;no&#8221; text_align=&#8221;left&#8221; background_image_as_pattern=&#8221;without_pattern&#8221; z_index=&#8221;&#8221; el_class=&#8221;areas&#8221;][vc_column width=&#8221;1\/3&#8243;][vc_hoverbox image=&#8221;9500&#8243; primary_title=&#8221;Healthy and Biotechnology&#8221; primary_title_use_theme_fonts=&#8221;yes&#8221; hover_title=&#8221;&#8221; shape=&#8221;square&#8221; hover_background_color=&#8221;custom&#8221; css_animation=&#8221;left-to-right&#8221; hover_custom_background=&#8221;#f7f7f7&#8243; primary_title_link=&#8221;url:%23|||&#8221; el_class=&#8221;neg_titles&#8221;]We carry out services in nutrition, microbiology, food security, agriculture and plastic materials.<\/p>\n<p>[\/vc_hoverbox][vc_empty_space height=&#8221;30px&#8221;][vc_column_text]<\/p>\n<ul>\n<li>Nutritional analysis and labeling\n<ul class=\"indent\">\n<li>Nutritional parameters.<\/li>\n<li>Physico-chemical parameters.<\/li>\n<li>Macro and micronutrients.<\/li>\n<li>Flavor parameters.<\/li>\n<li>Volatile compounds.<\/li>\n<li>Identification and analysis of bioactive and healthy components present in food.<\/li>\n<\/ul>\n<\/li>\n<li>Food Safety Laboratory\n<ul class=\"indent\">\n<li>Microbiology Laboratory.<\/li>\n<li>Heavy metal concentration analysis using ICP.<\/li>\n<li>Pesticide residues.<\/li>\n<li>Species identification by PCR.<\/li>\n<li>Analysis of conservation atmospheres by gas chromatography.<\/li>\n<\/ul>\n<\/li>\n<\/ul>\n<div class=\"show_more\"><p class=\"wpsm-show\" style=\"color: #2d3964; font-size: 100%; text-align: right;\"> View more<\/p><div class=\"wpsm-content\">\n<ul>\n<li>Agricultural laboratory\n<ul>\n<li>Foliar and fruit analysis.<\/li>\n<li>Water analysis and irrigation solutions.<\/li>\n<li>Phytosanitary and pathological analysis.<\/li>\n<\/ul>\n<\/li>\n<li>Laboratory of plastic materials\n<ul class=\"indent\">\n<li>Component identification and analysis.<\/li>\n<li>Chlorine and Sulfur concentration analysis &#8211; CEPLA Method.<\/li>\n<li>Concentration analysis of iron and copper.<\/li>\n<li>UV-visible transmission analysis.<\/li>\n<li>Thermicity analysis.<\/li>\n<li>Mechanical properties evaluation.<\/li>\n<\/ul>\n<\/li>\n<\/ul>\n<p> <p class=\"wpsm-hide\" style=\"color: #2d3964; font-size: 100%; text-align: right;\"> View less<\/p><\/div><\/div>[\/vc_column_text][\/vc_column][vc_column width=&#8221;1\/3&#8243;][vc_hoverbox image=&#8221;9501&#8243; primary_title=&#8221;Consultancy&#8221; primary_title_use_theme_fonts=&#8221;yes&#8221; hover_title=&#8221;&#8221; shape=&#8221;square&#8221; hover_background_color=&#8221;custom&#8221; css_animation=&#8221;none&#8221; hover_custom_background=&#8221;#f7f7f7&#8243; primary_title_link=&#8221;url:%23|||&#8221; el_class=&#8221;neg_titles&#8221;]Experience in innovation management, results transfer (OTRI), training and internationalization.<\/p>\n<p>[\/vc_hoverbox][vc_empty_space height=&#8221;30px&#8221;][vc_column_text]<\/p>\n<h6>Innovation<\/h6>\n<p>It contemplates the execution of Tecnova&#8217;s own R &amp; D &amp; I projects and projects in collaboration with public and private companies and research centers.<\/p>\n<ul>\n<li>Innovation Management\n<ul class=\"indent\">\n<li>Search for subsidies of interest and request for aid for R&amp;D projects for companies.<\/li>\n<li>Constitution, coordination and monitoring of companies-research centers consortiums for R&amp;D projects.<\/li>\n<li>Continuous monitoring and advice in the process of execution and justification of R&amp;D projects in the company.<\/li>\n<li>Information and guidance in the field of taxation.<\/li>\n<li>Studies on the state of the art and the technique of the project.<\/li>\n<\/ul>\n<\/li>\n<\/ul>\n<div class=\"show_more\"><p class=\"wpsm-show\" style=\"color: #2d3964; font-size: 100%; text-align: right;\"> View more<\/p><div class=\"wpsm-content\">\n<ul>\n<li>Transfer of Results (OTRI)\n<ul>\n<li>Coordination of technological innovation projects.<\/li>\n<li>Facilitate the transfer of technology and knowledge.<\/li>\n<li>Dissemination and organization of technical conferences and seminars.<\/li>\n<li>Search for financing to companies.<\/li>\n<li>Processing of patents and utility models.<\/li>\n<li>Technological surveillance.<\/li>\n<li>Scientific dissemination and dissemination.<\/li>\n<\/ul>\n<\/li>\n<\/ul>\n<p>&nbsp;<\/p>\n<h6>Consulting and Markting<\/h6>\n<ul class=\"indent\">\n<li>Development of the corporate website.<\/li>\n<li>Completion of electronic newsletters.<\/li>\n<li>Updating news on social networks.<\/li>\n<li>Press office.<\/li>\n<li>Studies and publications of the sector.<\/li>\n<li>Employment exchange.<\/li>\n<li>Application and monitoring of trademarks and distinctive signs.<\/li>\n<\/ul>\n<p>&nbsp;<\/p>\n<h6>Training<\/h6>\n<ul>\n<li>Internal\n<ul class=\"indent\">\n<li>Through an annual training program according to the needs of the staff.<\/li>\n<\/ul>\n<\/li>\n<li>External\n<ul class=\"indent\">\n<li>Holding conferences, seminars and workshops with successful companies and gurus.<\/li>\n<li>Training in technology and agricultural skills on demand both nationally and internationally.<\/li>\n<\/ul>\n<\/li>\n<\/ul>\n<p>&nbsp;<\/p>\n<h6>Internationalization<\/h6>\n<ul class=\"indent\">\n<li>Organization of promotional actions for companies, including Direct and Reverse Trade Missions.<\/li>\n<li>Participation in international agricultural fairs representing the sector.<\/li>\n<li>Carrying out agricultural development plans and market studies in emerging markets.<\/li>\n<li>Actions to transfer knowledge and technologies in the fruit and vegetable sector at government and business levels.<\/li>\n<li>Development of pilot projects for horticultural greenhouses according to the needs of the country.<\/li>\n<li>Search for projects of interest to associated companies.<\/li>\n<\/ul>\n<p> <p class=\"wpsm-hide\" style=\"color: #2d3964; font-size: 100%; text-align: right;\"> View less<\/p><\/div><\/div>[\/vc_column_text][\/vc_column][vc_column width=&#8221;1\/3&#8243;][vc_hoverbox image=&#8221;10368&#8243; primary_title=&#8221;Industrial Development&#8221; primary_title_use_theme_fonts=&#8221;yes&#8221; hover_title=&#8221;&#8221; shape=&#8221;square&#8221; hover_background_color=&#8221;custom&#8221; css_animation=&#8221;none&#8221; hover_custom_background=&#8221;#f7f7f7&#8243; primary_title_link=&#8221;url:%23|||&#8221; el_class=&#8221;neg_titles&#8221;]We adapt technological solutions to the needs of the sector, facilitating digital transformation in agriculture.<\/p>\n<p>&nbsp;<\/p>\n<p>[\/vc_hoverbox][vc_empty_space height=&#8221;30px&#8221;][vc_column_text]<\/p>\n<ul class=\"indent\">\n<li>IoT: Design and Development of adapted weather stations<\/li>\n<li>Data Science: Data Analysis for Predictive Modeling<\/li>\n<li>Artificial Intelligence: robotics and control studies and projects<\/li>\n<\/ul>\n<p>[\/vc_column_text][\/vc_column][\/vc_row][vc_row css_animation=&#8221;&#8221; row_type=&#8221;row&#8221; use_row_as_full_screen_section=&#8221;no&#8221; type=&#8221;full_width&#8221; angled_section=&#8221;no&#8221; text_align=&#8221;left&#8221; background_image_as_pattern=&#8221;without_pattern&#8221;][vc_column][vc_empty_space height=&#8221;90px&#8221; el_class=&#8221;blk_spc&#8221;][\/vc_column][\/vc_row]<\/p>\n<\/div>","protected":false},"excerpt":{"rendered":"<p>[vc_row css_animation=&#8221;&#8221; row_type=&#8221;row&#8221; use_row_as_full_screen_section=&#8221;no&#8221; type=&#8221;full_width&#8221; angled_section=&#8221;no&#8221; text_align=&#8221;left&#8221; background_image_as_pattern=&#8221;without_pattern&#8221;][vc_column][vc_empty_space height=&#8221;30px&#8221;][\/vc_column][\/vc_row][vc_row css_animation=&#8221;&#8221; row_type=&#8221;row&#8221; use_row_as_full_screen_section=&#8221;no&#8221; type=&#8221;grid&#8221; angled_section=&#8221;no&#8221; text_align=&#8221;left&#8221; background_image_as_pattern=&#8221;without_pattern&#8221; z_index=&#8221;&#8221; el_class=&#8221;areas&#8221;][vc_column width=&#8221;1\/3&#8243;][vc_hoverbox image=&#8221;9498&#8243; primary_title=&#8221;Greenhouse Technology&#8221; primary_title_use_theme_fonts=&#8221;yes&#8221; hover_title=&#8221;&#8221; shape=&#8221;square&#8221; hover_background_color=&#8221;custom&#8221; css_animation=&#8221;left-to-right&#8221; hover_custom_background=&#8221;#f7f7f7&#8243; primary_title_link=&#8221;url:%23|||&#8221; el_class=&#8221;neg_titles&#8221;]We provide services in the field of greenhouse technology, sensors and traceability related to the agribusiness&#8230;<\/p>\n","protected":false},"author":1,"featured_media":0,"parent":0,"menu_order":0,"comment_status":"closed","ping_status":"closed","template":"full_width.php","meta":{"content-type":"","footnotes":""},"class_list":["post-10654","page","type-page","status-publish","hentry"],"yoast_head":"<!-- This site is optimized with the Yoast SEO plugin v25.6 - https:\/\/yoast.com\/wordpress\/plugins\/seo\/ -->\n<title>Technological services &#187; Centro Tecnol\u00f3gico Tecnova<\/title>\n<meta name=\"robots\" content=\"index, follow, max-snippet:-1, max-image-preview:large, max-video-preview:-1\" \/>\n<link rel=\"canonical\" href=\"https:\/\/www.fundaciontecnova.com\/en\/technological-services\/\" \/>\n<meta property=\"og:locale\" content=\"en_US\" \/>\n<meta property=\"og:type\" content=\"article\" \/>\n<meta property=\"og:title\" content=\"Technological services &#187; Centro Tecnol\u00f3gico Tecnova\" \/>\n<meta property=\"og:description\" content=\"[vc_row css_animation=&#8221;&#8221; row_type=&#8221;row&#8221; use_row_as_full_screen_section=&#8221;no&#8221; type=&#8221;full_width&#8221; angled_section=&#8221;no&#8221; text_align=&#8221;left&#8221; background_image_as_pattern=&#8221;without_pattern&#8221;][vc_column][vc_empty_space height=&#8221;30px&#8221;][\/vc_column][\/vc_row][vc_row css_animation=&#8221;&#8221; row_type=&#8221;row&#8221; use_row_as_full_screen_section=&#8221;no&#8221; type=&#8221;grid&#8221; angled_section=&#8221;no&#8221; text_align=&#8221;left&#8221; background_image_as_pattern=&#8221;without_pattern&#8221; z_index=&#8221;&#8221; el_class=&#8221;areas&#8221;][vc_column width=&#8221;1\/3&#8243;][vc_hoverbox image=&#8221;9498&#8243; primary_title=&#8221;Greenhouse Technology&#8221; primary_title_use_theme_fonts=&#8221;yes&#8221; hover_title=&#8221;&#8221; shape=&#8221;square&#8221; hover_background_color=&#8221;custom&#8221; css_animation=&#8221;left-to-right&#8221; hover_custom_background=&#8221;#f7f7f7&#8243; primary_title_link=&#8221;url:%23|||&#8221; el_class=&#8221;neg_titles&#8221;]We provide services in the field of greenhouse technology, sensors and traceability related to the agribusiness...\" \/>\n<meta property=\"og:url\" content=\"https:\/\/www.fundaciontecnova.com\/en\/technological-services\/\" \/>\n<meta property=\"og:site_name\" content=\"Centro Tecnol\u00f3gico Tecnova\" \/>\n<meta property=\"article:modified_time\" content=\"2026-02-25T11:37:53+00:00\" \/>\n<meta name=\"twitter:card\" content=\"summary_large_image\" \/>\n<meta name=\"twitter:label1\" content=\"Est. reading time\" \/>\n\t<meta name=\"twitter:data1\" content=\"6 minutes\" \/>\n<script type=\"application\/ld+json\" class=\"yoast-schema-graph\">{\"@context\":\"https:\/\/schema.org\",\"@graph\":[{\"@type\":\"WebPage\",\"@id\":\"https:\/\/www.fundaciontecnova.com\/en\/technological-services\/\",\"url\":\"https:\/\/www.fundaciontecnova.com\/en\/technological-services\/\",\"name\":\"Technological services &#187; Centro Tecnol\u00f3gico Tecnova\",\"isPartOf\":{\"@id\":\"https:\/\/www.fundaciontecnova.com\/#website\"},\"datePublished\":\"2020-05-25T14:35:07+00:00\",\"dateModified\":\"2026-02-25T11:37:53+00:00\",\"breadcrumb\":{\"@id\":\"https:\/\/www.fundaciontecnova.com\/en\/technological-services\/#breadcrumb\"},\"inLanguage\":\"en-US\",\"potentialAction\":[{\"@type\":\"ReadAction\",\"target\":[\"https:\/\/www.fundaciontecnova.com\/en\/technological-services\/\"]}]},{\"@type\":\"BreadcrumbList\",\"@id\":\"https:\/\/www.fundaciontecnova.com\/en\/technological-services\/#breadcrumb\",\"itemListElement\":[{\"@type\":\"ListItem\",\"position\":1,\"name\":\"Portada\",\"item\":\"https:\/\/www.fundaciontecnova.com\/en\/\"},{\"@type\":\"ListItem\",\"position\":2,\"name\":\"Technological services\"}]},{\"@type\":\"WebSite\",\"@id\":\"https:\/\/www.fundaciontecnova.com\/#website\",\"url\":\"https:\/\/www.fundaciontecnova.com\/\",\"name\":\"Centro Tecnol\u00f3gico Tecnova\",\"description\":\"Es el Centro Tecnol\u00f3gico de la Industria Auxiliar, Postcosecha y Envasado hortofrut\u00edcola. Trabaja en I+D+i, formaci\u00f3n, promoci\u00f3n e internacionalizaci\u00f3n\",\"publisher\":{\"@id\":\"https:\/\/www.fundaciontecnova.com\/#organization\"},\"potentialAction\":[{\"@type\":\"SearchAction\",\"target\":{\"@type\":\"EntryPoint\",\"urlTemplate\":\"https:\/\/www.fundaciontecnova.com\/?s={search_term_string}\"},\"query-input\":{\"@type\":\"PropertyValueSpecification\",\"valueRequired\":true,\"valueName\":\"search_term_string\"}}],\"inLanguage\":\"en-US\"},{\"@type\":\"Organization\",\"@id\":\"https:\/\/www.fundaciontecnova.com\/#organization\",\"name\":\"Fundaci\u00f3n Tecnova\",\"url\":\"https:\/\/www.fundaciontecnova.com\/\",\"logo\":{\"@type\":\"ImageObject\",\"inLanguage\":\"en-US\",\"@id\":\"https:\/\/www.fundaciontecnova.com\/#\/schema\/logo\/image\/\",\"url\":\"https:\/\/www.fundaciontecnova.com\/wp-content\/uploads\/2020\/04\/LOGO.png\",\"contentUrl\":\"https:\/\/www.fundaciontecnova.com\/wp-content\/uploads\/2020\/04\/LOGO.png\",\"width\":591,\"height\":299,\"caption\":\"Fundaci\u00f3n Tecnova\"},\"image\":{\"@id\":\"https:\/\/www.fundaciontecnova.com\/#\/schema\/logo\/image\/\"}}]}<\/script>\n<!-- \/ Yoast SEO plugin. -->","yoast_head_json":{"title":"Technological services &#187; Centro Tecnol\u00f3gico Tecnova","robots":{"index":"index","follow":"follow","max-snippet":"max-snippet:-1","max-image-preview":"max-image-preview:large","max-video-preview":"max-video-preview:-1"},"canonical":"https:\/\/www.fundaciontecnova.com\/en\/technological-services\/","og_locale":"en_US","og_type":"article","og_title":"Technological services &#187; Centro Tecnol\u00f3gico Tecnova","og_description":"[vc_row css_animation=&#8221;&#8221; row_type=&#8221;row&#8221; use_row_as_full_screen_section=&#8221;no&#8221; type=&#8221;full_width&#8221; angled_section=&#8221;no&#8221; text_align=&#8221;left&#8221; background_image_as_pattern=&#8221;without_pattern&#8221;][vc_column][vc_empty_space height=&#8221;30px&#8221;][\/vc_column][\/vc_row][vc_row css_animation=&#8221;&#8221; row_type=&#8221;row&#8221; use_row_as_full_screen_section=&#8221;no&#8221; type=&#8221;grid&#8221; angled_section=&#8221;no&#8221; text_align=&#8221;left&#8221; background_image_as_pattern=&#8221;without_pattern&#8221; z_index=&#8221;&#8221; el_class=&#8221;areas&#8221;][vc_column width=&#8221;1\/3&#8243;][vc_hoverbox image=&#8221;9498&#8243; primary_title=&#8221;Greenhouse Technology&#8221; primary_title_use_theme_fonts=&#8221;yes&#8221; hover_title=&#8221;&#8221; shape=&#8221;square&#8221; hover_background_color=&#8221;custom&#8221; css_animation=&#8221;left-to-right&#8221; hover_custom_background=&#8221;#f7f7f7&#8243; primary_title_link=&#8221;url:%23|||&#8221; el_class=&#8221;neg_titles&#8221;]We provide services in the field of greenhouse technology, sensors and traceability related to the agribusiness...","og_url":"https:\/\/www.fundaciontecnova.com\/en\/technological-services\/","og_site_name":"Centro Tecnol\u00f3gico Tecnova","article_modified_time":"2026-02-25T11:37:53+00:00","twitter_card":"summary_large_image","twitter_misc":{"Est. reading time":"6 minutes"},"schema":{"@context":"https:\/\/schema.org","@graph":[{"@type":"WebPage","@id":"https:\/\/www.fundaciontecnova.com\/en\/technological-services\/","url":"https:\/\/www.fundaciontecnova.com\/en\/technological-services\/","name":"Technological services &#187; Centro Tecnol\u00f3gico Tecnova","isPartOf":{"@id":"https:\/\/www.fundaciontecnova.com\/#website"},"datePublished":"2020-05-25T14:35:07+00:00","dateModified":"2026-02-25T11:37:53+00:00","breadcrumb":{"@id":"https:\/\/www.fundaciontecnova.com\/en\/technological-services\/#breadcrumb"},"inLanguage":"en-US","potentialAction":[{"@type":"ReadAction","target":["https:\/\/www.fundaciontecnova.com\/en\/technological-services\/"]}]},{"@type":"BreadcrumbList","@id":"https:\/\/www.fundaciontecnova.com\/en\/technological-services\/#breadcrumb","itemListElement":[{"@type":"ListItem","position":1,"name":"Portada","item":"https:\/\/www.fundaciontecnova.com\/en\/"},{"@type":"ListItem","position":2,"name":"Technological services"}]},{"@type":"WebSite","@id":"https:\/\/www.fundaciontecnova.com\/#website","url":"https:\/\/www.fundaciontecnova.com\/","name":"Centro Tecnol\u00f3gico Tecnova","description":"Es el Centro Tecnol\u00f3gico de la Industria Auxiliar, Postcosecha y Envasado hortofrut\u00edcola. Trabaja en I+D+i, formaci\u00f3n, promoci\u00f3n e internacionalizaci\u00f3n","publisher":{"@id":"https:\/\/www.fundaciontecnova.com\/#organization"},"potentialAction":[{"@type":"SearchAction","target":{"@type":"EntryPoint","urlTemplate":"https:\/\/www.fundaciontecnova.com\/?s={search_term_string}"},"query-input":{"@type":"PropertyValueSpecification","valueRequired":true,"valueName":"search_term_string"}}],"inLanguage":"en-US"},{"@type":"Organization","@id":"https:\/\/www.fundaciontecnova.com\/#organization","name":"Fundaci\u00f3n Tecnova","url":"https:\/\/www.fundaciontecnova.com\/","logo":{"@type":"ImageObject","inLanguage":"en-US","@id":"https:\/\/www.fundaciontecnova.com\/#\/schema\/logo\/image\/","url":"https:\/\/www.fundaciontecnova.com\/wp-content\/uploads\/2020\/04\/LOGO.png","contentUrl":"https:\/\/www.fundaciontecnova.com\/wp-content\/uploads\/2020\/04\/LOGO.png","width":591,"height":299,"caption":"Fundaci\u00f3n Tecnova"},"image":{"@id":"https:\/\/www.fundaciontecnova.com\/#\/schema\/logo\/image\/"}}]}},"_links":{"self":[{"href":"https:\/\/www.fundaciontecnova.com\/en\/wp-json\/wp\/v2\/pages\/10654","targetHints":{"allow":["GET"]}}],"collection":[{"href":"https:\/\/www.fundaciontecnova.com\/en\/wp-json\/wp\/v2\/pages"}],"about":[{"href":"https:\/\/www.fundaciontecnova.com\/en\/wp-json\/wp\/v2\/types\/page"}],"author":[{"embeddable":true,"href":"https:\/\/www.fundaciontecnova.com\/en\/wp-json\/wp\/v2\/users\/1"}],"replies":[{"embeddable":true,"href":"https:\/\/www.fundaciontecnova.com\/en\/wp-json\/wp\/v2\/comments?post=10654"}],"version-history":[{"count":8,"href":"https:\/\/www.fundaciontecnova.com\/en\/wp-json\/wp\/v2\/pages\/10654\/revisions"}],"predecessor-version":[{"id":15104,"href":"https:\/\/www.fundaciontecnova.com\/en\/wp-json\/wp\/v2\/pages\/10654\/revisions\/15104"}],"wp:attachment":[{"href":"https:\/\/www.fundaciontecnova.com\/en\/wp-json\/wp\/v2\/media?parent=10654"}],"curies":[{"name":"wp","href":"https:\/\/api.w.org\/{rel}","templated":true}]}}