{"id":10652,"date":"2020-05-25T15:30:57","date_gmt":"2020-05-25T14:30:57","guid":{"rendered":"http:\/\/www.fundaciontecnova.com\/?page_id=10652"},"modified":"2020-05-25T15:30:58","modified_gmt":"2020-05-25T14:30:58","slug":"csr-corporate-social-responsibility","status":"publish","type":"page","link":"https:\/\/www.fundaciontecnova.com\/en\/csr-corporate-social-responsibility\/","title":{"rendered":"(CSR) Corporate Social Responsibility"},"content":{"rendered":"<div class=\"wpb-content-wrapper\"><p>[vc_row css_animation=&#8221;&#8221; row_type=&#8221;row&#8221; use_row_as_full_screen_section=&#8221;no&#8221; type=&#8221;grid&#8221; angled_section=&#8221;no&#8221; text_align=&#8221;left&#8221; background_image_as_pattern=&#8221;without_pattern&#8221; z_index=&#8221;&#8221; el_class=&#8221;reverse&#8221;][vc_column width=&#8221;1\/2&#8243;][vc_column_text]<\/p>\n<h2>Tecnova is committed to society and environment<\/h2>\n<p>Tecnova Foundation is committed to society and environment; therefore, it carries out a range of actions and commitments aimed at meeting some ethical principles and thus generating different benefits for the whole society.[\/vc_column_text][vc_empty_space height=&#8221;50px&#8221; el_class=&#8221;blk_spc little&#8221;][\/vc_column][vc_column width=&#8221;1\/2&#8243;][vc_single_image image=&#8221;9362&#8243; img_size=&#8221;large&#8221; alignment=&#8221;center&#8221; qode_css_animation=&#8221;element_from_right&#8221;][vc_empty_space height=&#8221;50px&#8221;][\/vc_column][\/vc_row][vc_row css_animation=&#8221;&#8221; row_type=&#8221;row&#8221; use_row_as_full_screen_section=&#8221;no&#8221; type=&#8221;full_width&#8221; angled_section=&#8221;no&#8221; text_align=&#8221;left&#8221; background_image_as_pattern=&#8221;without_pattern&#8221;][vc_column][vc_empty_space height=&#8221;40px&#8221; el_class=&#8221;blk_spc&#8221;][\/vc_column][\/vc_row][vc_row css_animation=&#8221;&#8221; row_type=&#8221;row&#8221; use_row_as_full_screen_section=&#8221;no&#8221; type=&#8221;full_width&#8221; angled_section=&#8221;no&#8221; text_align=&#8221;left&#8221; background_image_as_pattern=&#8221;without_pattern&#8221;][vc_column]<span class=\"separator_with_icon\" style='color:#2d3964;'><i class=\"fa fa-leaf\"><\/i><\/span>[\/vc_column][\/vc_row][vc_row css_animation=&#8221;&#8221; row_type=&#8221;row&#8221; use_row_as_full_screen_section=&#8221;no&#8221; type=&#8221;full_width&#8221; angled_section=&#8221;no&#8221; text_align=&#8221;left&#8221; background_image_as_pattern=&#8221;without_pattern&#8221;][vc_column][vc_empty_space height=&#8221;90px&#8221; el_class=&#8221;blk_spc&#8221;][\/vc_column][\/vc_row][vc_row css_animation=&#8221;&#8221; row_type=&#8221;row&#8221; use_row_as_full_screen_section=&#8221;no&#8221; type=&#8221;grid&#8221; angled_section=&#8221;no&#8221; text_align=&#8221;left&#8221; background_image_as_pattern=&#8221;without_pattern&#8221; z_index=&#8221;&#8221;][vc_column width=&#8221;1\/2&#8243;][vc_single_image image=&#8221;9363&#8243; img_size=&#8221;large&#8221; alignment=&#8221;center&#8221; qode_css_animation=&#8221;element_from_left&#8221;][vc_empty_space height=&#8221;50px&#8221;][\/vc_column][vc_column width=&#8221;1\/2&#8243;][vc_column_text]<\/p>\n<h2>Goals and objectives<\/h2>\n<p>With the Strategic Corporate Social Responsibility plan, Tecnova pursues the fulfillment of the following objectives:[\/vc_column_text][vc_empty_space height=&#8221;50px&#8221;][vc_accordion active_tab=&#8221;false&#8221; collapsible=&#8221;yes&#8221; style=&#8221;accordion&#8221;][vc_accordion_tab title=&#8221;Guarantee satisfaction and welfare of the society&#8221; title_tag=&#8221;h6&#8243;][vc_column_text]One of Tecnova&#8217;s main objectives has been and continues to be to engage with society, with its food safety and to promote collaboration.<\/p>\n<p>&nbsp;<\/p>\n<p>Actions:<\/p>\n<p>&nbsp;<\/p>\n<ul class=\"indent\">\n<li>Assess the degree of health of society.<\/li>\n<li>Promote healthy eating, especially in children and the elderly.<\/li>\n<li>Express in a clear and transparent way the information regarding the problems that lead to a bad diet and the benefits of a healthy diet.<\/li>\n<li>Collaborate in the sustainable development of underdeveloped countries, training them in the construction and creation of agricultural models.<\/li>\n<li>Maintain the &#8220;Customer Commitment&#8221;.<\/li>\n<li>Promote and increase collaboration in campaigns for non-profit organizations with brochures, flyers and \/ or messages in the different information channels.<\/li>\n<\/ul>\n<p>[\/vc_column_text][\/vc_accordion_tab][vc_accordion_tab title=&#8221;Minimize the environmental impact&#8221; title_tag=&#8221;h6&#8243;][vc_column_text]Another concern that the Tecnova Technology Center maintains is respect for the environment. Business activities generate and produce an impact on the environment. In this regard, Tecnova tries to minimize this impact, identify it and evaluate it beforehand in order to carry out the necessary actions to reduce it. In this sense, Tecnova carries out certain specific measures for said improvement of environmental management.<\/p>\n<p>&nbsp;<\/p>\n<p>Actions:<\/p>\n<p>&nbsp;<\/p>\n<ul class=\"indent\">\n<li>Evaluate and identify the main environmental impacts that Tecnova produces with its activity.<\/li>\n<li>Establish improvement objectives to reduce said impacts.<\/li>\n<li>Optimize energy consumption. Implement an energy efficiency plan.<\/li>\n<li>Keep systematic control of energy consumption, paper and waste production (including waste generated by workers).<\/li>\n<\/ul>\n<p>[\/vc_column_text][\/vc_accordion_tab][vc_accordion_tab title=&#8221;Motivation and implication of human resources in the continuous improvement of the company&#8221; title_tag=&#8221;h6&#8243;][vc_column_text]Tecnova is mindful of the great work, effort and commitment of its team, which is why it takes care of its staff in aspects such as non-discrimination, participatory management, continuous training, balance between work, family and leisure, business ethics and health and safety at work.<\/p>\n<p>&nbsp;<\/p>\n<p>Actions:<\/p>\n<p>&nbsp;<\/p>\n<ul class=\"indent\">\n<li>Control and manage all the steps and responsible parties necessary to achieve objectives.<\/li>\n<li>Ensure the motivation and involvement of HR for the continuous improvement of the company.<\/li>\n<li>Encourage worker involvement in projects.<\/li>\n<li>Evaluate the degree of worker satisfaction. Increase it.<\/li>\n<li>Ensure the stability of the workforce and the retention of &#8220;talents&#8221;.<\/li>\n<li>Include CSR in employee training.<\/li>\n<li>Develop a system to encourage worker participation with suggestions.<\/li>\n<\/ul>\n<p>[\/vc_column_text][\/vc_accordion_tab][vc_accordion_tab title=&#8221;Get involved with the community and the social fabric&#8221; title_tag=&#8221;h6&#8243;][vc_column_text]Tecnova as a Technology Center concerned with society, ensures the transfer of knowledge and technology. It is one of the priority axes of the center, to transfer the technology of the Almerian agricultural model through the implementation of a series of measures adapting to the agricultural and climatic conditions of the neighboring country.<\/p>\n<p>&nbsp;<\/p>\n<p>In this sense, Tecnova intends to strengthen relations between both countries, having the opportunity to work and contribute knowledge and value as benchmarks in technology transfer, innovation and training in agricultural technology.[\/vc_column_text][\/vc_accordion_tab][\/vc_accordion][\/vc_column][\/vc_row][vc_row css_animation=&#8221;&#8221; row_type=&#8221;row&#8221; use_row_as_full_screen_section=&#8221;no&#8221; type=&#8221;full_width&#8221; angled_section=&#8221;no&#8221; text_align=&#8221;left&#8221; background_image_as_pattern=&#8221;without_pattern&#8221;][vc_column][vc_empty_space height=&#8221;90px&#8221; el_class=&#8221;blk_spc&#8221;][\/vc_column][\/vc_row]<\/p>\n<\/div>","protected":false},"excerpt":{"rendered":"<p>[vc_row css_animation=&#8221;&#8221; row_type=&#8221;row&#8221; use_row_as_full_screen_section=&#8221;no&#8221; type=&#8221;grid&#8221; angled_section=&#8221;no&#8221; text_align=&#8221;left&#8221; background_image_as_pattern=&#8221;without_pattern&#8221; z_index=&#8221;&#8221; el_class=&#8221;reverse&#8221;][vc_column width=&#8221;1\/2&#8243;][vc_column_text] Tecnova is committed to society and environment Tecnova Foundation is committed to society and environment; therefore, it carries out a range of actions and commitments aimed at meeting some ethical principles and thus generating&#8230;<\/p>\n","protected":false},"author":1,"featured_media":0,"parent":0,"menu_order":0,"comment_status":"closed","ping_status":"closed","template":"","meta":{"content-type":"","footnotes":""},"class_list":["post-10652","page","type-page","status-publish","hentry"],"yoast_head":"<!-- This site is optimized with the Yoast SEO plugin v25.6 - https:\/\/yoast.com\/wordpress\/plugins\/seo\/ -->\n<title>(CSR) Corporate Social Responsibility &#187; Centro Tecnol\u00f3gico Tecnova<\/title>\n<meta name=\"robots\" content=\"index, follow, max-snippet:-1, max-image-preview:large, max-video-preview:-1\" \/>\n<link rel=\"canonical\" href=\"https:\/\/www.fundaciontecnova.com\/en\/csr-corporate-social-responsibility\/\" \/>\n<meta property=\"og:locale\" content=\"en_US\" \/>\n<meta property=\"og:type\" content=\"article\" \/>\n<meta property=\"og:title\" content=\"(CSR) Corporate Social Responsibility &#187; Centro Tecnol\u00f3gico Tecnova\" \/>\n<meta property=\"og:description\" content=\"[vc_row css_animation=&#8221;&#8221; row_type=&#8221;row&#8221; use_row_as_full_screen_section=&#8221;no&#8221; type=&#8221;grid&#8221; angled_section=&#8221;no&#8221; text_align=&#8221;left&#8221; background_image_as_pattern=&#8221;without_pattern&#8221; z_index=&#8221;&#8221; el_class=&#8221;reverse&#8221;][vc_column width=&#8221;1\/2&#8243;][vc_column_text] Tecnova is committed to society and environment Tecnova Foundation is committed to society and environment; therefore, it carries out a range of actions and commitments aimed at meeting some ethical principles and thus generating...\" \/>\n<meta property=\"og:url\" content=\"https:\/\/www.fundaciontecnova.com\/en\/csr-corporate-social-responsibility\/\" \/>\n<meta property=\"og:site_name\" content=\"Centro Tecnol\u00f3gico Tecnova\" \/>\n<meta property=\"article:modified_time\" content=\"2020-05-25T14:30:58+00:00\" \/>\n<meta name=\"twitter:card\" content=\"summary_large_image\" \/>\n<meta name=\"twitter:label1\" content=\"Est. reading time\" \/>\n\t<meta name=\"twitter:data1\" content=\"5 minutes\" \/>\n<script type=\"application\/ld+json\" class=\"yoast-schema-graph\">{\"@context\":\"https:\/\/schema.org\",\"@graph\":[{\"@type\":\"WebPage\",\"@id\":\"https:\/\/www.fundaciontecnova.com\/en\/csr-corporate-social-responsibility\/\",\"url\":\"https:\/\/www.fundaciontecnova.com\/en\/csr-corporate-social-responsibility\/\",\"name\":\"(CSR) Corporate Social Responsibility &#187; Centro Tecnol\u00f3gico Tecnova\",\"isPartOf\":{\"@id\":\"https:\/\/www.fundaciontecnova.com\/#website\"},\"datePublished\":\"2020-05-25T14:30:57+00:00\",\"dateModified\":\"2020-05-25T14:30:58+00:00\",\"breadcrumb\":{\"@id\":\"https:\/\/www.fundaciontecnova.com\/en\/csr-corporate-social-responsibility\/#breadcrumb\"},\"inLanguage\":\"en-US\",\"potentialAction\":[{\"@type\":\"ReadAction\",\"target\":[\"https:\/\/www.fundaciontecnova.com\/en\/csr-corporate-social-responsibility\/\"]}]},{\"@type\":\"BreadcrumbList\",\"@id\":\"https:\/\/www.fundaciontecnova.com\/en\/csr-corporate-social-responsibility\/#breadcrumb\",\"itemListElement\":[{\"@type\":\"ListItem\",\"position\":1,\"name\":\"Portada\",\"item\":\"https:\/\/www.fundaciontecnova.com\/en\/\"},{\"@type\":\"ListItem\",\"position\":2,\"name\":\"(CSR) Corporate Social Responsibility\"}]},{\"@type\":\"WebSite\",\"@id\":\"https:\/\/www.fundaciontecnova.com\/#website\",\"url\":\"https:\/\/www.fundaciontecnova.com\/\",\"name\":\"Centro Tecnol\u00f3gico Tecnova\",\"description\":\"Es el Centro Tecnol\u00f3gico de la Industria Auxiliar, Postcosecha y Envasado hortofrut\u00edcola. Trabaja en I+D+i, formaci\u00f3n, promoci\u00f3n e internacionalizaci\u00f3n\",\"publisher\":{\"@id\":\"https:\/\/www.fundaciontecnova.com\/#organization\"},\"potentialAction\":[{\"@type\":\"SearchAction\",\"target\":{\"@type\":\"EntryPoint\",\"urlTemplate\":\"https:\/\/www.fundaciontecnova.com\/?s={search_term_string}\"},\"query-input\":{\"@type\":\"PropertyValueSpecification\",\"valueRequired\":true,\"valueName\":\"search_term_string\"}}],\"inLanguage\":\"en-US\"},{\"@type\":\"Organization\",\"@id\":\"https:\/\/www.fundaciontecnova.com\/#organization\",\"name\":\"Fundaci\u00f3n Tecnova\",\"url\":\"https:\/\/www.fundaciontecnova.com\/\",\"logo\":{\"@type\":\"ImageObject\",\"inLanguage\":\"en-US\",\"@id\":\"https:\/\/www.fundaciontecnova.com\/#\/schema\/logo\/image\/\",\"url\":\"https:\/\/www.fundaciontecnova.com\/wp-content\/uploads\/2020\/04\/LOGO.png\",\"contentUrl\":\"https:\/\/www.fundaciontecnova.com\/wp-content\/uploads\/2020\/04\/LOGO.png\",\"width\":591,\"height\":299,\"caption\":\"Fundaci\u00f3n Tecnova\"},\"image\":{\"@id\":\"https:\/\/www.fundaciontecnova.com\/#\/schema\/logo\/image\/\"}}]}<\/script>\n<!-- \/ Yoast SEO plugin. -->","yoast_head_json":{"title":"(CSR) Corporate Social Responsibility &#187; Centro Tecnol\u00f3gico Tecnova","robots":{"index":"index","follow":"follow","max-snippet":"max-snippet:-1","max-image-preview":"max-image-preview:large","max-video-preview":"max-video-preview:-1"},"canonical":"https:\/\/www.fundaciontecnova.com\/en\/csr-corporate-social-responsibility\/","og_locale":"en_US","og_type":"article","og_title":"(CSR) Corporate Social Responsibility &#187; Centro Tecnol\u00f3gico Tecnova","og_description":"[vc_row css_animation=&#8221;&#8221; row_type=&#8221;row&#8221; use_row_as_full_screen_section=&#8221;no&#8221; type=&#8221;grid&#8221; angled_section=&#8221;no&#8221; text_align=&#8221;left&#8221; background_image_as_pattern=&#8221;without_pattern&#8221; z_index=&#8221;&#8221; el_class=&#8221;reverse&#8221;][vc_column width=&#8221;1\/2&#8243;][vc_column_text] Tecnova is committed to society and environment Tecnova Foundation is committed to society and environment; therefore, it carries out a range of actions and commitments aimed at meeting some ethical principles and thus generating...","og_url":"https:\/\/www.fundaciontecnova.com\/en\/csr-corporate-social-responsibility\/","og_site_name":"Centro Tecnol\u00f3gico Tecnova","article_modified_time":"2020-05-25T14:30:58+00:00","twitter_card":"summary_large_image","twitter_misc":{"Est. reading time":"5 minutes"},"schema":{"@context":"https:\/\/schema.org","@graph":[{"@type":"WebPage","@id":"https:\/\/www.fundaciontecnova.com\/en\/csr-corporate-social-responsibility\/","url":"https:\/\/www.fundaciontecnova.com\/en\/csr-corporate-social-responsibility\/","name":"(CSR) Corporate Social Responsibility &#187; Centro Tecnol\u00f3gico Tecnova","isPartOf":{"@id":"https:\/\/www.fundaciontecnova.com\/#website"},"datePublished":"2020-05-25T14:30:57+00:00","dateModified":"2020-05-25T14:30:58+00:00","breadcrumb":{"@id":"https:\/\/www.fundaciontecnova.com\/en\/csr-corporate-social-responsibility\/#breadcrumb"},"inLanguage":"en-US","potentialAction":[{"@type":"ReadAction","target":["https:\/\/www.fundaciontecnova.com\/en\/csr-corporate-social-responsibility\/"]}]},{"@type":"BreadcrumbList","@id":"https:\/\/www.fundaciontecnova.com\/en\/csr-corporate-social-responsibility\/#breadcrumb","itemListElement":[{"@type":"ListItem","position":1,"name":"Portada","item":"https:\/\/www.fundaciontecnova.com\/en\/"},{"@type":"ListItem","position":2,"name":"(CSR) Corporate Social Responsibility"}]},{"@type":"WebSite","@id":"https:\/\/www.fundaciontecnova.com\/#website","url":"https:\/\/www.fundaciontecnova.com\/","name":"Centro Tecnol\u00f3gico Tecnova","description":"Es el Centro Tecnol\u00f3gico de la Industria Auxiliar, Postcosecha y Envasado hortofrut\u00edcola. Trabaja en I+D+i, formaci\u00f3n, promoci\u00f3n e internacionalizaci\u00f3n","publisher":{"@id":"https:\/\/www.fundaciontecnova.com\/#organization"},"potentialAction":[{"@type":"SearchAction","target":{"@type":"EntryPoint","urlTemplate":"https:\/\/www.fundaciontecnova.com\/?s={search_term_string}"},"query-input":{"@type":"PropertyValueSpecification","valueRequired":true,"valueName":"search_term_string"}}],"inLanguage":"en-US"},{"@type":"Organization","@id":"https:\/\/www.fundaciontecnova.com\/#organization","name":"Fundaci\u00f3n Tecnova","url":"https:\/\/www.fundaciontecnova.com\/","logo":{"@type":"ImageObject","inLanguage":"en-US","@id":"https:\/\/www.fundaciontecnova.com\/#\/schema\/logo\/image\/","url":"https:\/\/www.fundaciontecnova.com\/wp-content\/uploads\/2020\/04\/LOGO.png","contentUrl":"https:\/\/www.fundaciontecnova.com\/wp-content\/uploads\/2020\/04\/LOGO.png","width":591,"height":299,"caption":"Fundaci\u00f3n Tecnova"},"image":{"@id":"https:\/\/www.fundaciontecnova.com\/#\/schema\/logo\/image\/"}}]}},"_links":{"self":[{"href":"https:\/\/www.fundaciontecnova.com\/en\/wp-json\/wp\/v2\/pages\/10652","targetHints":{"allow":["GET"]}}],"collection":[{"href":"https:\/\/www.fundaciontecnova.com\/en\/wp-json\/wp\/v2\/pages"}],"about":[{"href":"https:\/\/www.fundaciontecnova.com\/en\/wp-json\/wp\/v2\/types\/page"}],"author":[{"embeddable":true,"href":"https:\/\/www.fundaciontecnova.com\/en\/wp-json\/wp\/v2\/users\/1"}],"replies":[{"embeddable":true,"href":"https:\/\/www.fundaciontecnova.com\/en\/wp-json\/wp\/v2\/comments?post=10652"}],"version-history":[{"count":1,"href":"https:\/\/www.fundaciontecnova.com\/en\/wp-json\/wp\/v2\/pages\/10652\/revisions"}],"predecessor-version":[{"id":10653,"href":"https:\/\/www.fundaciontecnova.com\/en\/wp-json\/wp\/v2\/pages\/10652\/revisions\/10653"}],"wp:attachment":[{"href":"https:\/\/www.fundaciontecnova.com\/en\/wp-json\/wp\/v2\/media?parent=10652"}],"curies":[{"name":"wp","href":"https:\/\/api.w.org\/{rel}","templated":true}]}}