{"id":10398,"date":"2020-05-22T06:06:02","date_gmt":"2020-05-22T05:06:02","guid":{"rendered":"http:\/\/www.fundaciontecnova.com\/?page_id=10398"},"modified":"2020-05-25T05:51:46","modified_gmt":"2020-05-25T04:51:46","slug":"facilities","status":"publish","type":"page","link":"https:\/\/www.fundaciontecnova.com\/en\/facilities\/","title":{"rendered":"Facilities"},"content":{"rendered":"<div class=\"wpb-content-wrapper\"><p>[vc_row css_animation=&#8221;&#8221; row_type=&#8221;row&#8221; use_row_as_full_screen_section=&#8221;no&#8221; type=&#8221;grid&#8221; angled_section=&#8221;no&#8221; text_align=&#8221;left&#8221; background_image_as_pattern=&#8221;without_pattern&#8221; z_index=&#8221;&#8221; el_class=&#8221;reverse&#8221;][vc_column width=&#8221;1\/2&#8243;][vc_column_text]Tecnova Technology Centre represents a great opportunity for addressing the current challenges of intensive agriculture by means of development, evolution, knowledge generation and optimisation of greenhouse intensive farming techniques.<\/p>\n<p>&nbsp;<\/p>\n<p>Its main office is located in PITA (Almeria Science and Technology Park). It has more than 3.500 m2 of facilities distributed in: two pilot plants (4th range products and agri-food robotics), growing chambers for pre- and post-harvest, and laboratories of plastic film, food and shelf-life analysis, biotechnology and molecular biology.<\/p>\n<p>&nbsp;<\/p>\n<p>The experimental centre has a surface area of 12.000 m2 available to carry out experimental trials, as well as to design and validate new products for agriculture. It has different types of greenhouse structures, growing chambers, portable cages and greenhouses, high-productivity areas, results transfer, product classification and agriculture waste management.[\/vc_column_text][vc_empty_space height=&#8221;40px&#8221; el_class=&#8221;blk_spc little&#8221;][\/vc_column][vc_column width=&#8221;1\/2&#8243;][vc_single_image image=&#8221;9358&#8243; img_size=&#8221;large&#8221; alignment=&#8221;center&#8221; qode_css_animation=&#8221;element_from_right&#8221;][vc_empty_space height=&#8221;50px&#8221;][\/vc_column][\/vc_row][vc_row css_animation=&#8221;&#8221; row_type=&#8221;row&#8221; use_row_as_full_screen_section=&#8221;no&#8221; type=&#8221;full_width&#8221; angled_section=&#8221;no&#8221; text_align=&#8221;left&#8221; background_image_as_pattern=&#8221;without_pattern&#8221;][vc_column][vc_empty_space height=&#8221;50px&#8221; el_class=&#8221;blk_spc&#8221;][\/vc_column][\/vc_row][vc_row css_animation=&#8221;&#8221; row_type=&#8221;row&#8221; use_row_as_full_screen_section=&#8221;no&#8221; type=&#8221;full_width&#8221; angled_section=&#8221;no&#8221; text_align=&#8221;left&#8221; background_image_as_pattern=&#8221;without_pattern&#8221;][vc_column]<span class=\"separator_with_icon\" style='color:#2d3964;'><i class=\"fa fa-building\"><\/i><\/span>[\/vc_column][\/vc_row][vc_row css_animation=&#8221;&#8221; row_type=&#8221;row&#8221; use_row_as_full_screen_section=&#8221;no&#8221; type=&#8221;full_width&#8221; angled_section=&#8221;no&#8221; text_align=&#8221;left&#8221; background_image_as_pattern=&#8221;without_pattern&#8221;][vc_column][vc_empty_space height=&#8221;90px&#8221;][\/vc_column][\/vc_row][vc_row css_animation=&#8221;&#8221; row_type=&#8221;row&#8221; use_row_as_full_screen_section=&#8221;no&#8221; type=&#8221;grid&#8221; angled_section=&#8221;no&#8221; text_align=&#8221;left&#8221; background_image_as_pattern=&#8221;without_pattern&#8221; z_index=&#8221;&#8221;][vc_column width=&#8221;1\/2&#8243;][vc_column_text]<\/p>\n<h2>Head office<\/h2>\n<p>[\/vc_column_text][vc_empty_space height=&#8221;50px&#8221;][vc_single_image image=&#8221;9359&#8243; img_size=&#8221;large&#8221; alignment=&#8221;center&#8221; qode_css_animation=&#8221;element_from_left&#8221;][vc_empty_space height=&#8221;50px&#8221;][vc_column_text]Tecnova Technology Center has a head office located in Almeria Science and Technology Park (PITA). It has 3,600 m\u00b2 dedicated to R&amp;D&amp;I, including:<\/p>\n<p>&nbsp;<\/p>\n<p>2 pilot plants:<\/p>\n<ul>\n<li>Robotics pilot plant<\/li>\n<li>4th range product pilot plant<\/li>\n<\/ul>\n<p>&nbsp;<\/p>\n<p>6 laboratories:<\/p>\n<ul>\n<li>Plastic<\/li>\n<li>Sensory analysis<\/li>\n<li>Microbiology and physico-chemical<\/li>\n<li>Postharvest and food analysis<\/li>\n<li>Growing chambers and entomology<\/li>\n<li>Gastronomic innovation<\/li>\n<li>Transfer and training rooms<\/li>\n<\/ul>\n<p>[\/vc_column_text][vc_empty_space height=&#8221;50px&#8221;][vc_accordion active_tab=&#8221;false&#8221; collapsible=&#8221;yes&#8221; style=&#8221;accordion&#8221;][vc_accordion_tab title=&#8221;Plastic laboratory&#8221; title_tag=&#8221;h6&#8243;][vc_column_text]Tecnova has a plastic analysis laboratory for analysing and evaluating degradation, durability and resistance of plastic, its composition and transmissibility, among others.<\/p>\n<p>&nbsp;<\/p>\n<p>It is the only plastic laboratory in Andalusia accredited by the Spanish Committee of plastics for agriculture &#8211; CEPLA, and is fully equipped to offer services for analysis of greenhouse covering plastic film and thermoplastic films for agriculture use according to UNE (Spanish Association for Standardisation) regulations. -EN 13206 and 13655 respectively.[\/vc_column_text][\/vc_accordion_tab][vc_accordion_tab title=&#8221;Sensory analysis laboratory&#8221; title_tag=&#8221;h6&#8243;][vc_column_text]It allows to determine the sensory and organoleptic properties of food product, varieties of fruits and vegetables&#8230; or to know the most appropriate formulation meeting consumers\u2019 demand, so that the different products achieve success in the market.<\/p>\n<p>&nbsp;<\/p>\n<p>Sensory analysis is a crucial integral part for determination of food quality.<\/p>\n<p>&nbsp;<\/p>\n<ul>\n<li>Expert Panel.<\/li>\n<li>Consumer panel.<\/li>\n<li>Focus group of experts and non-experts.<\/li>\n<li>Sensory profile (texture, flavour, etc.).<\/li>\n<li>Advice to companies.<\/li>\n<\/ul>\n<p>[\/vc_column_text][\/vc_accordion_tab][vc_accordion_tab title=&#8221;Microbiology and physical-chemical laboratory&#8221; title_tag=&#8221;h6&#8243;][vc_column_text]Laboratory aimed at determination of altering microorganisms and pathogens in food (Salmonella, E. coli, Listeria, etc.), soil, water and fertilisers. The laboratory is conveniently equipped to be able to work using the classical microbiology techniques as well as the molecular analysis tools based on DNA analysis.<\/p>\n<p>&nbsp;<\/p>\n<p>The physico-chemical laboratories provide our clients with the possibility of performing different types of soil, water and fruit analysis by using the most modern techniques such as gas chromatography, liquid chromatography and Plasma Spectroscopy (ICP-OES).[\/vc_column_text][\/vc_accordion_tab][vc_accordion_tab title=&#8221;Post-harvest laboratory and food analysis&#8221; title_tag=&#8221;h6&#8243;][vc_column_text]The laboratory is equipped to evaluate the post-harvest shelf-life of new fruit and vegetable varieties, as well as new techniques and preservation treatments.<\/p>\n<p>&nbsp;<\/p>\n<p>In addition, it has a calorimeter to determine food energy value, and different equipment for analysing nutritional parameters of the labelling.[\/vc_column_text][\/vc_accordion_tab][vc_accordion_tab title=&#8221;Laboratory of growing and entomology chambers&#8221; title_tag=&#8221;h6&#8243;][vc_column_text]Growing chambers for performance of efficacy tests in Petri dishes and in pots.<\/p>\n<p>&nbsp;<\/p>\n<p>Entomology laboratory for evaluation of new auxiliary insects under microcosm conditions, and their interaction with insect pests and with new products developed for agriculture use.[\/vc_column_text][\/vc_accordion_tab][vc_accordion_tab title=&#8221;Gastronomic innovation laboratory&#8221; title_tag=&#8221;h6&#8243;][vc_column_text]<\/p>\n<ul>\n<li>Nutritional optimisation.<\/li>\n<li>Healthy food.<\/li>\n<li>Gastronomic meetings and days.<\/li>\n<li>Presentations of new products.<\/li>\n<li>Show cooking.<\/li>\n<li>Valorization of fruit and vegetable products.<\/li>\n<li>4th range product development.<\/li>\n<\/ul>\n<p>[\/vc_column_text][\/vc_accordion_tab][vc_accordion_tab title=&#8221;Transfer and training rooms&#8221; title_tag=&#8221;h6&#8243;][vc_column_text]<\/p>\n<ul class=\"indent\">\n<li>Organisation of conferences, seminars and workshops with successful companies and gurus.<\/li>\n<li>Training on agriculture technology, post-harvest and packaging at the international and national level.<\/li>\n<\/ul>\n<p>[\/vc_column_text][\/vc_accordion_tab][\/vc_accordion][vc_empty_space height=&#8221;50px&#8221;][\/vc_column][vc_column width=&#8221;1\/2&#8243;][vc_column_text]<\/p>\n<h2>Experimental centre<\/h2>\n<p>[\/vc_column_text][vc_empty_space height=&#8221;50px&#8221;][vc_single_image image=&#8221;9360&#8243; img_size=&#8221;large&#8221; alignment=&#8221;center&#8221; qode_css_animation=&#8221;element_from_right&#8221;][vc_empty_space height=&#8221;50px&#8221;][vc_column_text]The Experimental Center for technology and agronomic trials is located just 10 minutes from the main headquarters, in the municipality of Viator.<\/p>\n<p>&nbsp;<\/p>\n<p>This agronomic research center has 12 hectares of facilities among which: 14 different types of greenhouse infrastructures, an office building and training and transfer rooms, 3 reservoirs for irrigation and 6 irrigation booths.<\/p>\n<p>&nbsp;<\/p>\n<p>It is one of the most advanced of its kind and was opened in 2014.<\/p>\n<p>&nbsp;<\/p>\n<p>Located in the municipality of Viator (Almer\u00eda), the Center offers to the business sector an area for research, development and validation of technology of the Agriculture Auxiliary Industry and Services.<\/p>\n<p>&nbsp;<\/p>\n<p>This Center was created thanks to the collaboration of entrepreneurs and the support of the Viator Town Council and the Andalusian Regional Government, with the aim of becoming the technology showcase for companies and a benchmark in sustainable agricultural crops from the energy and environmental point of view.<\/p>\n<p>&nbsp;<\/p>\n<p>It consists of 12 hectares of land, 6 of them being currently built and other 6 under construction.[\/vc_column_text][vc_empty_space height=&#8221;50px&#8221;][vc_column_text]Thanks to these facilities, the following services can be offered:[\/vc_column_text][vc_empty_space height=&#8221;50px&#8221;][vc_accordion active_tab=&#8221;false&#8221; collapsible=&#8221;yes&#8221; style=&#8221;accordion&#8221;][vc_accordion_tab title=&#8221;Agronomic services and trials &#8221; title_tag=&#8221;h6&#8243;][vc_column_text]Development of new cultivation techniques.<br \/>\nBiological control efficiency tests on crops.<br \/>\nEfficacy evaluation of zero waste new products.<br \/>\nDevelopment and evaluation of new substrates and sustainable growing media.<br \/>\nDevelopment of new varieties and crops.<br \/>\nAlternative agriculture production: integrated, organic production&#8230;<br \/>\nEvaluation of side effects on auxiliary fauna (phytosanitary products, plant varieties, etc.).[\/vc_column_text][\/vc_accordion_tab][vc_accordion_tab title=&#8221;Evaluation and study of new technology&#8221; title_tag=&#8221;h6&#8243;][vc_column_text]Verification of greenhouse structures on cultivation.<br \/>\nIntegration of renewable energy in intensive agriculture.<br \/>\nAgriculture waste recovery study.<br \/>\nEnergy efficiency in greenhouses.<br \/>\nAnalysis of greenhouse covering shelf-life.<br \/>\nThe Center has the following infrastructures:<\/p>\n<p>&nbsp;<\/p>\n<ul class=\"indent\">\n<li>Office building, training areas and field laboratory.<\/li>\n<li>\u201cRaspa y Amagado\u201d (Almeria style greenhouse with a gable roof) greenhouse of 1,600 m\u00b2 with sanded soil.<\/li>\n<li>\u201cRaspa and amagado\u201d greenhouse of 4,896 m\u00b2 with sanded soil, calculated according to AENOR (Spanish Association of Normalisation and Certification) standards.<\/li>\n<li>Inside the Greenhouse Raspa and amagado calculated according to AENOR regulations of 4,896 m\u00b2 with sanded soil.<\/li>\n<li>4,860 m\u00b2 Multitunnel Greenhouse with hydroponic soil.<\/li>\n<li>4,860 m\u00b2 Multitunnel Greenhouse\u2019s interior, with hydroponic soil.<\/li>\n<li>400 m\u00b2 Gothic greenhouse with hydroponic soil.<\/li>\n<li>1,344 m\u00b2 Gothic greenhouse loaned by the company Gogarsa with pure hydroponics &#8211; NGS System<\/li>\n<li>1,344 m\u00b2 Gothic Greenhouse\u2019s interior, donated by the Gogarsa company with pure hydroponics &#8211; NGS System<\/li>\n<li>Tecnova\u2019s multispan type own prototype, so-called SOLNOVA, of 2,415 m\u00b2 (raised hydroponic with channels).<\/li>\n<li>2 TWIN Multitunnel Greenhouses, of 420 m\u00b2 each, with sanded soil.<\/li>\n<li>2 TWIN Multitunnel Greenhouses, of 320 m\u00b2 each, with sanded soil.<\/li>\n<li>2 TWIN \u201cRaspa and amagado\u201d Greenhouses, of 480 m\u00b2 each, with sanded soil.<\/li>\n<li>380 m\u00b2 Multitunnel Greenhouse with aquaponics system combined with NGS System<\/li>\n<li>2,016 m\u00b2 Gothic Multitunnel Greenhouse Prototype, HUMIDEX project.<\/li>\n<li>6 irrigation booths and 3 reservoirs for irrigation, rainwater and drains.<\/li>\n<li>1,500 m\u00b2 technology exhibition area.<\/li>\n<li>Agriculture waste management and treatment area.<\/li>\n<\/ul>\n<p>[\/vc_column_text][\/vc_accordion_tab][\/vc_accordion][\/vc_column][\/vc_row][vc_row css_animation=&#8221;&#8221; row_type=&#8221;row&#8221; use_row_as_full_screen_section=&#8221;no&#8221; type=&#8221;full_width&#8221; angled_section=&#8221;no&#8221; text_align=&#8221;left&#8221; background_image_as_pattern=&#8221;without_pattern&#8221;][vc_column][vc_empty_space height=&#8221;40px&#8221; el_class=&#8221;blk_spc&#8221;][\/vc_column][\/vc_row]<\/p>\n<\/div>","protected":false},"excerpt":{"rendered":"<p>[vc_row css_animation=&#8221;&#8221; row_type=&#8221;row&#8221; use_row_as_full_screen_section=&#8221;no&#8221; type=&#8221;grid&#8221; angled_section=&#8221;no&#8221; text_align=&#8221;left&#8221; background_image_as_pattern=&#8221;without_pattern&#8221; z_index=&#8221;&#8221; el_class=&#8221;reverse&#8221;][vc_column width=&#8221;1\/2&#8243;][vc_column_text]Tecnova Technology Centre represents a great opportunity for addressing the current challenges of intensive agriculture by means of development, evolution, knowledge generation and optimisation of greenhouse intensive farming techniques. &nbsp; Its main office is located&#8230;<\/p>\n","protected":false},"author":1,"featured_media":0,"parent":0,"menu_order":0,"comment_status":"closed","ping_status":"closed","template":"","meta":{"content-type":"","footnotes":""},"class_list":["post-10398","page","type-page","status-publish","hentry"],"yoast_head":"<!-- This site is optimized with the Yoast SEO plugin v25.6 - https:\/\/yoast.com\/wordpress\/plugins\/seo\/ -->\n<title>Facilities &#187; Centro Tecnol\u00f3gico Tecnova<\/title>\n<meta name=\"robots\" content=\"index, follow, max-snippet:-1, max-image-preview:large, max-video-preview:-1\" \/>\n<link rel=\"canonical\" href=\"https:\/\/www.fundaciontecnova.com\/en\/facilities\/\" \/>\n<meta property=\"og:locale\" content=\"en_US\" \/>\n<meta property=\"og:type\" content=\"article\" \/>\n<meta property=\"og:title\" content=\"Facilities &#187; Centro Tecnol\u00f3gico Tecnova\" \/>\n<meta property=\"og:description\" content=\"[vc_row css_animation=&#8221;&#8221; row_type=&#8221;row&#8221; use_row_as_full_screen_section=&#8221;no&#8221; type=&#8221;grid&#8221; angled_section=&#8221;no&#8221; text_align=&#8221;left&#8221; background_image_as_pattern=&#8221;without_pattern&#8221; z_index=&#8221;&#8221; el_class=&#8221;reverse&#8221;][vc_column width=&#8221;1\/2&#8243;][vc_column_text]Tecnova Technology Centre represents a great opportunity for addressing the current challenges of intensive agriculture by means of development, evolution, knowledge generation and optimisation of greenhouse intensive farming techniques. &nbsp; Its main office is located...\" \/>\n<meta property=\"og:url\" content=\"https:\/\/www.fundaciontecnova.com\/en\/facilities\/\" \/>\n<meta property=\"og:site_name\" content=\"Centro Tecnol\u00f3gico Tecnova\" \/>\n<meta property=\"article:modified_time\" content=\"2020-05-25T04:51:46+00:00\" \/>\n<meta name=\"twitter:card\" content=\"summary_large_image\" \/>\n<meta name=\"twitter:label1\" content=\"Est. reading time\" \/>\n\t<meta name=\"twitter:data1\" content=\"8 minutes\" \/>\n<script type=\"application\/ld+json\" class=\"yoast-schema-graph\">{\"@context\":\"https:\/\/schema.org\",\"@graph\":[{\"@type\":\"WebPage\",\"@id\":\"https:\/\/www.fundaciontecnova.com\/en\/facilities\/\",\"url\":\"https:\/\/www.fundaciontecnova.com\/en\/facilities\/\",\"name\":\"Facilities &#187; Centro Tecnol\u00f3gico Tecnova\",\"isPartOf\":{\"@id\":\"https:\/\/www.fundaciontecnova.com\/#website\"},\"datePublished\":\"2020-05-22T05:06:02+00:00\",\"dateModified\":\"2020-05-25T04:51:46+00:00\",\"breadcrumb\":{\"@id\":\"https:\/\/www.fundaciontecnova.com\/en\/facilities\/#breadcrumb\"},\"inLanguage\":\"en-US\",\"potentialAction\":[{\"@type\":\"ReadAction\",\"target\":[\"https:\/\/www.fundaciontecnova.com\/en\/facilities\/\"]}]},{\"@type\":\"BreadcrumbList\",\"@id\":\"https:\/\/www.fundaciontecnova.com\/en\/facilities\/#breadcrumb\",\"itemListElement\":[{\"@type\":\"ListItem\",\"position\":1,\"name\":\"Portada\",\"item\":\"https:\/\/www.fundaciontecnova.com\/en\/\"},{\"@type\":\"ListItem\",\"position\":2,\"name\":\"Facilities\"}]},{\"@type\":\"WebSite\",\"@id\":\"https:\/\/www.fundaciontecnova.com\/#website\",\"url\":\"https:\/\/www.fundaciontecnova.com\/\",\"name\":\"Centro Tecnol\u00f3gico Tecnova\",\"description\":\"Es el Centro Tecnol\u00f3gico de la Industria Auxiliar, Postcosecha y Envasado hortofrut\u00edcola. Trabaja en I+D+i, formaci\u00f3n, promoci\u00f3n e internacionalizaci\u00f3n\",\"publisher\":{\"@id\":\"https:\/\/www.fundaciontecnova.com\/#organization\"},\"potentialAction\":[{\"@type\":\"SearchAction\",\"target\":{\"@type\":\"EntryPoint\",\"urlTemplate\":\"https:\/\/www.fundaciontecnova.com\/?s={search_term_string}\"},\"query-input\":{\"@type\":\"PropertyValueSpecification\",\"valueRequired\":true,\"valueName\":\"search_term_string\"}}],\"inLanguage\":\"en-US\"},{\"@type\":\"Organization\",\"@id\":\"https:\/\/www.fundaciontecnova.com\/#organization\",\"name\":\"Fundaci\u00f3n Tecnova\",\"url\":\"https:\/\/www.fundaciontecnova.com\/\",\"logo\":{\"@type\":\"ImageObject\",\"inLanguage\":\"en-US\",\"@id\":\"https:\/\/www.fundaciontecnova.com\/#\/schema\/logo\/image\/\",\"url\":\"https:\/\/www.fundaciontecnova.com\/wp-content\/uploads\/2020\/04\/LOGO.png\",\"contentUrl\":\"https:\/\/www.fundaciontecnova.com\/wp-content\/uploads\/2020\/04\/LOGO.png\",\"width\":591,\"height\":299,\"caption\":\"Fundaci\u00f3n Tecnova\"},\"image\":{\"@id\":\"https:\/\/www.fundaciontecnova.com\/#\/schema\/logo\/image\/\"}}]}<\/script>\n<!-- \/ Yoast SEO plugin. -->","yoast_head_json":{"title":"Facilities &#187; Centro Tecnol\u00f3gico Tecnova","robots":{"index":"index","follow":"follow","max-snippet":"max-snippet:-1","max-image-preview":"max-image-preview:large","max-video-preview":"max-video-preview:-1"},"canonical":"https:\/\/www.fundaciontecnova.com\/en\/facilities\/","og_locale":"en_US","og_type":"article","og_title":"Facilities &#187; Centro Tecnol\u00f3gico Tecnova","og_description":"[vc_row css_animation=&#8221;&#8221; row_type=&#8221;row&#8221; use_row_as_full_screen_section=&#8221;no&#8221; type=&#8221;grid&#8221; angled_section=&#8221;no&#8221; text_align=&#8221;left&#8221; background_image_as_pattern=&#8221;without_pattern&#8221; z_index=&#8221;&#8221; el_class=&#8221;reverse&#8221;][vc_column width=&#8221;1\/2&#8243;][vc_column_text]Tecnova Technology Centre represents a great opportunity for addressing the current challenges of intensive agriculture by means of development, evolution, knowledge generation and optimisation of greenhouse intensive farming techniques. &nbsp; Its main office is located...","og_url":"https:\/\/www.fundaciontecnova.com\/en\/facilities\/","og_site_name":"Centro Tecnol\u00f3gico Tecnova","article_modified_time":"2020-05-25T04:51:46+00:00","twitter_card":"summary_large_image","twitter_misc":{"Est. reading time":"8 minutes"},"schema":{"@context":"https:\/\/schema.org","@graph":[{"@type":"WebPage","@id":"https:\/\/www.fundaciontecnova.com\/en\/facilities\/","url":"https:\/\/www.fundaciontecnova.com\/en\/facilities\/","name":"Facilities &#187; Centro Tecnol\u00f3gico Tecnova","isPartOf":{"@id":"https:\/\/www.fundaciontecnova.com\/#website"},"datePublished":"2020-05-22T05:06:02+00:00","dateModified":"2020-05-25T04:51:46+00:00","breadcrumb":{"@id":"https:\/\/www.fundaciontecnova.com\/en\/facilities\/#breadcrumb"},"inLanguage":"en-US","potentialAction":[{"@type":"ReadAction","target":["https:\/\/www.fundaciontecnova.com\/en\/facilities\/"]}]},{"@type":"BreadcrumbList","@id":"https:\/\/www.fundaciontecnova.com\/en\/facilities\/#breadcrumb","itemListElement":[{"@type":"ListItem","position":1,"name":"Portada","item":"https:\/\/www.fundaciontecnova.com\/en\/"},{"@type":"ListItem","position":2,"name":"Facilities"}]},{"@type":"WebSite","@id":"https:\/\/www.fundaciontecnova.com\/#website","url":"https:\/\/www.fundaciontecnova.com\/","name":"Centro Tecnol\u00f3gico Tecnova","description":"Es el Centro Tecnol\u00f3gico de la Industria Auxiliar, Postcosecha y Envasado hortofrut\u00edcola. Trabaja en I+D+i, formaci\u00f3n, promoci\u00f3n e internacionalizaci\u00f3n","publisher":{"@id":"https:\/\/www.fundaciontecnova.com\/#organization"},"potentialAction":[{"@type":"SearchAction","target":{"@type":"EntryPoint","urlTemplate":"https:\/\/www.fundaciontecnova.com\/?s={search_term_string}"},"query-input":{"@type":"PropertyValueSpecification","valueRequired":true,"valueName":"search_term_string"}}],"inLanguage":"en-US"},{"@type":"Organization","@id":"https:\/\/www.fundaciontecnova.com\/#organization","name":"Fundaci\u00f3n Tecnova","url":"https:\/\/www.fundaciontecnova.com\/","logo":{"@type":"ImageObject","inLanguage":"en-US","@id":"https:\/\/www.fundaciontecnova.com\/#\/schema\/logo\/image\/","url":"https:\/\/www.fundaciontecnova.com\/wp-content\/uploads\/2020\/04\/LOGO.png","contentUrl":"https:\/\/www.fundaciontecnova.com\/wp-content\/uploads\/2020\/04\/LOGO.png","width":591,"height":299,"caption":"Fundaci\u00f3n Tecnova"},"image":{"@id":"https:\/\/www.fundaciontecnova.com\/#\/schema\/logo\/image\/"}}]}},"_links":{"self":[{"href":"https:\/\/www.fundaciontecnova.com\/en\/wp-json\/wp\/v2\/pages\/10398","targetHints":{"allow":["GET"]}}],"collection":[{"href":"https:\/\/www.fundaciontecnova.com\/en\/wp-json\/wp\/v2\/pages"}],"about":[{"href":"https:\/\/www.fundaciontecnova.com\/en\/wp-json\/wp\/v2\/types\/page"}],"author":[{"embeddable":true,"href":"https:\/\/www.fundaciontecnova.com\/en\/wp-json\/wp\/v2\/users\/1"}],"replies":[{"embeddable":true,"href":"https:\/\/www.fundaciontecnova.com\/en\/wp-json\/wp\/v2\/comments?post=10398"}],"version-history":[{"count":3,"href":"https:\/\/www.fundaciontecnova.com\/en\/wp-json\/wp\/v2\/pages\/10398\/revisions"}],"predecessor-version":[{"id":10644,"href":"https:\/\/www.fundaciontecnova.com\/en\/wp-json\/wp\/v2\/pages\/10398\/revisions\/10644"}],"wp:attachment":[{"href":"https:\/\/www.fundaciontecnova.com\/en\/wp-json\/wp\/v2\/media?parent=10398"}],"curies":[{"name":"wp","href":"https:\/\/api.w.org\/{rel}","templated":true}]}}